{"id":1198,"date":"2026-02-20T13:26:35","date_gmt":"2026-02-20T13:26:35","guid":{"rendered":"https:\/\/microweave-tex.eu\/educators-hub\/"},"modified":"2026-04-07T14:36:15","modified_gmt":"2026-04-07T14:36:15","slug":"educators-hub","status":"publish","type":"page","link":"https:\/\/microweave-tex.eu\/es\/educators-hub\/","title":{"rendered":"Educators&#8217; Hub"},"content":{"rendered":"<!--themify_builder_content-->\n<div id=\"themify_builder_content-1198\" data-postid=\"1198\" class=\"themify_builder_content themify_builder_content-1198 themify_builder tf_clear\">\n                    <div  data-css_id=\"0um3915\" data-lazy=\"1\" class=\"module_row themify_builder_row fullwidth tb_0um3915 tb_first tf_w\">\n                        <div class=\"row_inner col_align_top tb_col_count_1 tf_box tf_rel\">\n                        <div  data-lazy=\"1\" class=\"module_column tb-column col-full tb_j62m915 first\">\n                    <!-- module fancy heading -->\n<div  class=\"module module-fancy-heading tb_n1q7915  tb_hide_divider\" data-lazy=\"1\">\n        <h3 class=\"fancy-heading\">\n    <span class=\"main-head tf_block\">\n                    Rinc\u00f3n del Educador            <\/span>\n\n    \n    <span class=\"sub-head tf_block tf_rel\">\n                                <\/span>\n    <\/h3>\n<\/div>\n<!-- \/module fancy heading -->\n        <\/div>\n                        <\/div>\n        <\/div>\n                        <div  data-css_id=\"45i8915\" data-lazy=\"1\" class=\"module_row themify_builder_row fullwidth tb_45i8915 tf_w\">\n                        <div class=\"row_inner col_align_top tb_col_count_1 tf_box tf_rel\">\n                        <div  data-lazy=\"1\" class=\"module_column tb-column col-full tb_wf6m915 first\">\n                    <!-- module text -->\n<div  class=\"module module-text tb_6sln915   \" data-lazy=\"1\">\n        <div  class=\"tb_text_wrap\">\n        <h3><span style=\"color: #999999;\">Un programa de formaci\u00f3n modular<\/span> <span style=\"color: #0079b2;\">dise\u00f1ado para ayudar al profesorado de educaci\u00f3n superior a integrar la educaci\u00f3n sobre sostenibilidad y micropl\u00e1sticos<\/span><span style=\"color: #999999;\"> en sus planes de estudios.<\/span><\/h3>\n<p><span style=\"color: #000000;\">El Rinc\u00f3n del Educador tiene como objetivo mejorar la concienciaci\u00f3n sobre la sostenibilidad en el sector textil y promueve una educaci\u00f3n mejor y m\u00e1s accesible sobre el impacto medioambiental de la industria.<\/span><\/p>\n<p><span style=\"color: #000000;\">Ecuentra aqu\u00ed el informe detallado sobre el \u00abEstado del arte actual en el \u00e1mbito de la liberaci\u00f3n de micropl\u00e1sticos y microfibras sint\u00e9ticas de los productos textiles al agua\u00bb, con datos, casos pr\u00e1cticos, retos identificados y ejemplos de \u00e9xito basados en los \u00faltimos hallazgos cient\u00edficos.<\/span><\/p>\n<p><span style=\"color: #000000;\">El Rinc\u00f3n del Educador se asegura de que los contenidos elaborados cuenten con respaldo cient\u00edfico y est\u00e9n en consonancia con los avances actuales en el sector, mediante un informe detallado. El informe \u00abEstado del arte actual en el \u00e1mbito de la liberaci\u00f3n de micropl\u00e1sticos y microfibras sint\u00e9ticas de los productos textiles al agua\u00bb incluye datos, estudios de casos, retos y ejemplos de \u00e9xito, basados en los \u00faltimos hallazgos cient\u00edficos.Ecuentra aqu\u00ed el informe detallado sobre el \u00abEstado del arte actual en el \u00e1mbito de la liberaci\u00f3n de micropl\u00e1sticos y microfibras sint\u00e9ticas de los productos textiles al agua\u00bb, con datos, casos pr\u00e1cticos, retos identificados y ejemplos de \u00e9xito basados en los \u00faltimos hallazgos cient\u00edficos.<\/span><\/p>    <\/div>\n<\/div>\n<!-- \/module text -->        <\/div>\n                        <\/div>\n        <\/div>\n                        <div  data-css_id=\"pby6915\" data-lazy=\"1\" class=\"module_row themify_builder_row fullwidth tb_pby6915 tf_w\">\n                        <div class=\"row_inner col_align_top tb_col_count_1 tf_box tf_rel\">\n                        <div  data-lazy=\"1\" class=\"module_column tb-column col-full tb_obw8915 first\">\n                    <!-- module text -->\n<div  class=\"module module-text tb_opx9915   \" data-lazy=\"1\">\n        <div  class=\"tb_text_wrap\">\n        <p>El programa incluye:<\/p>    <\/div>\n<\/div>\n<!-- \/module text -->        <div  data-lazy=\"1\" class=\"module_subrow themify_builder_sub_row tf_w col_align_top tb_col_count_4 tb_jlsa915\">\n                <div  data-lazy=\"1\" class=\"module_column sub_column col4-1 tb_m13c915 first\">\n                            <div  data-lazy=\"1\" class=\"module_subrow themify_builder_sub_row tf_w col_align_top tb_col_count_2 tb_tkqo915\">\n                <div  data-lazy=\"1\" class=\"module_column sub_column col4-2 tb_a8k7915 first\">\n                    <!-- module image -->\n<div  class=\"module module-image tb_ngjf915 image-right   tf_mw\" data-lazy=\"1\">\n        <div class=\"image-wrap tf_rel tf_mw\">\n            <img loading=\"lazy\" decoding=\"async\" width=\"66\" height=\"104\" src=\"https:\/\/microweave-tex.eu\/wp-content\/uploads\/2026\/03\/Screenshot_110.png\" class=\"wp-post-image wp-image-941\" title=\"Screenshot_110\" alt=\"Screenshot_110\">    \n        <\/div>\n    <!-- \/image-wrap -->\n    \n        <\/div>\n<!-- \/module image -->        <\/div>\n                    <div  data-lazy=\"1\" class=\"module_column sub_column col4-2 tb_j0rh915 last\">\n                    <!-- module text -->\n<div  class=\"module module-text tb_wbtv915   \" data-lazy=\"1\">\n        <div  class=\"tb_text_wrap\">\n        <p>Materiales de Aprendizaje<\/p>    <\/div>\n<\/div>\n<!-- \/module text -->        <\/div>\n                    <\/div>\n                <\/div>\n                    <div  data-lazy=\"1\" class=\"module_column sub_column col4-1 tb_sumi915\">\n                            <div  data-lazy=\"1\" class=\"module_subrow themify_builder_sub_row tf_w col_align_top tb_col_count_2 tb_rhl3915\">\n                <div  data-lazy=\"1\" class=\"module_column sub_column col4-2 tb_vbv4915 first\">\n                    <!-- module image -->\n<div  class=\"module module-image tb_gg0c915 image-right   tf_mw\" data-lazy=\"1\">\n        <div class=\"image-wrap tf_rel tf_mw\">\n            <img loading=\"lazy\" decoding=\"async\" width=\"71\" height=\"104\" src=\"https:\/\/microweave-tex.eu\/wp-content\/uploads\/2026\/03\/Screenshot_111.png\" class=\"wp-post-image wp-image-944\" title=\"Screenshot_111\" alt=\"Screenshot_111\">    \n        <\/div>\n    <!-- \/image-wrap -->\n    \n        <\/div>\n<!-- \/module image -->        <\/div>\n                    <div  data-lazy=\"1\" class=\"module_column sub_column col4-2 tb_jp5v915 last\">\n                    <!-- module text -->\n<div  class=\"module module-text tb_voi1915   \" data-lazy=\"1\">\n        <div  class=\"tb_text_wrap\">\n        <p>Diccionario Multiling\u00fce<\/p>    <\/div>\n<\/div>\n<!-- \/module text -->        <\/div>\n                    <\/div>\n                <\/div>\n                    <div  data-lazy=\"1\" class=\"module_column sub_column col4-1 tb_fofn915\">\n                            <div  data-lazy=\"1\" class=\"module_subrow themify_builder_sub_row tf_w col_align_top tb_col_count_2 tb_ggdq915\">\n                <div  data-lazy=\"1\" class=\"module_column sub_column col4-2 tb_46oo915 first\">\n                    <!-- module image -->\n<div  class=\"module module-image tb_24dx915 image-right   tf_mw\" data-lazy=\"1\">\n        <div class=\"image-wrap tf_rel tf_mw\">\n            <img loading=\"lazy\" decoding=\"async\" width=\"67\" height=\"104\" src=\"https:\/\/microweave-tex.eu\/wp-content\/uploads\/2026\/03\/Screenshot_112.png\" class=\"wp-post-image wp-image-943\" title=\"Screenshot_112\" alt=\"Screenshot_112\">    \n        <\/div>\n    <!-- \/image-wrap -->\n    \n        <\/div>\n<!-- \/module image -->        <\/div>\n                    <div  data-lazy=\"1\" class=\"module_column sub_column col4-2 tb_ky4n915 last\">\n                    <!-- module text -->\n<div  class=\"module module-text tb_1lah915   \" data-lazy=\"1\">\n        <div  class=\"tb_text_wrap\">\n        <p>Podcasts<\/p>    <\/div>\n<\/div>\n<!-- \/module text -->        <\/div>\n                    <\/div>\n                <\/div>\n                    <div  data-lazy=\"1\" class=\"module_column sub_column col4-1 tb_oa7o915 last\">\n                            <div  data-lazy=\"1\" class=\"module_subrow themify_builder_sub_row tf_w col_align_top tb_col_count_2 tb_6l96915\">\n                <div  data-lazy=\"1\" class=\"module_column sub_column col4-2 tb_osry915 first\">\n                    <!-- module image -->\n<div  class=\"module module-image tb_jxx8915 image-right   tf_mw\" data-lazy=\"1\">\n        <div class=\"image-wrap tf_rel tf_mw\">\n            <img loading=\"lazy\" decoding=\"async\" width=\"71\" height=\"110\" src=\"https:\/\/microweave-tex.eu\/wp-content\/uploads\/2026\/03\/Screenshot_113.png\" class=\"wp-post-image wp-image-942\" title=\"Screenshot_113\" alt=\"Screenshot_113\">    \n        <\/div>\n    <!-- \/image-wrap -->\n    \n        <\/div>\n<!-- \/module image -->        <\/div>\n                    <div  data-lazy=\"1\" class=\"module_column sub_column col4-2 tb_buwf915 last\">\n                    <!-- module text -->\n<div  class=\"module module-text tb_30yu915   \" data-lazy=\"1\">\n        <div  class=\"tb_text_wrap\">\n        <p>Metodolog\u00edas de formaci\u00f3n estructuradas<\/p>    <\/div>\n<\/div>\n<!-- \/module text -->        <\/div>\n                    <\/div>\n                <\/div>\n                    <\/div>\n                <div  data-lazy=\"1\" class=\"module_subrow themify_builder_sub_row tf_w col_align_top tb_col_count_2 tb_al7p915\">\n                <div  data-lazy=\"1\" class=\"module_column sub_column col4-2 tb_gbpc915 first\">\n                    <!-- module image pro -->\n<div  class=\"module module-pro-image tb_e28f915 filter- effect- fullwidth_image  tf_textc   entrance-effect-partial-overlay\" data-lazy=\"1\" data-entrance-effect=\"partial-overlay\" data-exit-effect=\"\" >\n\t\n    <div class=\"image-pro-wrap tf_rel tf_overflow tf_inline_b\">\n\t\t\t\t<div class=\"image-pro-flip-box-wrap tf_rel tf_w tf_overflow\">\n\t\t\t<div class=\"image-pro-flip-box tf_rel\">\n\n\t\t\t\t<img loading=\"lazy\" decoding=\"async\" src=\"https:\/\/microweave-tex.eu\/wp-content\/uploads\/2026\/03\/colorful-sewing-threads-background-closeup-2026-01-07-23-39-40-utc-1024x677-800x350.jpg\" width=\"800\" height=\"350\" class=\"wp-post-image wp-image-1166\" title=\"Materiales de Aprendizaje\" alt=\"Materiales de Aprendizaje\">\n\t\t\t\t\t\t\t\t\t<div class=\"image-pro-overlay tf_hidden tf_abs\">\n\n\t\t\t\t\t\t\t\t\t\t\t\t\t<div class=\"image-pro-color-overlay tf_abs\" style=\"background-color:rgba(0,119,179, 0.81)\"><\/div>\n\t\t\t\t\t\t\n\t\t\t\t\t\t<div class=\"image-pro-overlay-inner\">\n\n\t\t\t\t\t\t\t\t\t\t\t\t\t\t\t<h4 class=\"image-pro-entity image-pro-title\">Materiales de Aprendizaje<\/h4>\n\t\t\t\t\t\t\t\t\n\t\t\t\t\t\t\t\t\t\t\t\t\t\t\t<div class=\"image-pro-entity image-pro-caption\">The learning materials will cover the core topics of microplastics and sustainable textile technologies (through Genially & RaskAI), to facilitate interactivity and efficiency in content and adapt it to various contexts and languages. They will offer flexible and engaging resources that cater to diverse learning preferences.<\/div>\n\t\t\t\t\t\t\t\t \n\t\t\t\t\t\t\t\n\t\t\t\t\t\t<\/div>\n\t\t\t\t\t<\/div><!-- .image-pro-overlay -->\n\t\t\t\t\n\t\t\t<\/div>\n\t\t<\/div>\n\n    <\/div><!-- .image-pro-wrap -->\n\n\t\t\t<div id=\"<br \/>\n<b>Warning<\/b>:  Undefined variable $modal_id in <b>\/home\/clients\/d469af49bc035503768fa5501207069c\/sites\/microweave-tex.eu\/wp-content\/plugins\/builder-image-pro\/templates\/template-pro-image.php<\/b> on line <b>204<\/b><br \/>\n\" class=\"tf_hide\">\n\t\t\t\t\t\t<\/div>\n\t\n\t\n\t<\/div><!-- \/module image pro --><!-- module image pro -->\n<div  class=\"module module-pro-image tb_8apb915 filter- effect- fullwidth_image  tf_textc   entrance-effect-partial-overlay\" data-lazy=\"1\" data-entrance-effect=\"partial-overlay\" data-exit-effect=\"\" >\n\t\n    <div class=\"image-pro-wrap tf_rel tf_overflow tf_inline_b\">\n\t\t\t\t<div class=\"image-pro-flip-box-wrap tf_rel tf_w tf_overflow\">\n\t\t\t<div class=\"image-pro-flip-box tf_rel\">\n\n\t\t\t\t<img loading=\"lazy\" decoding=\"async\" src=\"https:\/\/microweave-tex.eu\/wp-content\/uploads\/2026\/03\/multiracial-hosts-doing-interview-while-streaming-2026-01-11-08-10-50-utc-1024x683-800x350.jpg\" width=\"800\" height=\"350\" class=\"wp-post-image wp-image-1168\" title=\"Podcasts\" alt=\"Podcasts\">\n\t\t\t\t\t\t\t\t\t<div class=\"image-pro-overlay tf_hidden tf_abs\">\n\n\t\t\t\t\t\t\t\t\t\t\t\t\t<div class=\"image-pro-color-overlay tf_abs\" style=\"background-color:rgba(0,0,0, 0.81)\"><\/div>\n\t\t\t\t\t\t\n\t\t\t\t\t\t<div class=\"image-pro-overlay-inner\">\n\n\t\t\t\t\t\t\t\t\t\t\t\t\t\t\t<h4 class=\"image-pro-entity image-pro-title\">Podcasts<\/h4>\n\t\t\t\t\t\t\t\t\n\t\t\t\t\t\t\t\t\t\t\t\t\t\t\t<div class=\"image-pro-entity image-pro-caption\">The podcasts will focus on sustainability and microplastics in textiles. They will feature discussions with experts and insights into current industry practices and solutions. The podcasts also will support educators with ready-to-use content, offering a more diverse educational format.<\/div>\n\t\t\t\t\t\t\t\t \n\t\t\t\t\t\t\t\n\t\t\t\t\t\t<\/div>\n\t\t\t\t\t<\/div><!-- .image-pro-overlay -->\n\t\t\t\t\n\t\t\t<\/div>\n\t\t<\/div>\n\n    <\/div><!-- .image-pro-wrap -->\n\n\t\n\t\n\t<\/div><!-- \/module image pro -->        <\/div>\n                    <div  data-lazy=\"1\" class=\"module_column sub_column col4-2 tb_wsj4915 last\">\n                    <!-- module image pro -->\n<div  class=\"module module-pro-image tb_vim1915 filter- effect- fullwidth_image  tf_textc   entrance-effect-partial-overlay\" data-lazy=\"1\" data-entrance-effect=\"partial-overlay\" data-exit-effect=\"\" >\n\t\n    <div class=\"image-pro-wrap tf_rel tf_overflow tf_inline_b\">\n\t\t\t\t<div class=\"image-pro-flip-box-wrap tf_rel tf_w tf_overflow\">\n\t\t\t<div class=\"image-pro-flip-box tf_rel\">\n\n\t\t\t\t<img loading=\"lazy\" decoding=\"async\" src=\"https:\/\/microweave-tex.eu\/wp-content\/uploads\/2026\/03\/dictionary-definition-of-word-2026-01-08-22-40-11-utc-1024x683-800x350.jpg\" width=\"800\" height=\"350\" class=\"wp-post-image wp-image-1167\" title=\"Diccionario Multiling\u00fce\" alt=\"Diccionario Multiling\u00fce\">\n\t\t\t\t\t\t\t\t\t<div class=\"image-pro-overlay tf_hidden tf_abs\">\n\n\t\t\t\t\t\t\t\t\t\t\t\t\t<div class=\"image-pro-color-overlay tf_abs\" style=\"background-color:rgba(99,99,99, 0.81)\"><\/div>\n\t\t\t\t\t\t\n\t\t\t\t\t\t<div class=\"image-pro-overlay-inner\">\n\n\t\t\t\t\t\t\t\t\t\t\t\t\t\t\t<h4 class=\"image-pro-entity image-pro-title\">Diccionario Multiling\u00fce<\/h4>\n\t\t\t\t\t\t\t\t\n\t\t\t\t\t\t\t\t\t\t\t\t\t\t\t<div class=\"image-pro-entity image-pro-caption\">The Multilingual Interpretive Dictionary will standardize terminology relating to microplastics and sustainability, make it more clarifying and consistent across different languages, and supporting accessibility and coherency of content as well.<\/div>\n\t\t\t\t\t\t\t\t \n\t\t\t\t\t\t\t\n\t\t\t\t\t\t<\/div>\n\t\t\t\t\t<\/div><!-- .image-pro-overlay -->\n\t\t\t\t\n\t\t\t<\/div>\n\t\t<\/div>\n\n    <\/div><!-- .image-pro-wrap -->\n\n\t\n\t\n\t<\/div><!-- \/module image pro --><!-- module image pro -->\n<div  class=\"module module-pro-image tb_9elj915 filter- effect- fullwidth_image  tf_textc   entrance-effect-partial-overlay\" data-lazy=\"1\" data-entrance-effect=\"partial-overlay\" data-exit-effect=\"\" >\n\t\n    <div class=\"image-pro-wrap tf_rel tf_overflow tf_inline_b\">\n\t\t\t\t<div class=\"image-pro-flip-box-wrap tf_rel tf_w tf_overflow\">\n\t\t\t<div class=\"image-pro-flip-box tf_rel\">\n\n\t\t\t\t<img loading=\"lazy\" decoding=\"async\" src=\"https:\/\/microweave-tex.eu\/wp-content\/uploads\/2026\/03\/group-of-business-2026-01-07-02-10-35-utc-1024x511-800x350.jpg\" width=\"800\" height=\"350\" class=\"wp-post-image wp-image-1169\" title=\"Metodolog\u00edas de formaci\u00f3n estructuradas\" alt=\"Metodolog\u00edas de formaci\u00f3n estructuradas\">\n\t\t\t\t\t\t\t\t\t<div class=\"image-pro-overlay tf_hidden tf_abs\">\n\n\t\t\t\t\t\t\t\t\t\t\t\t\t<div class=\"image-pro-color-overlay tf_abs\" style=\"background-color:rgba(255,255,255, 0.81)\"><\/div>\n\t\t\t\t\t\t\n\t\t\t\t\t\t<div class=\"image-pro-overlay-inner\">\n\n\t\t\t\t\t\t\t\t\t\t\t\t\t\t\t<h4 class=\"image-pro-entity image-pro-title\">Metodolog\u00edas de formaci\u00f3n estructuradas<\/h4>\n\t\t\t\t\t\t\t\t\n\t\t\t\t\t\t\t\t\t\t\t\t\t\t\t<div class=\"image-pro-entity image-pro-caption\">The methodologies will focus on microplastics, textile sustainability, and technologies to reduce microfibre release. The curriculum will integrate theory and practical experiments, as well as how to incorporate the 'Escape rooms' from the Students' Hub into classrooms as an interactive teaching tool.\n\nThe 'Escape rooms' methodology introduces an innovative and interactive approach to teaching, making complex topics more memorable.<\/div>\n\t\t\t\t\t\t\t\t \n\t\t\t\t\t\t\t\n\t\t\t\t\t\t<\/div>\n\t\t\t\t\t<\/div><!-- .image-pro-overlay -->\n\t\t\t\t\n\t\t\t<\/div>\n\t\t<\/div>\n\n    <\/div><!-- .image-pro-wrap -->\n\n\t\n\t\n\t<\/div><!-- \/module image pro -->        <\/div>\n                    <\/div>\n                <\/div>\n                        <\/div>\n        <\/div>\n                        <div  data-css_id=\"j4iq915\" data-lazy=\"1\" class=\"module_row themify_builder_row fullwidth tb_j4iq915 tf_w\">\n                        <div class=\"row_inner col_align_top tb_col_count_1 tf_box tf_rel\">\n                        <div  data-lazy=\"1\" class=\"module_column tb-column col-full tb_sdc2915 first\">\n                    <!-- module buttons -->\n<div  class=\"module module-buttons tb_l95r915 buttons-horizontal solid   rounded\" data-lazy=\"1\">\n        <div class=\"module-buttons-item tf_in_flx\">\n                        <a href=\"#\" class=\"ui builder_button tf_in_flx tb_default_color\" target=\"_blank\" rel=\"noopener\">\n                                                Learning Material                                        <\/a>\n                <\/div>\n            <\/div>\n<!-- \/module buttons -->\n        <\/div>\n                        <\/div>\n        <\/div>\n                        <div  data-lazy=\"1\" class=\"module_row themify_builder_row tb_mksj915 tf_w\">\n                        <div class=\"row_inner col_align_top tb_col_count_1 tf_box tf_rel\">\n                        <div  data-lazy=\"1\" class=\"module_column tb-column col-full tb_w0nz915 first\">\n                    <!-- module text -->\n<div  class=\"module module-text tb_l6jo915   \" data-lazy=\"1\">\n        <div  class=\"tb_text_wrap\">\n        <p style=\"text-align: center;\">*Disponible en: ingl\u00e9s, espa\u00f1ol, griego, polaco y lituano<\/p>    <\/div>\n<\/div>\n<!-- \/module text -->        <\/div>\n                        <\/div>\n        <\/div>\n                        <div  data-css_id=\"irss915\" data-lazy=\"1\" class=\"module_row themify_builder_row fullwidth tb_irss915 tf_w\">\n            <span class=\"tb_row_frame_wrap tf_overflow tf_abs\" data-lazy=\"1\"><span class=\"tb_row_frame tb_row_frame_top  tf_abs tf_hide tf_overflow tf_w\"><\/span><span class=\"tb_row_frame tb_row_frame_bottom  tf_abs tf_hide tf_overflow tf_w\"><\/span><\/span>            <div class=\"row_inner col_align_top tb_col_count_1 tf_box tf_rel\">\n                        <div  data-lazy=\"1\" class=\"module_column tb-column col-full tb_7z11915 first\">\n                            <\/div>\n                        <\/div>\n        <\/div>\n        <\/div>\n<!--\/themify_builder_content-->","protected":false},"excerpt":{"rendered":"<p>Un programa de formaci\u00f3n modular dise\u00f1ado para ayudar al profesorado de educaci\u00f3n superior a integrar la educaci\u00f3n sobre sostenibilidad y micropl\u00e1sticos en sus planes de estudios. El Rinc\u00f3n del Educador tiene como objetivo mejorar la concienciaci\u00f3n sobre la sostenibilidad en el sector textil y promueve una educaci\u00f3n mejor y m\u00e1s accesible sobre el impacto medioambiental [&hellip;]<\/p>\n","protected":false},"author":1,"featured_media":0,"parent":0,"menu_order":0,"comment_status":"closed","ping_status":"closed","template":"","meta":{"footnotes":""},"class_list":["post-1198","page","type-page","status-publish","hentry","has-post-title","has-post-date","has-post-category","has-post-tag","has-post-comment","has-post-author",""],"builder_content":"<h3>Rinc\u00f3n del Educador<br\/><\/h3>\n<h3>Un programa de formaci\u00f3n modular dise\u00f1ado para ayudar al profesorado de educaci\u00f3n superior a integrar la educaci\u00f3n sobre sostenibilidad y micropl\u00e1sticos en sus planes de estudios.<\/h3> <p>El Rinc\u00f3n del Educador tiene como objetivo mejorar la concienciaci\u00f3n sobre la sostenibilidad en el sector textil y promueve una educaci\u00f3n mejor y m\u00e1s accesible sobre el impacto medioambiental de la industria.<\/p> <p>Ecuentra aqu\u00ed el informe detallado sobre el \"Estado del arte actual en el \u00e1mbito de la liberaci\u00f3n de micropl\u00e1sticos y microfibras sint\u00e9ticas de los productos textiles al agua\", con datos, casos pr\u00e1cticos, retos identificados y ejemplos de \u00e9xito basados en los \u00faltimos hallazgos cient\u00edficos.<\/p> <p>El Rinc\u00f3n del Educador se asegura de que los contenidos elaborados cuenten con respaldo cient\u00edfico y est\u00e9n en consonancia con los avances actuales en el sector, mediante un informe detallado. El informe \"Estado del arte actual en el \u00e1mbito de la liberaci\u00f3n de micropl\u00e1sticos y microfibras sint\u00e9ticas de los productos textiles al agua\" incluye datos, estudios de casos, retos y ejemplos de \u00e9xito, basados en los \u00faltimos hallazgos cient\u00edficos.Ecuentra aqu\u00ed el informe detallado sobre el \"Estado del arte actual en el \u00e1mbito de la liberaci\u00f3n de micropl\u00e1sticos y microfibras sint\u00e9ticas de los productos textiles al agua\", con datos, casos pr\u00e1cticos, retos identificados y ejemplos de \u00e9xito basados en los \u00faltimos hallazgos cient\u00edficos.<\/p>\n<p>El programa incluye:<\/p>\n<img src=\"https:\/\/microweave-tex.eu\/wp-content\/uploads\/2026\/03\/Screenshot_110.png\" title=\"Screenshot_110\" alt=\"Screenshot_110\">\n<p>Materiales de Aprendizaje<\/p>\n<img src=\"https:\/\/microweave-tex.eu\/wp-content\/uploads\/2026\/03\/Screenshot_111.png\" title=\"Screenshot_111\" alt=\"Screenshot_111\">\n<p>Diccionario Multiling\u00fce<\/p>\n<img src=\"https:\/\/microweave-tex.eu\/wp-content\/uploads\/2026\/03\/Screenshot_112.png\" title=\"Screenshot_112\" alt=\"Screenshot_112\">\n<p>Podcasts<\/p>\n<img src=\"https:\/\/microweave-tex.eu\/wp-content\/uploads\/2026\/03\/Screenshot_113.png\" title=\"Screenshot_113\" alt=\"Screenshot_113\">\n<p>Metodolog\u00edas de formaci\u00f3n estructuradas<\/p>\n<img src=\"https:\/\/microweave-tex.eu\/wp-content\/uploads\/2026\/03\/colorful-sewing-threads-background-closeup-2026-01-07-23-39-40-utc-1024x677-800x350.jpg\" width=\"800\" height=\"350\" title=\"Materiales de Aprendizaje\" alt=\"Materiales de Aprendizaje\"> \n \n <h4>Materiales de Aprendizaje<\/h4> The learning materials will cover the core topics of microplastics and sustainable textile technologies (through Genially & RaskAI), to facilitate interactivity and efficiency in content and adapt it to various contexts and languages. They will offer flexible and engaging resources that cater to diverse learning preferences. \n \n <b>Warning<\/b>: Undefined variable $modal_id in <b>\/home\/clients\/d469af49bc035503768fa5501207069c\/sites\/microweave-tex.eu\/wp-content\/plugins\/builder-image-pro\/templates\/template-pro-image.php<\/b> on line <b>204<\/b><br \/> \">\n<img src=\"https:\/\/microweave-tex.eu\/wp-content\/uploads\/2026\/03\/multiracial-hosts-doing-interview-while-streaming-2026-01-11-08-10-50-utc-1024x683-800x350.jpg\" width=\"800\" height=\"350\" title=\"Podcasts\" alt=\"Podcasts\"> \n \n <h4>Podcasts<\/h4> The podcasts will focus on sustainability and microplastics in textiles. They will feature discussions with experts and insights into current industry practices and solutions. The podcasts also will support educators with ready-to-use content, offering a more diverse educational format.\n<img src=\"https:\/\/microweave-tex.eu\/wp-content\/uploads\/2026\/03\/dictionary-definition-of-word-2026-01-08-22-40-11-utc-1024x683-800x350.jpg\" width=\"800\" height=\"350\" title=\"Diccionario Multiling\u00fce\" alt=\"Diccionario Multiling\u00fce\"> \n \n <h4>Diccionario Multiling\u00fce<\/h4> The Multilingual Interpretive Dictionary will standardize terminology relating to microplastics and sustainability, make it more clarifying and consistent across different languages, and supporting accessibility and coherency of content as well.\n<img src=\"https:\/\/microweave-tex.eu\/wp-content\/uploads\/2026\/03\/group-of-business-2026-01-07-02-10-35-utc-1024x511-800x350.jpg\" width=\"800\" height=\"350\" title=\"Metodolog\u00edas de formaci\u00f3n estructuradas\" alt=\"Metodolog\u00edas de formaci\u00f3n estructuradas\"> \n \n <h4>Metodolog\u00edas de formaci\u00f3n estructuradas<\/h4> The methodologies will focus on microplastics, textile sustainability, and technologies to reduce microfibre release. The curriculum will integrate theory and practical experiments, as well as how to incorporate the 'Escape rooms' from the Students' Hub into classrooms as an interactive teaching tool.\nThe 'Escape rooms' methodology introduces an innovative and interactive approach to teaching, making complex topics more memorable.\n<a href=\"#\" target=\"_blank\" rel=\"noopener\"> Learning Material <\/a>\n<p style=\"text-align: center;\">*Disponible en: ingl\u00e9s, espa\u00f1ol, griego, polaco y lituano<\/p>","_links":{"self":[{"href":"https:\/\/microweave-tex.eu\/es\/wp-json\/wp\/v2\/pages\/1198","targetHints":{"allow":["GET"]}}],"collection":[{"href":"https:\/\/microweave-tex.eu\/es\/wp-json\/wp\/v2\/pages"}],"about":[{"href":"https:\/\/microweave-tex.eu\/es\/wp-json\/wp\/v2\/types\/page"}],"author":[{"embeddable":true,"href":"https:\/\/microweave-tex.eu\/es\/wp-json\/wp\/v2\/users\/1"}],"replies":[{"embeddable":true,"href":"https:\/\/microweave-tex.eu\/es\/wp-json\/wp\/v2\/comments?post=1198"}],"version-history":[{"count":5,"href":"https:\/\/microweave-tex.eu\/es\/wp-json\/wp\/v2\/pages\/1198\/revisions"}],"predecessor-version":[{"id":1516,"href":"https:\/\/microweave-tex.eu\/es\/wp-json\/wp\/v2\/pages\/1198\/revisions\/1516"}],"wp:attachment":[{"href":"https:\/\/microweave-tex.eu\/es\/wp-json\/wp\/v2\/media?parent=1198"}],"curies":[{"name":"wp","href":"https:\/\/api.w.org\/{rel}","templated":true}]}}