{"id":1214,"date":"2026-02-20T12:00:56","date_gmt":"2026-02-20T12:00:56","guid":{"rendered":"https:\/\/microweave-tex.eu\/students-hub\/"},"modified":"2026-04-07T14:36:29","modified_gmt":"2026-04-07T14:36:29","slug":"students-hub","status":"publish","type":"page","link":"https:\/\/microweave-tex.eu\/es\/students-hub\/","title":{"rendered":"Students&#8217; Hub"},"content":{"rendered":"<!--themify_builder_content-->\n<div id=\"themify_builder_content-1214\" data-postid=\"1214\" class=\"themify_builder_content themify_builder_content-1214 themify_builder tf_clear\">\n                    <div  data-css_id=\"ksnd110\" data-lazy=\"1\" class=\"module_row themify_builder_row fullwidth tb_ksnd110 tb_first tf_w\">\n                        <div class=\"row_inner col_align_top tb_col_count_1 tf_box tf_rel\">\n                        <div  data-lazy=\"1\" class=\"module_column tb-column col-full tb_pely110 first\">\n                    <!-- module fancy heading -->\n<div  class=\"module module-fancy-heading tb_hbmb110  tb_hide_divider\" data-lazy=\"1\">\n        <h3 class=\"fancy-heading\">\n    <span class=\"main-head tf_block\">\n                    Rinc\u00f3n del Estudiante            <\/span>\n\n    \n    <span class=\"sub-head tf_block tf_rel\">\n                                <\/span>\n    <\/h3>\n<\/div>\n<!-- \/module fancy heading -->\n        <\/div>\n                        <\/div>\n        <\/div>\n                        <div  data-css_id=\"6v50110\" data-lazy=\"1\" class=\"module_row themify_builder_row fullwidth tb_6v50110 tf_w\">\n                        <div class=\"row_inner col_align_top tb_col_count_1 tf_box tf_rel\">\n                        <div  data-lazy=\"1\" class=\"module_column tb-column col-full tb_b5j7110 first\">\n                    <!-- module text -->\n<div  class=\"module module-text tb_eqf7110   \" data-lazy=\"1\">\n        <div  class=\"tb_text_wrap\">\n        <h2><span style=\"font-weight: bold;\"><span style=\"color: #b5b5b5;\"><span class=\"a_GcMg font-feature-liga-off font-feature-clig-off font-feature-calt-off text-decoration-none text-strikethrough-none\">Un programa educativo interactivo que combina<\/span><\/span> <span style=\"color: #0079b2;\"><span class=\"a_GcMg font-feature-liga-off font-feature-clig-off font-feature-calt-off text-decoration-none text-strikethrough-none\">teor\u00eda, pr\u00e1cticas experimentales<\/span><\/span> <span class=\"a_GcMg font-feature-liga-off font-feature-clig-off font-feature-calt-off text-decoration-none text-strikethrough-none\" style=\"color: #b5b5b5;\">y<\/span><span style=\"color: #0079b2;\"><span class=\"a_GcMg font-feature-liga-off font-feature-clig-off font-feature-calt-off text-decoration-none text-strikethrough-none\"> herramientas digitales<\/span><\/span><span style=\"color: #b5b5b5;\"> <span class=\"a_GcMg font-feature-liga-off font-feature-clig-off font-feature-calt-off text-decoration-none text-strikethrough-none\">para ayudar a los estudiantes a reducir los micropl\u00e1sticos en los textiles.<\/span><\/span><\/span><\/h2>\n<p><span style=\"font-size: 1.4em; letter-spacing: -0.02em; color: #000000;\"><span class=\"a_GcMg font-feature-liga-off font-feature-clig-off font-feature-calt-off text-decoration-none text-strikethrough-none\">El Rinc\u00f3n del Estudiante tiene como objetivo promover la sostenibilidad en el sector textil a trav\u00e9s de diferentes soluciones educativas innovadoras en toda Europa.<\/span><\/span><\/p>\n<p><span style=\"color: #000000;\"><span style=\"font-size: 1.4em; letter-spacing: -0.02em;\"><span class=\"a_GcMg font-feature-liga-off font-feature-clig-off font-feature-calt-off text-decoration-none text-strikethrough-none\">A trav\u00e9s de esta secci\u00f3n, tanto los estudiantes como los docentes tienen acceso a materiales formativos multiling\u00fces, que sirven como una \u00abenciclopedia\u00bb sobre diversos y espec\u00edficos \u00e1mbitos de conocimiento de la industria textil, en relaci\u00f3n con los micropl\u00e1sticos, la contaminaci\u00f3n del agua y los textiles sostenibles.<\/span><\/span><\/span><\/p>    <\/div>\n<\/div>\n<!-- \/module text -->        <\/div>\n                        <\/div>\n        <\/div>\n                        <div  data-css_id=\"qj5b110\" data-lazy=\"1\" class=\"module_row themify_builder_row fullwidth tb_qj5b110 tf_w\">\n                        <div class=\"row_inner col_align_top tb_col_count_1 tf_box tf_rel\">\n                        <div  data-lazy=\"1\" class=\"module_column tb-column col-full tb_06j9110 first\">\n                    <!-- module text -->\n<div  class=\"module module-text tb_1xnz110   \" data-lazy=\"1\">\n        <div  class=\"tb_text_wrap\">\n        <p>El programa incluye:<\/p>    <\/div>\n<\/div>\n<!-- \/module text -->        <\/div>\n                        <\/div>\n        <\/div>\n                        <div  data-css_id=\"0fc1109\" data-lazy=\"1\" class=\"module_row themify_builder_row fullwidth tb_0fc1109 tf_w\">\n                        <div class=\"row_inner col_align_top tb_col_count_1 tf_box tf_rel\">\n                        <div  data-lazy=\"1\" class=\"module_column tb-column col-full tb_ie5g109 first\">\n                            <div  data-lazy=\"1\" class=\"module_subrow themify_builder_sub_row tf_w col_align_top tb_col_count_3 tb_460u109\">\n                <div  data-lazy=\"1\" class=\"module_column sub_column col3-1 tb_qsw9110 first\">\n                            <div  data-lazy=\"1\" class=\"module_subrow themify_builder_sub_row tf_w col_align_top tb_col_count_2 tb_btc0110\">\n                <div  data-lazy=\"1\" class=\"module_column sub_column col4-2 tb_r9kd110 first\">\n                    <!-- module image -->\n<div  class=\"module module-image tb_96bo110 image-right   tf_mw\" data-lazy=\"1\">\n        <div class=\"image-wrap tf_rel tf_mw\">\n            <img loading=\"lazy\" decoding=\"async\" width=\"66\" height=\"104\" src=\"https:\/\/microweave-tex.eu\/wp-content\/uploads\/2026\/03\/Screenshot_110.png\" class=\"wp-post-image wp-image-941\" title=\"Screenshot_110\" alt=\"Screenshot_110\">    \n        <\/div>\n    <!-- \/image-wrap -->\n    \n        <\/div>\n<!-- \/module image -->        <\/div>\n                    <div  data-lazy=\"1\" class=\"module_column sub_column col4-2 tb_cenr110 last\">\n                    <!-- module text -->\n<div  class=\"module module-text tb_zms2110   \" data-lazy=\"1\">\n        <div  class=\"tb_text_wrap\">\n        <p>Materiales de aprendizaje interactivos<\/p>    <\/div>\n<\/div>\n<!-- \/module text -->        <\/div>\n                    <\/div>\n                <\/div>\n                    <div  data-lazy=\"1\" class=\"module_column sub_column col3-1 tb_56qm110\">\n                            <div  data-lazy=\"1\" class=\"module_subrow themify_builder_sub_row tf_w col_align_top tb_col_count_2 tb_kjjq110\">\n                <div  data-lazy=\"1\" class=\"module_column sub_column col4-2 tb_8ev1110 first\">\n                    <!-- module image -->\n<div  class=\"module module-image tb_8iph110 image-right   tf_mw\" data-lazy=\"1\">\n        <div class=\"image-wrap tf_rel tf_mw\">\n            <img loading=\"lazy\" decoding=\"async\" width=\"71\" height=\"104\" src=\"https:\/\/microweave-tex.eu\/wp-content\/uploads\/2026\/03\/Screenshot_111.png\" class=\"wp-post-image wp-image-944\" title=\"Screenshot_111\" alt=\"Screenshot_111\">    \n        <\/div>\n    <!-- \/image-wrap -->\n    \n        <\/div>\n<!-- \/module image -->        <\/div>\n                    <div  data-lazy=\"1\" class=\"module_column sub_column col4-2 tb_f8pe110 last\">\n                    <!-- module text -->\n<div  class=\"module module-text tb_c7a5110   \" data-lazy=\"1\">\n        <div  class=\"tb_text_wrap\">\n        <p>Glosario t\u00e9cnico especializado<\/p>    <\/div>\n<\/div>\n<!-- \/module text -->        <\/div>\n                    <\/div>\n                <\/div>\n                    <div  data-lazy=\"1\" class=\"module_column sub_column col3-1 tb_qu44109 last\">\n                            <div  data-lazy=\"1\" class=\"module_subrow themify_builder_sub_row tf_w col_align_top tb_col_count_2 tb_vxah109\">\n                <div  data-lazy=\"1\" class=\"module_column sub_column col4-2 tb_llw2110 first\">\n                    <!-- module image -->\n<div  class=\"module module-image tb_uwt0110 image-right   tf_mw\" data-lazy=\"1\">\n        <div class=\"image-wrap tf_rel tf_mw\">\n            <img loading=\"lazy\" decoding=\"async\" width=\"67\" height=\"104\" src=\"https:\/\/microweave-tex.eu\/wp-content\/uploads\/2026\/03\/Screenshot_112.png\" class=\"wp-post-image wp-image-943\" title=\"Screenshot_112\" alt=\"Screenshot_112\">    \n        <\/div>\n    <!-- \/image-wrap -->\n    \n        <\/div>\n<!-- \/module image -->        <\/div>\n                    <div  data-lazy=\"1\" class=\"module_column sub_column col4-2 tb_sf9x109 last\">\n                    <!-- module text -->\n<div  class=\"module module-text tb_543r110   \" data-lazy=\"1\">\n        <div  class=\"tb_text_wrap\">\n        <p>Escape room y ejercicios pr\u00e1cticos<\/p>    <\/div>\n<\/div>\n<!-- \/module text -->        <\/div>\n                    <\/div>\n                <\/div>\n                    <\/div>\n                <div  data-lazy=\"1\" class=\"module_subrow themify_builder_sub_row tf_w col_align_top tb_col_count_2 tb_ll9o109\">\n                <div  data-lazy=\"1\" class=\"module_column sub_column col4-2 tb_f7qd109 first\">\n                    <!-- module image pro -->\n<div  class=\"module module-pro-image tb_5io9109 filter- effect- fullwidth_image  tf_textc   entrance-effect-partial-overlay\" data-lazy=\"1\" data-entrance-effect=\"partial-overlay\" data-exit-effect=\"\" >\n\t\n    <div class=\"image-pro-wrap tf_rel tf_overflow tf_inline_b\">\n\t\t\t\t<div class=\"image-pro-flip-box-wrap tf_rel tf_w tf_overflow\">\n\t\t\t<div class=\"image-pro-flip-box tf_rel\">\n\n\t\t\t\t<img loading=\"lazy\" decoding=\"async\" src=\"https:\/\/microweave-tex.eu\/wp-content\/uploads\/2026\/03\/a-team-of-web-developers-discusses-how-to-best-org-2026-01-07-01-03-05-utc-1024x683-800x350.jpg\" width=\"800\" height=\"350\" class=\"wp-post-image wp-image-1161\" title=\"Materiales de aprendizaje interactivos\" alt=\"Materiales de aprendizaje interactivos\">\n\t\t\t\t\t\t\t\t\t<div class=\"image-pro-overlay tf_hidden tf_abs\">\n\n\t\t\t\t\t\t\t\t\t\t\t\t\t<div class=\"image-pro-color-overlay tf_abs\" style=\"background-color:rgba(99,99,99, 0.81)\"><\/div>\n\t\t\t\t\t\t\n\t\t\t\t\t\t<div class=\"image-pro-overlay-inner\">\n\n\t\t\t\t\t\t\t\t\t\t\t\t\t\t\t<h4 class=\"image-pro-entity image-pro-title\">Materiales de aprendizaje interactivos<\/h4>\n\t\t\t\t\t\t\t\t\n\t\t\t\t\t\t\t\t\t\t\t\t\t\t\t<div class=\"image-pro-entity image-pro-caption\">The learning materials include engaging and interactive content using digital tools (Genially), designed to facilitate flexible learning. The e-learning course also encourages students and educators to engage at their own pace.<\/div>\n\t\t\t\t\t\t\t\t \n\t\t\t\t\t\t\t\n\t\t\t\t\t\t<\/div>\n\t\t\t\t\t<\/div><!-- .image-pro-overlay -->\n\t\t\t\t\n\t\t\t<\/div>\n\t\t<\/div>\n\n    <\/div><!-- .image-pro-wrap -->\n\n\t\n\t\n\t<\/div><!-- \/module image pro --><!-- module image pro -->\n<div  class=\"module module-pro-image tb_kowy109 filter- effect- fullwidth_image  tf_textc   entrance-effect-partial-overlay\" data-lazy=\"1\" data-entrance-effect=\"partial-overlay\" data-exit-effect=\"\" >\n\t\n    <div class=\"image-pro-wrap tf_rel tf_overflow tf_inline_b\">\n\t\t\t\t<div class=\"image-pro-flip-box-wrap tf_rel tf_w tf_overflow\">\n\t\t\t<div class=\"image-pro-flip-box tf_rel\">\n\n\t\t\t\t<img loading=\"lazy\" decoding=\"async\" src=\"https:\/\/microweave-tex.eu\/wp-content\/uploads\/2026\/03\/architectural-team-discussing-site-development-pla-2026-01-08-06-29-13-utc-1024x683-800x350.jpg\" width=\"800\" height=\"350\" class=\"wp-post-image wp-image-1163\" title=\"Escape room y ejercicios pr\u00e1cticos\" alt=\"Escape room y ejercicios pr\u00e1cticos\">\n\t\t\t\t\t\t\t\t\t<div class=\"image-pro-overlay tf_hidden tf_abs\">\n\n\t\t\t\t\t\t\t\t\t\t\t\t\t<div class=\"image-pro-color-overlay tf_abs\" style=\"background-color:rgba(255,255,255, 0.81)\"><\/div>\n\t\t\t\t\t\t\n\t\t\t\t\t\t<div class=\"image-pro-overlay-inner\">\n\n\t\t\t\t\t\t\t\t\t\t\t\t\t\t\t<h4 class=\"image-pro-entity image-pro-title\">Escape room y ejercicios pr\u00e1cticos<\/h4>\n\t\t\t\t\t\t\t\t\n\t\t\t\t\t\t\t\t\t\t\t\t\t\t\t<div class=\"image-pro-entity image-pro-caption\">The Escape room is going to be based on experiments regarding microplastics in the textile industry. The practical exercises include visual content (presentation, games, videos, quizzes) to simplify and make complex concepts more accessible.<\/div>\n\t\t\t\t\t\t\t\t \n\t\t\t\t\t\t\t\n\t\t\t\t\t\t<\/div>\n\t\t\t\t\t<\/div><!-- .image-pro-overlay -->\n\t\t\t\t\n\t\t\t<\/div>\n\t\t<\/div>\n\n    <\/div><!-- .image-pro-wrap -->\n\n\t\n\t\n\t<\/div><!-- \/module image pro -->        <\/div>\n                    <div  data-lazy=\"1\" class=\"module_column sub_column col4-2 tb_akv6109 last\">\n                    <!-- module image pro -->\n<div  class=\"module module-pro-image tb_1rkw109 filter- effect- fullwidth_image  tf_textc   entrance-effect-partial-overlay\" data-lazy=\"1\" data-entrance-effect=\"partial-overlay\" data-exit-effect=\"\" >\n\t\n    <div class=\"image-pro-wrap tf_rel tf_overflow tf_inline_b\">\n\t\t\t\t<div class=\"image-pro-flip-box-wrap tf_rel tf_w tf_overflow\">\n\t\t\t<div class=\"image-pro-flip-box tf_rel\">\n\n\t\t\t\t<img loading=\"lazy\" decoding=\"async\" src=\"https:\/\/microweave-tex.eu\/wp-content\/uploads\/2026\/03\/close-up-of-opened-book-on-wooden-table-education-2026-01-07-00-56-45-utc-1024x683-800x350.jpg\" width=\"800\" height=\"350\" class=\"wp-post-image wp-image-1162\" title=\"Glosario t\u00e9cnico especializado\" alt=\"Glosario t\u00e9cnico especializado\">\n\t\t\t\t\t\t\t\t\t<div class=\"image-pro-overlay tf_hidden tf_abs\">\n\n\t\t\t\t\t\t\t\t\t\t\t\t\t<div class=\"image-pro-color-overlay tf_abs\" style=\"background-color:rgba(0,0,0, 0.81)\"><\/div>\n\t\t\t\t\t\t\n\t\t\t\t\t\t<div class=\"image-pro-overlay-inner\">\n\n\t\t\t\t\t\t\t\t\t\t\t\t\t\t\t<h4 class=\"image-pro-entity image-pro-title\">Glosario t\u00e9cnico especializado<\/h4>\n\t\t\t\t\t\t\t\t\n\t\t\t\t\t\t\t\t\t\t\t\t\t\t\t<div class=\"image-pro-entity image-pro-caption\">A multilingual (English, Spanish, Greek, Polish & Lithuanian) glossary integrating sustainability-related terminology, ensuring that students can access the comprehensive definitions of key terms related to microplastics, improving their understanding and communication of key sustainability concepts.<\/div>\n\t\t\t\t\t\t\t\t \n\t\t\t\t\t\t\t\n\t\t\t\t\t\t<\/div>\n\t\t\t\t\t<\/div><!-- .image-pro-overlay -->\n\t\t\t\t\n\t\t\t<\/div>\n\t\t<\/div>\n\n    <\/div><!-- .image-pro-wrap -->\n\n\t\n\t\n\t<\/div><!-- \/module image pro -->        <\/div>\n                    <\/div>\n                <\/div>\n                        <\/div>\n        <\/div>\n                        <div  data-lazy=\"1\" class=\"module_row themify_builder_row tb_04ao109 tf_w\">\n                        <div class=\"row_inner col_align_top tb_col_count_1 tf_box tf_rel\">\n                        <div  data-lazy=\"1\" class=\"module_column tb-column col-full tb_xr67109 first\">\n                    <!-- module buttons -->\n<div  class=\"module module-buttons tb_yhq1109 buttons-horizontal solid   rounded\" data-lazy=\"1\">\n        <div class=\"module-buttons-item tf_in_flx\">\n                        <a href=\"#\" class=\"ui builder_button tf_in_flx tb_default_color\" target=\"_blank\" rel=\"noopener\">\n                                                Learning Material                                        <\/a>\n                <\/div>\n            <\/div>\n<!-- \/module buttons -->\n        <\/div>\n                        <\/div>\n        <\/div>\n                        <div  data-lazy=\"1\" class=\"module_row themify_builder_row tb_on8h109 tf_w\">\n                        <div class=\"row_inner col_align_top tb_col_count_1 tf_box tf_rel\">\n                        <div  data-lazy=\"1\" class=\"module_column tb-column col-full tb_216z109 first\">\n                    <!-- module text -->\n<div  class=\"module module-text tb_6wet109   \" data-lazy=\"1\">\n        <div  class=\"tb_text_wrap\">\n        <p style=\"text-align: center;\">*Disponible en: ingl\u00e9s, espa\u00f1ol, griego, polaco y lituano<\/p>    <\/div>\n<\/div>\n<!-- \/module text -->        <\/div>\n                        <\/div>\n        <\/div>\n                        <div  data-css_id=\"1elu109\" data-lazy=\"1\" class=\"module_row themify_builder_row fullwidth tb_1elu109 tf_w\">\n            <span class=\"tb_row_frame_wrap tf_overflow tf_abs\" data-lazy=\"1\"><span class=\"tb_row_frame tb_row_frame_top  tf_abs tf_hide tf_overflow tf_w\"><\/span><span class=\"tb_row_frame tb_row_frame_bottom  tf_abs tf_hide tf_overflow tf_w\"><\/span><\/span>            <div class=\"row_inner col_align_top tb_col_count_1 tf_box tf_rel\">\n                        <div  data-lazy=\"1\" class=\"module_column tb-column col-full tb_lufb109 first\">\n                            <\/div>\n                        <\/div>\n        <\/div>\n                        <div  data-lazy=\"1\" class=\"module_row themify_builder_row tb_d8ye109 tf_w\">\n                        <div class=\"row_inner col_align_top tb_col_count_1 tf_box tf_rel\">\n                        <div  data-lazy=\"1\" class=\"module_column tb-column col-full tb_av6f109 first\">\n                    <div  class=\"module themify_builder_slider_wrap tf_clearfix module-slider tb_gvsy109  slider-default  \" data-lazy=\"1\">\n        <div class=\"themify_builder_slider tf_carousel tf_swiper-container tf_rel tf_overflow\" data-lazy=\"1\"        data-visible=\"1\"\n        data-tab-visible=\"1\"\n        data-mob-visible=\"1\"\n        data-scroll=\"1\"\n                        data-speed=\"1\"\n        data-wrapvar=\"1\"\n        data-slider_nav=\"1\"\n        data-pager=\"1\"\n        data-effect=\"scroll\" \n        data-height=\"variable\"\n        data-css_url=\"https:\/\/microweave-tex.eu\/wp-content\/themes\/themify-ultra\/themify\/themify-builder\/css\/modules\/sliders\/carousel,https:\/\/microweave-tex.eu\/wp-content\/themes\/themify-ultra\/themify\/themify-builder\/css\/modules\/sliders\/slider\"\n                    data-type=\"video\">\n        <div class=\"tf_swiper-wrapper tf_lazy tf_rel tf_w tf_h tf_textc\">\n                    <div class=\"tf_swiper-slide\">            <div class=\"slide-inner-wrap\">\n                                            <\/div>\n        <\/div>            <\/div>\n    <\/div>\n<\/div>\n        <\/div>\n                        <\/div>\n        <\/div>\n        <\/div>\n<!--\/themify_builder_content-->","protected":false},"excerpt":{"rendered":"<p>Un programa educativo interactivo que combina teor\u00eda, pr\u00e1cticas experimentales y herramientas digitales para ayudar a los estudiantes a reducir los micropl\u00e1sticos en los textiles. El Rinc\u00f3n del Estudiante tiene como objetivo promover la sostenibilidad en el sector textil a trav\u00e9s de diferentes soluciones educativas innovadoras en toda Europa. A trav\u00e9s de esta secci\u00f3n, tanto los [&hellip;]<\/p>\n","protected":false},"author":1,"featured_media":0,"parent":0,"menu_order":0,"comment_status":"closed","ping_status":"closed","template":"","meta":{"footnotes":""},"class_list":["post-1214","page","type-page","status-publish","hentry","has-post-title","has-post-date","has-post-category","has-post-tag","has-post-comment","has-post-author",""],"builder_content":"<h3>Rinc\u00f3n del Estudiante<br\/><\/h3>\n<h2>Un programa educativo interactivo que combina teor\u00eda, pr\u00e1cticas experimentales y herramientas digitales para ayudar a los estudiantes a reducir los micropl\u00e1sticos en los textiles.<\/h2> <p>El Rinc\u00f3n del Estudiante tiene como objetivo promover la sostenibilidad en el sector textil a trav\u00e9s de diferentes soluciones educativas innovadoras en toda Europa.<\/p> <p>A trav\u00e9s de esta secci\u00f3n, tanto los estudiantes como los docentes tienen acceso a materiales formativos multiling\u00fces, que sirven como una \"enciclopedia\" sobre diversos y espec\u00edficos \u00e1mbitos de conocimiento de la industria textil, en relaci\u00f3n con los micropl\u00e1sticos, la contaminaci\u00f3n del agua y los textiles sostenibles.<\/p>\n<p>El programa incluye:<\/p>\n<img src=\"https:\/\/microweave-tex.eu\/wp-content\/uploads\/2026\/03\/Screenshot_110.png\" title=\"Screenshot_110\" alt=\"Screenshot_110\">\n<p>Materiales de aprendizaje interactivos<\/p>\n<img src=\"https:\/\/microweave-tex.eu\/wp-content\/uploads\/2026\/03\/Screenshot_111.png\" title=\"Screenshot_111\" alt=\"Screenshot_111\">\n<p>Glosario t\u00e9cnico especializado<\/p>\n<img src=\"https:\/\/microweave-tex.eu\/wp-content\/uploads\/2026\/03\/Screenshot_112.png\" title=\"Screenshot_112\" alt=\"Screenshot_112\">\n<p>Escape room y ejercicios pr\u00e1cticos<\/p>\n<img src=\"https:\/\/microweave-tex.eu\/wp-content\/uploads\/2026\/03\/a-team-of-web-developers-discusses-how-to-best-org-2026-01-07-01-03-05-utc-1024x683-800x350.jpg\" width=\"800\" height=\"350\" title=\"Materiales de aprendizaje interactivos\" alt=\"Materiales de aprendizaje interactivos\"> \n \n <h4>Materiales de aprendizaje interactivos<\/h4> The learning materials include engaging and interactive content using digital tools (Genially), designed to facilitate flexible learning. The e-learning course also encourages students and educators to engage at their own pace.\n<img src=\"https:\/\/microweave-tex.eu\/wp-content\/uploads\/2026\/03\/architectural-team-discussing-site-development-pla-2026-01-08-06-29-13-utc-1024x683-800x350.jpg\" width=\"800\" height=\"350\" title=\"Escape room y ejercicios pr\u00e1cticos\" alt=\"Escape room y ejercicios pr\u00e1cticos\"> \n \n <h4>Escape room y ejercicios pr\u00e1cticos<\/h4> The Escape room is going to be based on experiments regarding microplastics in the textile industry. The practical exercises include visual content (presentation, games, videos, quizzes) to simplify and make complex concepts more accessible.\n<img src=\"https:\/\/microweave-tex.eu\/wp-content\/uploads\/2026\/03\/close-up-of-opened-book-on-wooden-table-education-2026-01-07-00-56-45-utc-1024x683-800x350.jpg\" width=\"800\" height=\"350\" title=\"Glosario t\u00e9cnico especializado\" alt=\"Glosario t\u00e9cnico especializado\"> \n \n <h4>Glosario t\u00e9cnico especializado<\/h4> A multilingual (English, Spanish, Greek, Polish & Lithuanian) glossary integrating sustainability-related terminology, ensuring that students can access the comprehensive definitions of key terms related to microplastics, improving their understanding and communication of key sustainability concepts.\n<a href=\"#\" target=\"_blank\" rel=\"noopener\"> Learning Material <\/a>\n<p style=\"text-align: center;\">*Disponible en: ingl\u00e9s, espa\u00f1ol, griego, polaco y lituano<\/p>\n","_links":{"self":[{"href":"https:\/\/microweave-tex.eu\/es\/wp-json\/wp\/v2\/pages\/1214","targetHints":{"allow":["GET"]}}],"collection":[{"href":"https:\/\/microweave-tex.eu\/es\/wp-json\/wp\/v2\/pages"}],"about":[{"href":"https:\/\/microweave-tex.eu\/es\/wp-json\/wp\/v2\/types\/page"}],"author":[{"embeddable":true,"href":"https:\/\/microweave-tex.eu\/es\/wp-json\/wp\/v2\/users\/1"}],"replies":[{"embeddable":true,"href":"https:\/\/microweave-tex.eu\/es\/wp-json\/wp\/v2\/comments?post=1214"}],"version-history":[{"count":8,"href":"https:\/\/microweave-tex.eu\/es\/wp-json\/wp\/v2\/pages\/1214\/revisions"}],"predecessor-version":[{"id":1524,"href":"https:\/\/microweave-tex.eu\/es\/wp-json\/wp\/v2\/pages\/1214\/revisions\/1524"}],"wp:attachment":[{"href":"https:\/\/microweave-tex.eu\/es\/wp-json\/wp\/v2\/media?parent=1214"}],"curies":[{"name":"wp","href":"https:\/\/api.w.org\/{rel}","templated":true}]}}