{"id":1196,"date":"2026-02-20T13:26:35","date_gmt":"2026-02-20T13:26:35","guid":{"rendered":"https:\/\/microweave-tex.eu\/educators-hub\/"},"modified":"2026-04-07T14:34:42","modified_gmt":"2026-04-07T14:34:42","slug":"educators-hub","status":"publish","type":"page","link":"https:\/\/microweave-tex.eu\/lt\/educators-hub\/","title":{"rendered":"Educators&#8217; Hub"},"content":{"rendered":"<!--themify_builder_content-->\n<div id=\"themify_builder_content-1196\" data-postid=\"1196\" class=\"themify_builder_content themify_builder_content-1196 themify_builder tf_clear\">\n                    <div  data-css_id=\"zuja420\" data-lazy=\"1\" class=\"module_row themify_builder_row fullwidth tb_zuja420 tb_first tf_w\">\n                        <div class=\"row_inner col_align_top tb_col_count_1 tf_box tf_rel\">\n                        <div  data-lazy=\"1\" class=\"module_column tb-column col-full tb_l6d5420 first\">\n                    <!-- module fancy heading -->\n<div  class=\"module module-fancy-heading tb_qawa420  tb_hide_divider\" data-lazy=\"1\">\n        <h3 class=\"fancy-heading\">\n    <span class=\"main-head tf_block\">\n                    \u0160viet\u0117j\u0173 centras            <\/span>\n\n    \n    <span class=\"sub-head tf_block tf_rel\">\n                                <\/span>\n    <\/h3>\n<\/div>\n<!-- \/module fancy heading -->\n        <\/div>\n                        <\/div>\n        <\/div>\n                        <div  data-css_id=\"ezm7420\" data-lazy=\"1\" class=\"module_row themify_builder_row fullwidth tb_ezm7420 tf_w\">\n                        <div class=\"row_inner col_align_top tb_col_count_1 tf_box tf_rel\">\n                        <div  data-lazy=\"1\" class=\"module_column tb-column col-full tb_khca420 first\">\n                    <!-- module text -->\n<div  class=\"module module-text tb_jbaf420   \" data-lazy=\"1\">\n        <div  class=\"tb_text_wrap\">\n        <h3><span style=\"color: #999999;\">Modulin\u0117 mokymo programa,<\/span> <span style=\"color: #0079b2;\">kirta pad\u0117ti auk\u0161tojo mokslo d\u0117stytojams integruoti mokym\u0105 apie tvarum\u0105 ir mikroplastikus<\/span><span style=\"color: #999999;\"> \u012f savo mokymo programas.<\/span><\/h3>\n<p><span style=\"color: #000000;\">Mokym\u0173 centras siekia didinti tvarumo s\u0105moningum\u0105 tekstil\u0117s pramon\u0117je ir skatinti geresn\u012f bei prieinamesn\u012f \u0161vietim\u0105 apie pramon\u0117s poveik\u012f aplinkai.<\/span><\/p>\n<p>\u010cia pateikiama i\u0161sami ataskaita tema \u201ePa\u017eangiausios technologijos mikroplastik\u0173 ir sintetini\u0173 mikropluo\u0161t\u0173 i\u0161siskyrimo i\u0161 mados gamini\u0173 \u012f vanden\u012f ma\u017einimo srityje\u201c, kurioje pateikiami duomenys, atvej\u0173 analiz\u0117s, nustatyti i\u0161\u0161\u016bkiai ir s\u0117km\u0117s pavyzd\u017eiai, grind\u017eiami naujausiais moksliniais tyrimais.<\/p>\n<p><span style=\"color: #000000;\">Mokym\u0173 centras u\u017etikrina, kad parengta med\u017eiaga yra moksli\u0161kai pagr\u012fsta ir atitinka naujausias \u0161ios srities tendencijas, pateikdama i\u0161sami\u0105 ataskait\u0105. Ataskaitoje \u201ePa\u017eangiausios technologijos mikroplastik\u0173 ir sintetini\u0173 mikropluo\u0161t\u0173 i\u0161skyrimo i\u0161 mados gamini\u0173 \u012f vanden\u012f ma\u017einimo srityje\u201c pateikti duomenys, atvej\u0173 analiz\u0117s, i\u0161\u0161\u016bkiai ir s\u0117km\u0117s pavyzd\u017eiai, grind\u017eiami naujausiais moksliniais tyrimais.<\/span><\/p>    <\/div>\n<\/div>\n<!-- \/module text -->        <\/div>\n                        <\/div>\n        <\/div>\n                        <div  data-css_id=\"eas2420\" data-lazy=\"1\" class=\"module_row themify_builder_row fullwidth tb_eas2420 tf_w\">\n                        <div class=\"row_inner col_align_top tb_col_count_1 tf_box tf_rel\">\n                        <div  data-lazy=\"1\" class=\"module_column tb-column col-full tb_zj0e420 first\">\n                    <!-- module text -->\n<div  class=\"module module-text tb_t8te420   \" data-lazy=\"1\">\n        <div  class=\"tb_text_wrap\">\n        <p>Programoje numatyta:<\/p>    <\/div>\n<\/div>\n<!-- \/module text -->        <div  data-lazy=\"1\" class=\"module_subrow themify_builder_sub_row tf_w col_align_top tb_col_count_4 tb_h9jg420\">\n                <div  data-lazy=\"1\" class=\"module_column sub_column col4-1 tb_11by420 first\">\n                            <div  data-lazy=\"1\" class=\"module_subrow themify_builder_sub_row tf_w col_align_top tb_col_count_2 tb_wx7n420\">\n                <div  data-lazy=\"1\" class=\"module_column sub_column col4-2 tb_c7g6420 first\">\n                    <!-- module image -->\n<div  class=\"module module-image tb_j66r420 image-right   tf_mw\" data-lazy=\"1\">\n        <div class=\"image-wrap tf_rel tf_mw\">\n            <img loading=\"lazy\" decoding=\"async\" width=\"66\" height=\"104\" src=\"https:\/\/microweave-tex.eu\/wp-content\/uploads\/2026\/03\/Screenshot_110.png\" class=\"wp-post-image wp-image-941\" title=\"Screenshot_110\" alt=\"Screenshot_110\">    \n        <\/div>\n    <!-- \/image-wrap -->\n    \n        <\/div>\n<!-- \/module image -->        <\/div>\n                    <div  data-lazy=\"1\" class=\"module_column sub_column col4-2 tb_12w5420 last\">\n                    <!-- module text -->\n<div  class=\"module module-text tb_66z4420   \" data-lazy=\"1\">\n        <div  class=\"tb_text_wrap\">\n        <p>Mokymosi med\u017eiaga<\/p>    <\/div>\n<\/div>\n<!-- \/module text -->        <\/div>\n                    <\/div>\n                <\/div>\n                    <div  data-lazy=\"1\" class=\"module_column sub_column col4-1 tb_4hos420\">\n                            <div  data-lazy=\"1\" class=\"module_subrow themify_builder_sub_row tf_w col_align_top tb_col_count_2 tb_39ce420\">\n                <div  data-lazy=\"1\" class=\"module_column sub_column col4-2 tb_bi1u420 first\">\n                    <!-- module image -->\n<div  class=\"module module-image tb_bmjm420 image-right   tf_mw\" data-lazy=\"1\">\n        <div class=\"image-wrap tf_rel tf_mw\">\n            <img loading=\"lazy\" decoding=\"async\" width=\"71\" height=\"104\" src=\"https:\/\/microweave-tex.eu\/wp-content\/uploads\/2026\/03\/Screenshot_111.png\" class=\"wp-post-image wp-image-944\" title=\"Screenshot_111\" alt=\"Screenshot_111\">    \n        <\/div>\n    <!-- \/image-wrap -->\n    \n        <\/div>\n<!-- \/module image -->        <\/div>\n                    <div  data-lazy=\"1\" class=\"module_column sub_column col4-2 tb_ufhn420 last\">\n                    <!-- module text -->\n<div  class=\"module module-text tb_uc1m420   \" data-lazy=\"1\">\n        <div  class=\"tb_text_wrap\">\n        <p>Daugiakalbis \u017eodynas<\/p>    <\/div>\n<\/div>\n<!-- \/module text -->        <\/div>\n                    <\/div>\n                <\/div>\n                    <div  data-lazy=\"1\" class=\"module_column sub_column col4-1 tb_5jm9420\">\n                            <div  data-lazy=\"1\" class=\"module_subrow themify_builder_sub_row tf_w col_align_top tb_col_count_2 tb_8bxr420\">\n                <div  data-lazy=\"1\" class=\"module_column sub_column col4-2 tb_f5ml420 first\">\n                    <!-- module image -->\n<div  class=\"module module-image tb_3wtc420 image-right   tf_mw\" data-lazy=\"1\">\n        <div class=\"image-wrap tf_rel tf_mw\">\n            <img loading=\"lazy\" decoding=\"async\" width=\"67\" height=\"104\" src=\"https:\/\/microweave-tex.eu\/wp-content\/uploads\/2026\/03\/Screenshot_112.png\" class=\"wp-post-image wp-image-943\" title=\"Screenshot_112\" alt=\"Screenshot_112\">    \n        <\/div>\n    <!-- \/image-wrap -->\n    \n        <\/div>\n<!-- \/module image -->        <\/div>\n                    <div  data-lazy=\"1\" class=\"module_column sub_column col4-2 tb_f8x7420 last\">\n                    <!-- module text -->\n<div  class=\"module module-text tb_ev8f420   \" data-lazy=\"1\">\n        <div  class=\"tb_text_wrap\">\n        <p>Tinklalaid\u0117<\/p>    <\/div>\n<\/div>\n<!-- \/module text -->        <\/div>\n                    <\/div>\n                <\/div>\n                    <div  data-lazy=\"1\" class=\"module_column sub_column col4-1 tb_jdg9420 last\">\n                            <div  data-lazy=\"1\" class=\"module_subrow themify_builder_sub_row tf_w col_align_top tb_col_count_2 tb_i8du420\">\n                <div  data-lazy=\"1\" class=\"module_column sub_column col4-2 tb_k3yy420 first\">\n                    <!-- module image -->\n<div  class=\"module module-image tb_dsvg420 image-right   tf_mw\" data-lazy=\"1\">\n        <div class=\"image-wrap tf_rel tf_mw\">\n            <img loading=\"lazy\" decoding=\"async\" width=\"71\" height=\"110\" src=\"https:\/\/microweave-tex.eu\/wp-content\/uploads\/2026\/03\/Screenshot_113.png\" class=\"wp-post-image wp-image-942\" title=\"Screenshot_113\" alt=\"Screenshot_113\">    \n        <\/div>\n    <!-- \/image-wrap -->\n    \n        <\/div>\n<!-- \/module image -->        <\/div>\n                    <div  data-lazy=\"1\" class=\"module_column sub_column col4-2 tb_jiec420 last\">\n                    <!-- module text -->\n<div  class=\"module module-text tb_2beb420   \" data-lazy=\"1\">\n        <div  class=\"tb_text_wrap\">\n        <p>Strukt\u016brizuotos mokymo metodikos<\/p>    <\/div>\n<\/div>\n<!-- \/module text -->        <\/div>\n                    <\/div>\n                <\/div>\n                    <\/div>\n                <div  data-lazy=\"1\" class=\"module_subrow themify_builder_sub_row tf_w col_align_top tb_col_count_2 tb_eu4j420\">\n                <div  data-lazy=\"1\" class=\"module_column sub_column col4-2 tb_axcg420 first\">\n                    <!-- module image pro -->\n<div  class=\"module module-pro-image tb_w95n420 filter- effect- fullwidth_image  tf_textc   entrance-effect-partial-overlay\" data-lazy=\"1\" data-entrance-effect=\"partial-overlay\" data-exit-effect=\"\" >\n\t\n    <div class=\"image-pro-wrap tf_rel tf_overflow tf_inline_b\">\n\t\t\t\t<div class=\"image-pro-flip-box-wrap tf_rel tf_w tf_overflow\">\n\t\t\t<div class=\"image-pro-flip-box tf_rel\">\n\n\t\t\t\t<img loading=\"lazy\" decoding=\"async\" src=\"https:\/\/microweave-tex.eu\/wp-content\/uploads\/2026\/03\/colorful-sewing-threads-background-closeup-2026-01-07-23-39-40-utc-1024x677-800x350.jpg\" width=\"800\" height=\"350\" class=\"wp-post-image wp-image-1166\" title=\"Mokymosi med\u017eiaga\" alt=\"Mokymosi med\u017eiaga\">\n\t\t\t\t\t\t\t\t\t<div class=\"image-pro-overlay tf_hidden tf_abs\">\n\n\t\t\t\t\t\t\t\t\t\t\t\t\t<div class=\"image-pro-color-overlay tf_abs\" style=\"background-color:rgba(0,119,179, 0.81)\"><\/div>\n\t\t\t\t\t\t\n\t\t\t\t\t\t<div class=\"image-pro-overlay-inner\">\n\n\t\t\t\t\t\t\t\t\t\t\t\t\t\t\t<h4 class=\"image-pro-entity image-pro-title\">Mokymosi med\u017eiaga<\/h4>\n\t\t\t\t\t\t\t\t\n\t\t\t\t\t\t\t\t\t\t\t\t\t\t\t<div class=\"image-pro-entity image-pro-caption\">The learning materials will cover the core topics of microplastics and sustainable textile technologies (through Genially & RaskAI), to facilitate interactivity and efficiency in content and adapt it to various contexts and languages. They will offer flexible and engaging resources that cater to diverse learning preferences.<\/div>\n\t\t\t\t\t\t\t\t \n\t\t\t\t\t\t\t\n\t\t\t\t\t\t<\/div>\n\t\t\t\t\t<\/div><!-- .image-pro-overlay -->\n\t\t\t\t\n\t\t\t<\/div>\n\t\t<\/div>\n\n    <\/div><!-- .image-pro-wrap -->\n\n\t\t\t<div id=\"<br \/>\n<b>Warning<\/b>:  Undefined variable $modal_id in <b>\/home\/clients\/d469af49bc035503768fa5501207069c\/sites\/microweave-tex.eu\/wp-content\/plugins\/builder-image-pro\/templates\/template-pro-image.php<\/b> on line <b>204<\/b><br \/>\n\" class=\"tf_hide\">\n\t\t\t\t\t\t<\/div>\n\t\n\t\n\t<\/div><!-- \/module image pro --><!-- module image pro -->\n<div  class=\"module module-pro-image tb_o409420 filter- effect- fullwidth_image  tf_textc   entrance-effect-partial-overlay\" data-lazy=\"1\" data-entrance-effect=\"partial-overlay\" data-exit-effect=\"\" >\n\t\n    <div class=\"image-pro-wrap tf_rel tf_overflow tf_inline_b\">\n\t\t\t\t<div class=\"image-pro-flip-box-wrap tf_rel tf_w tf_overflow\">\n\t\t\t<div class=\"image-pro-flip-box tf_rel\">\n\n\t\t\t\t<img loading=\"lazy\" decoding=\"async\" src=\"https:\/\/microweave-tex.eu\/wp-content\/uploads\/2026\/03\/multiracial-hosts-doing-interview-while-streaming-2026-01-11-08-10-50-utc-1024x683-800x350.jpg\" width=\"800\" height=\"350\" class=\"wp-post-image wp-image-1168\" title=\"Tinklalaid\u0117\" alt=\"Tinklalaid\u0117\">\n\t\t\t\t\t\t\t\t\t<div class=\"image-pro-overlay tf_hidden tf_abs\">\n\n\t\t\t\t\t\t\t\t\t\t\t\t\t<div class=\"image-pro-color-overlay tf_abs\" style=\"background-color:rgba(0,0,0, 0.81)\"><\/div>\n\t\t\t\t\t\t\n\t\t\t\t\t\t<div class=\"image-pro-overlay-inner\">\n\n\t\t\t\t\t\t\t\t\t\t\t\t\t\t\t<h4 class=\"image-pro-entity image-pro-title\">Tinklalaid\u0117<\/h4>\n\t\t\t\t\t\t\t\t\n\t\t\t\t\t\t\t\t\t\t\t\t\t\t\t<div class=\"image-pro-entity image-pro-caption\">The podcasts will focus on sustainability and microplastics in textiles. They will feature discussions with experts and insights into current industry practices and solutions. The podcasts also will support educators with ready-to-use content, offering a more diverse educational format.<\/div>\n\t\t\t\t\t\t\t\t \n\t\t\t\t\t\t\t\n\t\t\t\t\t\t<\/div>\n\t\t\t\t\t<\/div><!-- .image-pro-overlay -->\n\t\t\t\t\n\t\t\t<\/div>\n\t\t<\/div>\n\n    <\/div><!-- .image-pro-wrap -->\n\n\t\n\t\n\t<\/div><!-- \/module image pro -->        <\/div>\n                    <div  data-lazy=\"1\" class=\"module_column sub_column col4-2 tb_e7z4420 last\">\n                    <!-- module image pro -->\n<div  class=\"module module-pro-image tb_f34g420 filter- effect- fullwidth_image  tf_textc   entrance-effect-partial-overlay\" data-lazy=\"1\" data-entrance-effect=\"partial-overlay\" data-exit-effect=\"\" >\n\t\n    <div class=\"image-pro-wrap tf_rel tf_overflow tf_inline_b\">\n\t\t\t\t<div class=\"image-pro-flip-box-wrap tf_rel tf_w tf_overflow\">\n\t\t\t<div class=\"image-pro-flip-box tf_rel\">\n\n\t\t\t\t<img loading=\"lazy\" decoding=\"async\" src=\"https:\/\/microweave-tex.eu\/wp-content\/uploads\/2026\/03\/dictionary-definition-of-word-2026-01-08-22-40-11-utc-1024x683-800x350.jpg\" width=\"800\" height=\"350\" class=\"wp-post-image wp-image-1167\" title=\"Daugiakalbis \u017eodynas\" alt=\"Daugiakalbis \u017eodynas\">\n\t\t\t\t\t\t\t\t\t<div class=\"image-pro-overlay tf_hidden tf_abs\">\n\n\t\t\t\t\t\t\t\t\t\t\t\t\t<div class=\"image-pro-color-overlay tf_abs\" style=\"background-color:rgba(99,99,99, 0.81)\"><\/div>\n\t\t\t\t\t\t\n\t\t\t\t\t\t<div class=\"image-pro-overlay-inner\">\n\n\t\t\t\t\t\t\t\t\t\t\t\t\t\t\t<h4 class=\"image-pro-entity image-pro-title\">Daugiakalbis \u017eodynas<\/h4>\n\t\t\t\t\t\t\t\t\n\t\t\t\t\t\t\t\t\t\t\t\t\t\t\t<div class=\"image-pro-entity image-pro-caption\">The Multilingual Interpretive Dictionary will standardize terminology relating to microplastics and sustainability, make it more clarifying and consistent across different languages, and supporting accessibility and coherency of content as well.<\/div>\n\t\t\t\t\t\t\t\t \n\t\t\t\t\t\t\t\n\t\t\t\t\t\t<\/div>\n\t\t\t\t\t<\/div><!-- .image-pro-overlay -->\n\t\t\t\t\n\t\t\t<\/div>\n\t\t<\/div>\n\n    <\/div><!-- .image-pro-wrap -->\n\n\t\n\t\n\t<\/div><!-- \/module image pro --><!-- module image pro -->\n<div  class=\"module module-pro-image tb_36jw420 filter- effect- fullwidth_image  tf_textc   entrance-effect-partial-overlay\" data-lazy=\"1\" data-entrance-effect=\"partial-overlay\" data-exit-effect=\"\" >\n\t\n    <div class=\"image-pro-wrap tf_rel tf_overflow tf_inline_b\">\n\t\t\t\t<div class=\"image-pro-flip-box-wrap tf_rel tf_w tf_overflow\">\n\t\t\t<div class=\"image-pro-flip-box tf_rel\">\n\n\t\t\t\t<img loading=\"lazy\" decoding=\"async\" src=\"https:\/\/microweave-tex.eu\/wp-content\/uploads\/2026\/03\/group-of-business-2026-01-07-02-10-35-utc-1024x511-800x350.jpg\" width=\"800\" height=\"350\" class=\"wp-post-image wp-image-1169\" title=\"Strukt\u016brizuotos mokymo metodikos\" alt=\"Strukt\u016brizuotos mokymo metodikos\">\n\t\t\t\t\t\t\t\t\t<div class=\"image-pro-overlay tf_hidden tf_abs\">\n\n\t\t\t\t\t\t\t\t\t\t\t\t\t<div class=\"image-pro-color-overlay tf_abs\" style=\"background-color:rgba(255,255,255, 0.81)\"><\/div>\n\t\t\t\t\t\t\n\t\t\t\t\t\t<div class=\"image-pro-overlay-inner\">\n\n\t\t\t\t\t\t\t\t\t\t\t\t\t\t\t<h4 class=\"image-pro-entity image-pro-title\">Strukt\u016brizuotos mokymo metodikos<\/h4>\n\t\t\t\t\t\t\t\t\n\t\t\t\t\t\t\t\t\t\t\t\t\t\t\t<div class=\"image-pro-entity image-pro-caption\">The methodologies will focus on microplastics, textile sustainability, and technologies to reduce microfibre release. The curriculum will integrate theory and practical experiments, as well as how to incorporate the 'Escape rooms' from the Students' Hub into classrooms as an interactive teaching tool.\n\nThe 'Escape rooms' methodology introduces an innovative and interactive approach to teaching, making complex topics more memorable.<\/div>\n\t\t\t\t\t\t\t\t \n\t\t\t\t\t\t\t\n\t\t\t\t\t\t<\/div>\n\t\t\t\t\t<\/div><!-- .image-pro-overlay -->\n\t\t\t\t\n\t\t\t<\/div>\n\t\t<\/div>\n\n    <\/div><!-- .image-pro-wrap -->\n\n\t\n\t\n\t<\/div><!-- \/module image pro -->        <\/div>\n                    <\/div>\n                <\/div>\n                        <\/div>\n        <\/div>\n                        <div  data-css_id=\"ldz8420\" data-lazy=\"1\" class=\"module_row themify_builder_row fullwidth tb_ldz8420 tf_w\">\n                        <div class=\"row_inner col_align_top tb_col_count_1 tf_box tf_rel\">\n                        <div  data-lazy=\"1\" class=\"module_column tb-column col-full tb_5758420 first\">\n                    <!-- module buttons -->\n<div  class=\"module module-buttons tb_3wf6420 buttons-horizontal solid   rounded\" data-lazy=\"1\">\n        <div class=\"module-buttons-item tf_in_flx\">\n                        <a href=\"#\" class=\"ui builder_button tf_in_flx tb_default_color\" target=\"_blank\" rel=\"noopener\">\n                                                Learning Material                                        <\/a>\n                <\/div>\n            <\/div>\n<!-- \/module buttons -->\n        <\/div>\n                        <\/div>\n        <\/div>\n                        <div  data-lazy=\"1\" class=\"module_row themify_builder_row tb_k3t8420 tf_w\">\n                        <div class=\"row_inner col_align_top tb_col_count_1 tf_box tf_rel\">\n                        <div  data-lazy=\"1\" class=\"module_column tb-column col-full tb_b4ka420 first\">\n                    <!-- module text -->\n<div  class=\"module module-text tb_hyiv420   \" data-lazy=\"1\">\n        <div  class=\"tb_text_wrap\">\n        <p style=\"text-align: center;\">*Prieinama \u0161iomis kalbomis: angl\u0173, ispan\u0173, graik\u0173, lenk\u0173 ir lietuvi\u0173.<\/p>    <\/div>\n<\/div>\n<!-- \/module text -->        <\/div>\n                        <\/div>\n        <\/div>\n                        <div  data-css_id=\"u8po419\" data-lazy=\"1\" class=\"module_row themify_builder_row fullwidth tb_u8po419 tf_w\">\n            <span class=\"tb_row_frame_wrap tf_overflow tf_abs\" data-lazy=\"1\"><span class=\"tb_row_frame tb_row_frame_top  tf_abs tf_hide tf_overflow tf_w\"><\/span><span class=\"tb_row_frame tb_row_frame_bottom  tf_abs tf_hide tf_overflow tf_w\"><\/span><\/span>            <div class=\"row_inner col_align_top tb_col_count_1 tf_box tf_rel\">\n                        <div  data-lazy=\"1\" class=\"module_column tb-column col-full tb_s4ei419 first\">\n                            <\/div>\n                        <\/div>\n        <\/div>\n        <\/div>\n<!--\/themify_builder_content-->","protected":false},"excerpt":{"rendered":"<p>Modulin\u0117 mokymo programa, kirta pad\u0117ti auk\u0161tojo mokslo d\u0117stytojams integruoti mokym\u0105 apie tvarum\u0105 ir mikroplastikus \u012f savo mokymo programas. Mokym\u0173 centras siekia didinti tvarumo s\u0105moningum\u0105 tekstil\u0117s pramon\u0117je ir skatinti geresn\u012f bei prieinamesn\u012f \u0161vietim\u0105 apie pramon\u0117s poveik\u012f aplinkai. \u010cia pateikiama i\u0161sami ataskaita tema \u201ePa\u017eangiausios technologijos mikroplastik\u0173 ir sintetini\u0173 mikropluo\u0161t\u0173 i\u0161siskyrimo i\u0161 mados gamini\u0173 \u012f vanden\u012f ma\u017einimo srityje\u201c, [&hellip;]<\/p>\n","protected":false},"author":1,"featured_media":0,"parent":0,"menu_order":0,"comment_status":"closed","ping_status":"closed","template":"","meta":{"footnotes":""},"class_list":["post-1196","page","type-page","status-publish","hentry","has-post-title","has-post-date","has-post-category","has-post-tag","has-post-comment","has-post-author",""],"builder_content":"<h3>\u0160viet\u0117j\u0173 centras<br\/><\/h3>\n<h3>Modulin\u0117 mokymo programa, kirta pad\u0117ti auk\u0161tojo mokslo d\u0117stytojams integruoti mokym\u0105 apie tvarum\u0105 ir mikroplastikus \u012f savo mokymo programas.<\/h3> <p>Mokym\u0173 centras siekia didinti tvarumo s\u0105moningum\u0105 tekstil\u0117s pramon\u0117je ir skatinti geresn\u012f bei prieinamesn\u012f \u0161vietim\u0105 apie pramon\u0117s poveik\u012f aplinkai.<\/p> <p>\u010cia pateikiama i\u0161sami ataskaita tema \u201ePa\u017eangiausios technologijos mikroplastik\u0173 ir sintetini\u0173 mikropluo\u0161t\u0173 i\u0161siskyrimo i\u0161 mados gamini\u0173 \u012f vanden\u012f ma\u017einimo srityje\u201c, kurioje pateikiami duomenys, atvej\u0173 analiz\u0117s, nustatyti i\u0161\u0161\u016bkiai ir s\u0117km\u0117s pavyzd\u017eiai, grind\u017eiami naujausiais moksliniais tyrimais.<\/p> <p>Mokym\u0173 centras u\u017etikrina, kad parengta med\u017eiaga yra moksli\u0161kai pagr\u012fsta ir atitinka naujausias \u0161ios srities tendencijas, pateikdama i\u0161sami\u0105 ataskait\u0105. Ataskaitoje \u201ePa\u017eangiausios technologijos mikroplastik\u0173 ir sintetini\u0173 mikropluo\u0161t\u0173 i\u0161skyrimo i\u0161 mados gamini\u0173 \u012f vanden\u012f ma\u017einimo srityje\u201c pateikti duomenys, atvej\u0173 analiz\u0117s, i\u0161\u0161\u016bkiai ir s\u0117km\u0117s pavyzd\u017eiai, grind\u017eiami naujausiais moksliniais tyrimais.<\/p>\n<p>Programoje numatyta:<\/p>\n<img src=\"https:\/\/microweave-tex.eu\/wp-content\/uploads\/2026\/03\/Screenshot_110.png\" title=\"Screenshot_110\" alt=\"Screenshot_110\">\n<p>Mokymosi med\u017eiaga<\/p>\n<img src=\"https:\/\/microweave-tex.eu\/wp-content\/uploads\/2026\/03\/Screenshot_111.png\" title=\"Screenshot_111\" alt=\"Screenshot_111\">\n<p>Daugiakalbis \u017eodynas<\/p>\n<img src=\"https:\/\/microweave-tex.eu\/wp-content\/uploads\/2026\/03\/Screenshot_112.png\" title=\"Screenshot_112\" alt=\"Screenshot_112\">\n<p>Tinklalaid\u0117<\/p>\n<img src=\"https:\/\/microweave-tex.eu\/wp-content\/uploads\/2026\/03\/Screenshot_113.png\" title=\"Screenshot_113\" alt=\"Screenshot_113\">\n<p>Strukt\u016brizuotos mokymo metodikos<\/p>\n<img src=\"https:\/\/microweave-tex.eu\/wp-content\/uploads\/2026\/03\/colorful-sewing-threads-background-closeup-2026-01-07-23-39-40-utc-1024x677-800x350.jpg\" width=\"800\" height=\"350\" title=\"Mokymosi med\u017eiaga\" alt=\"Mokymosi med\u017eiaga\"> \n \n <h4>Mokymosi med\u017eiaga<\/h4> The learning materials will cover the core topics of microplastics and sustainable textile technologies (through Genially & RaskAI), to facilitate interactivity and efficiency in content and adapt it to various contexts and languages. They will offer flexible and engaging resources that cater to diverse learning preferences. \n \n <b>Warning<\/b>: Undefined variable $modal_id in <b>\/home\/clients\/d469af49bc035503768fa5501207069c\/sites\/microweave-tex.eu\/wp-content\/plugins\/builder-image-pro\/templates\/template-pro-image.php<\/b> on line <b>204<\/b><br \/> \">\n<img src=\"https:\/\/microweave-tex.eu\/wp-content\/uploads\/2026\/03\/multiracial-hosts-doing-interview-while-streaming-2026-01-11-08-10-50-utc-1024x683-800x350.jpg\" width=\"800\" height=\"350\" title=\"Tinklalaid\u0117\" alt=\"Tinklalaid\u0117\"> \n \n <h4>Tinklalaid\u0117<\/h4> The podcasts will focus on sustainability and microplastics in textiles. They will feature discussions with experts and insights into current industry practices and solutions. The podcasts also will support educators with ready-to-use content, offering a more diverse educational format.\n<img src=\"https:\/\/microweave-tex.eu\/wp-content\/uploads\/2026\/03\/dictionary-definition-of-word-2026-01-08-22-40-11-utc-1024x683-800x350.jpg\" width=\"800\" height=\"350\" title=\"Daugiakalbis \u017eodynas\" alt=\"Daugiakalbis \u017eodynas\"> \n \n <h4>Daugiakalbis \u017eodynas<\/h4> The Multilingual Interpretive Dictionary will standardize terminology relating to microplastics and sustainability, make it more clarifying and consistent across different languages, and supporting accessibility and coherency of content as well.\n<img src=\"https:\/\/microweave-tex.eu\/wp-content\/uploads\/2026\/03\/group-of-business-2026-01-07-02-10-35-utc-1024x511-800x350.jpg\" width=\"800\" height=\"350\" title=\"Strukt\u016brizuotos mokymo metodikos\" alt=\"Strukt\u016brizuotos mokymo metodikos\"> \n \n <h4>Strukt\u016brizuotos mokymo metodikos<\/h4> The methodologies will focus on microplastics, textile sustainability, and technologies to reduce microfibre release. The curriculum will integrate theory and practical experiments, as well as how to incorporate the 'Escape rooms' from the Students' Hub into classrooms as an interactive teaching tool.\nThe 'Escape rooms' methodology introduces an innovative and interactive approach to teaching, making complex topics more memorable.\n<a href=\"#\" target=\"_blank\" rel=\"noopener\"> Learning Material <\/a>\n<p style=\"text-align: center;\">*Prieinama \u0161iomis kalbomis: angl\u0173, ispan\u0173, graik\u0173, lenk\u0173 ir lietuvi\u0173.<\/p>","_links":{"self":[{"href":"https:\/\/microweave-tex.eu\/lt\/wp-json\/wp\/v2\/pages\/1196","targetHints":{"allow":["GET"]}}],"collection":[{"href":"https:\/\/microweave-tex.eu\/lt\/wp-json\/wp\/v2\/pages"}],"about":[{"href":"https:\/\/microweave-tex.eu\/lt\/wp-json\/wp\/v2\/types\/page"}],"author":[{"embeddable":true,"href":"https:\/\/microweave-tex.eu\/lt\/wp-json\/wp\/v2\/users\/1"}],"replies":[{"embeddable":true,"href":"https:\/\/microweave-tex.eu\/lt\/wp-json\/wp\/v2\/comments?post=1196"}],"version-history":[{"count":5,"href":"https:\/\/microweave-tex.eu\/lt\/wp-json\/wp\/v2\/pages\/1196\/revisions"}],"predecessor-version":[{"id":1473,"href":"https:\/\/microweave-tex.eu\/lt\/wp-json\/wp\/v2\/pages\/1196\/revisions\/1473"}],"wp:attachment":[{"href":"https:\/\/microweave-tex.eu\/lt\/wp-json\/wp\/v2\/media?parent=1196"}],"curies":[{"name":"wp","href":"https:\/\/api.w.org\/{rel}","templated":true}]}}