{"id":1212,"date":"2026-02-20T12:00:56","date_gmt":"2026-02-20T12:00:56","guid":{"rendered":"https:\/\/microweave-tex.eu\/students-hub\/"},"modified":"2026-04-07T14:35:01","modified_gmt":"2026-04-07T14:35:01","slug":"students-hub","status":"publish","type":"page","link":"https:\/\/microweave-tex.eu\/lt\/students-hub\/","title":{"rendered":"Students&#8217; Hub"},"content":{"rendered":"<!--themify_builder_content-->\n<div id=\"themify_builder_content-1212\" data-postid=\"1212\" class=\"themify_builder_content themify_builder_content-1212 themify_builder tf_clear\">\n                    <div  data-css_id=\"fwkp363\" data-lazy=\"1\" class=\"module_row themify_builder_row fullwidth tb_fwkp363 tb_first tf_w\">\n                        <div class=\"row_inner col_align_top tb_col_count_1 tf_box tf_rel\">\n                        <div  data-lazy=\"1\" class=\"module_column tb-column col-full tb_3s0s363 first\">\n                    <!-- module fancy heading -->\n<div  class=\"module module-fancy-heading tb_sm3c363  tb_hide_divider\" data-lazy=\"1\">\n        <h3 class=\"fancy-heading\">\n    <span class=\"main-head tf_block\">\n                    Student\u0173 centras            <\/span>\n\n    \n    <span class=\"sub-head tf_block tf_rel\">\n                                <\/span>\n    <\/h3>\n<\/div>\n<!-- \/module fancy heading -->\n        <\/div>\n                        <\/div>\n        <\/div>\n                        <div  data-css_id=\"92st363\" data-lazy=\"1\" class=\"module_row themify_builder_row fullwidth tb_92st363 tf_w\">\n                        <div class=\"row_inner col_align_top tb_col_count_1 tf_box tf_rel\">\n                        <div  data-lazy=\"1\" class=\"module_column tb-column col-full tb_r3qz363 first\">\n                    <!-- module text -->\n<div  class=\"module module-text tb_y3pv363   \" data-lazy=\"1\">\n        <div  class=\"tb_text_wrap\">\n        <h2><span style=\"font-weight: bold;\"><span style=\"color: #b5b5b5;\"><span class=\"a_GcMg font-feature-liga-off font-feature-clig-off font-feature-calt-off text-decoration-none text-strikethrough-none\">Interaktyvi mokymo programa, apimanti<\/span><\/span> <span style=\"color: #0079b2;\"><span class=\"a_GcMg font-feature-liga-off font-feature-clig-off font-feature-calt-off text-decoration-none text-strikethrough-none\">teorij\u0105, eksperimentinius u\u017esi\u0117mimus<\/span><\/span>\u00a0<span style=\"color: #b5b5b5;\">ir <\/span><span style=\"color: #0079b2;\"><span class=\"a_GcMg font-feature-liga-off font-feature-clig-off font-feature-calt-off text-decoration-none text-strikethrough-none\">skaitmenines priemones<\/span><\/span><span style=\"color: #b5b5b5;\"> skirta pad\u0117ti studentams suma\u017einti i\u0161 tekstil\u0117s gamini\u0173 i\u0161siskirian\u010di\u0173 mikroplastik\u0173 kiek\u012f.<\/span><\/span><\/h2>\n<p><span style=\"font-size: 1.4em; letter-spacing: -0.02em; color: #000000;\"><span class=\"a_GcMg font-feature-liga-off font-feature-clig-off font-feature-calt-off text-decoration-none text-strikethrough-none\">Student\u0173 centras siekia skatinti tekstil\u0117s pramon\u0117s tvarum\u0105 visoje Europoje, taikydamas \u012fvairius novatori\u0161kus edukacinius sprendimus.<\/span><\/span><\/p>\n<p><span style=\"color: #000000;\"><span style=\"font-size: 1.4em; letter-spacing: -0.02em;\"><span class=\"a_GcMg font-feature-liga-off font-feature-clig-off font-feature-calt-off text-decoration-none text-strikethrough-none\">\u0160iame skyriuje tiek studentai, tiek d\u0117stytojai gali naudotis daugiakalbe mokom\u0105ja med\u017eiaga, kuri yra tarsi \u201eenciklopedija\u201c, apimanti \u012fvairias ir skirtingas tekstil\u0117s pramon\u0117s sritis, susijusias su mikroplastiku, vandens tar\u0161a ir tvari\u0105ja tekstile.<\/span><\/span><\/span><\/p>    <\/div>\n<\/div>\n<!-- \/module text -->        <\/div>\n                        <\/div>\n        <\/div>\n                        <div  data-css_id=\"co9x363\" data-lazy=\"1\" class=\"module_row themify_builder_row fullwidth tb_co9x363 tf_w\">\n                        <div class=\"row_inner col_align_top tb_col_count_1 tf_box tf_rel\">\n                        <div  data-lazy=\"1\" class=\"module_column tb-column col-full tb_tyw8363 first\">\n                    <!-- module text -->\n<div  class=\"module module-text tb_8lok363   \" data-lazy=\"1\">\n        <div  class=\"tb_text_wrap\">\n        <p>Programa apima:<\/p>    <\/div>\n<\/div>\n<!-- \/module text -->        <\/div>\n                        <\/div>\n        <\/div>\n                        <div  data-css_id=\"hdha362\" data-lazy=\"1\" class=\"module_row themify_builder_row fullwidth tb_hdha362 tf_w\">\n                        <div class=\"row_inner col_align_top tb_col_count_1 tf_box tf_rel\">\n                        <div  data-lazy=\"1\" class=\"module_column tb-column col-full tb_3e63362 first\">\n                            <div  data-lazy=\"1\" class=\"module_subrow themify_builder_sub_row tf_w col_align_top tb_col_count_3 tb_um2b362\">\n                <div  data-lazy=\"1\" class=\"module_column sub_column col3-1 tb_l0rz363 first\">\n                            <div  data-lazy=\"1\" class=\"module_subrow themify_builder_sub_row tf_w col_align_top tb_col_count_2 tb_wt2u363\">\n                <div  data-lazy=\"1\" class=\"module_column sub_column col4-2 tb_hiv9363 first\">\n                    <!-- module image -->\n<div  class=\"module module-image tb_cgch363 image-right   tf_mw\" data-lazy=\"1\">\n        <div class=\"image-wrap tf_rel tf_mw\">\n            <img loading=\"lazy\" decoding=\"async\" width=\"66\" height=\"104\" src=\"https:\/\/microweave-tex.eu\/wp-content\/uploads\/2026\/03\/Screenshot_110.png\" class=\"wp-post-image wp-image-941\" title=\"Screenshot_110\" alt=\"Screenshot_110\">    \n        <\/div>\n    <!-- \/image-wrap -->\n    \n        <\/div>\n<!-- \/module image -->        <\/div>\n                    <div  data-lazy=\"1\" class=\"module_column sub_column col4-2 tb_80fa363 last\">\n                    <!-- module text -->\n<div  class=\"module module-text tb_jnrl363   \" data-lazy=\"1\">\n        <div  class=\"tb_text_wrap\">\n        <p>Interaktyvias mokymosi med\u017eiagas<\/p>    <\/div>\n<\/div>\n<!-- \/module text -->        <\/div>\n                    <\/div>\n                <\/div>\n                    <div  data-lazy=\"1\" class=\"module_column sub_column col3-1 tb_wl0p363\">\n                            <div  data-lazy=\"1\" class=\"module_subrow themify_builder_sub_row tf_w col_align_top tb_col_count_2 tb_17c7363\">\n                <div  data-lazy=\"1\" class=\"module_column sub_column col4-2 tb_r35s363 first\">\n                    <!-- module image -->\n<div  class=\"module module-image tb_i1fi363 image-right   tf_mw\" data-lazy=\"1\">\n        <div class=\"image-wrap tf_rel tf_mw\">\n            <img loading=\"lazy\" decoding=\"async\" width=\"71\" height=\"104\" src=\"https:\/\/microweave-tex.eu\/wp-content\/uploads\/2026\/03\/Screenshot_111.png\" class=\"wp-post-image wp-image-944\" title=\"Screenshot_111\" alt=\"Screenshot_111\">    \n        <\/div>\n    <!-- \/image-wrap -->\n    \n        <\/div>\n<!-- \/module image -->        <\/div>\n                    <div  data-lazy=\"1\" class=\"module_column sub_column col4-2 tb_kigu363 last\">\n                    <!-- module text -->\n<div  class=\"module module-text tb_isrn363   \" data-lazy=\"1\">\n        <div  class=\"tb_text_wrap\">\n        <p>Specializuot\u0105 technin\u012f \u017eodyn\u0105<\/p>    <\/div>\n<\/div>\n<!-- \/module text -->        <\/div>\n                    <\/div>\n                <\/div>\n                    <div  data-lazy=\"1\" class=\"module_column sub_column col3-1 tb_mfb7362 last\">\n                            <div  data-lazy=\"1\" class=\"module_subrow themify_builder_sub_row tf_w col_align_top tb_col_count_2 tb_teo0362\">\n                <div  data-lazy=\"1\" class=\"module_column sub_column col4-2 tb_98fp362 first\">\n                    <!-- module image -->\n<div  class=\"module module-image tb_cm0t362 image-right   tf_mw\" data-lazy=\"1\">\n        <div class=\"image-wrap tf_rel tf_mw\">\n            <img loading=\"lazy\" decoding=\"async\" width=\"67\" height=\"104\" src=\"https:\/\/microweave-tex.eu\/wp-content\/uploads\/2026\/03\/Screenshot_112.png\" class=\"wp-post-image wp-image-943\" title=\"Screenshot_112\" alt=\"Screenshot_112\">    \n        <\/div>\n    <!-- \/image-wrap -->\n    \n        <\/div>\n<!-- \/module image -->        <\/div>\n                    <div  data-lazy=\"1\" class=\"module_column sub_column col4-2 tb_4boh362 last\">\n                    <!-- module text -->\n<div  class=\"module module-text tb_usyp362   \" data-lazy=\"1\">\n        <div  class=\"tb_text_wrap\">\n        <p>Pab\u0117gimo kambar\u012f ir praktinius u\u017esi\u0117mimus<\/p>    <\/div>\n<\/div>\n<!-- \/module text -->        <\/div>\n                    <\/div>\n                <\/div>\n                    <\/div>\n                <div  data-lazy=\"1\" class=\"module_subrow themify_builder_sub_row tf_w col_align_top tb_col_count_2 tb_oqnf362\">\n                <div  data-lazy=\"1\" class=\"module_column sub_column col4-2 tb_lff9362 first\">\n                    <!-- module image pro -->\n<div  class=\"module module-pro-image tb_vg9w362 filter- effect- fullwidth_image  tf_textc   entrance-effect-partial-overlay\" data-lazy=\"1\" data-entrance-effect=\"partial-overlay\" data-exit-effect=\"\" >\n\t\n    <div class=\"image-pro-wrap tf_rel tf_overflow tf_inline_b\">\n\t\t\t\t<div class=\"image-pro-flip-box-wrap tf_rel tf_w tf_overflow\">\n\t\t\t<div class=\"image-pro-flip-box tf_rel\">\n\n\t\t\t\t<img loading=\"lazy\" decoding=\"async\" src=\"https:\/\/microweave-tex.eu\/wp-content\/uploads\/2026\/03\/a-team-of-web-developers-discusses-how-to-best-org-2026-01-07-01-03-05-utc-1024x683-800x350.jpg\" width=\"800\" height=\"350\" class=\"wp-post-image wp-image-1161\" title=\"Interaktyvias mokymosi med\u017eiagas\" alt=\"Interaktyvias mokymosi med\u017eiagas\">\n\t\t\t\t\t\t\t\t\t<div class=\"image-pro-overlay tf_hidden tf_abs\">\n\n\t\t\t\t\t\t\t\t\t\t\t\t\t<div class=\"image-pro-color-overlay tf_abs\" style=\"background-color:rgba(99,99,99, 0.81)\"><\/div>\n\t\t\t\t\t\t\n\t\t\t\t\t\t<div class=\"image-pro-overlay-inner\">\n\n\t\t\t\t\t\t\t\t\t\t\t\t\t\t\t<h4 class=\"image-pro-entity image-pro-title\">Interaktyvias mokymosi med\u017eiagas<\/h4>\n\t\t\t\t\t\t\t\t\n\t\t\t\t\t\t\t\t\t\t\t\t\t\t\t<div class=\"image-pro-entity image-pro-caption\">The learning materials include engaging and interactive content using digital tools (Genially), designed to facilitate flexible learning. The e-learning course also encourages students and educators to engage at their own pace.<\/div>\n\t\t\t\t\t\t\t\t \n\t\t\t\t\t\t\t\n\t\t\t\t\t\t<\/div>\n\t\t\t\t\t<\/div><!-- .image-pro-overlay -->\n\t\t\t\t\n\t\t\t<\/div>\n\t\t<\/div>\n\n    <\/div><!-- .image-pro-wrap -->\n\n\t\n\t\n\t<\/div><!-- \/module image pro --><!-- module image pro -->\n<div  class=\"module module-pro-image tb_3g15362 filter- effect- fullwidth_image  tf_textc   entrance-effect-partial-overlay\" data-lazy=\"1\" data-entrance-effect=\"partial-overlay\" data-exit-effect=\"\" >\n\t\n    <div class=\"image-pro-wrap tf_rel tf_overflow tf_inline_b\">\n\t\t\t\t<div class=\"image-pro-flip-box-wrap tf_rel tf_w tf_overflow\">\n\t\t\t<div class=\"image-pro-flip-box tf_rel\">\n\n\t\t\t\t<img loading=\"lazy\" decoding=\"async\" src=\"https:\/\/microweave-tex.eu\/wp-content\/uploads\/2026\/03\/architectural-team-discussing-site-development-pla-2026-01-08-06-29-13-utc-1024x683-800x350.jpg\" width=\"800\" height=\"350\" class=\"wp-post-image wp-image-1163\" title=\"Pab\u0117gimo kambar\u012f ir praktinius u\u017esi\u0117mimus\" alt=\"Pab\u0117gimo kambar\u012f ir praktinius u\u017esi\u0117mimus\">\n\t\t\t\t\t\t\t\t\t<div class=\"image-pro-overlay tf_hidden tf_abs\">\n\n\t\t\t\t\t\t\t\t\t\t\t\t\t<div class=\"image-pro-color-overlay tf_abs\" style=\"background-color:rgba(255,255,255, 0.81)\"><\/div>\n\t\t\t\t\t\t\n\t\t\t\t\t\t<div class=\"image-pro-overlay-inner\">\n\n\t\t\t\t\t\t\t\t\t\t\t\t\t\t\t<h4 class=\"image-pro-entity image-pro-title\">Pab\u0117gimo kambar\u012f ir praktinius u\u017esi\u0117mimus<\/h4>\n\t\t\t\t\t\t\t\t\n\t\t\t\t\t\t\t\t\t\t\t\t\t\t\t<div class=\"image-pro-entity image-pro-caption\">The Escape room is going to be based on experiments regarding microplastics in the textile industry. The practical exercises include visual content (presentation, games, videos, quizzes) to simplify and make complex concepts more accessible.<\/div>\n\t\t\t\t\t\t\t\t \n\t\t\t\t\t\t\t\n\t\t\t\t\t\t<\/div>\n\t\t\t\t\t<\/div><!-- .image-pro-overlay -->\n\t\t\t\t\n\t\t\t<\/div>\n\t\t<\/div>\n\n    <\/div><!-- .image-pro-wrap -->\n\n\t\n\t\n\t<\/div><!-- \/module image pro -->        <\/div>\n                    <div  data-lazy=\"1\" class=\"module_column sub_column col4-2 tb_l94v362 last\">\n                    <!-- module image pro -->\n<div  class=\"module module-pro-image tb_cvp8362 filter- effect- fullwidth_image  tf_textc   entrance-effect-partial-overlay\" data-lazy=\"1\" data-entrance-effect=\"partial-overlay\" data-exit-effect=\"\" >\n\t\n    <div class=\"image-pro-wrap tf_rel tf_overflow tf_inline_b\">\n\t\t\t\t<div class=\"image-pro-flip-box-wrap tf_rel tf_w tf_overflow\">\n\t\t\t<div class=\"image-pro-flip-box tf_rel\">\n\n\t\t\t\t<img loading=\"lazy\" decoding=\"async\" src=\"https:\/\/microweave-tex.eu\/wp-content\/uploads\/2026\/03\/close-up-of-opened-book-on-wooden-table-education-2026-01-07-00-56-45-utc-1024x683-800x350.jpg\" width=\"800\" height=\"350\" class=\"wp-post-image wp-image-1162\" title=\"Specializuot\u0105 technin\u012f \u017eodyn\u0105\" alt=\"Specializuot\u0105 technin\u012f \u017eodyn\u0105\">\n\t\t\t\t\t\t\t\t\t<div class=\"image-pro-overlay tf_hidden tf_abs\">\n\n\t\t\t\t\t\t\t\t\t\t\t\t\t<div class=\"image-pro-color-overlay tf_abs\" style=\"background-color:rgba(0,0,0, 0.81)\"><\/div>\n\t\t\t\t\t\t\n\t\t\t\t\t\t<div class=\"image-pro-overlay-inner\">\n\n\t\t\t\t\t\t\t\t\t\t\t\t\t\t\t<h4 class=\"image-pro-entity image-pro-title\">Specializuot\u0105 technin\u012f \u017eodyn\u0105<\/h4>\n\t\t\t\t\t\t\t\t\n\t\t\t\t\t\t\t\t\t\t\t\t\t\t\t<div class=\"image-pro-entity image-pro-caption\">A multilingual (English, Spanish, Greek, Polish & Lithuanian) glossary integrating sustainability-related terminology, ensuring that students can access the comprehensive definitions of key terms related to microplastics, improving their understanding and communication of key sustainability concepts.<\/div>\n\t\t\t\t\t\t\t\t \n\t\t\t\t\t\t\t\n\t\t\t\t\t\t<\/div>\n\t\t\t\t\t<\/div><!-- .image-pro-overlay -->\n\t\t\t\t\n\t\t\t<\/div>\n\t\t<\/div>\n\n    <\/div><!-- .image-pro-wrap -->\n\n\t\n\t\n\t<\/div><!-- \/module image pro -->        <\/div>\n                    <\/div>\n                <\/div>\n                        <\/div>\n        <\/div>\n                        <div  data-lazy=\"1\" class=\"module_row themify_builder_row tb_96hf362 tf_w\">\n                        <div class=\"row_inner col_align_top tb_col_count_1 tf_box tf_rel\">\n                        <div  data-lazy=\"1\" class=\"module_column tb-column col-full tb_nqq0362 first\">\n                    <!-- module buttons -->\n<div  class=\"module module-buttons tb_vzzt362 buttons-horizontal solid   rounded\" data-lazy=\"1\">\n        <div class=\"module-buttons-item tf_in_flx\">\n                        <a href=\"#\" class=\"ui builder_button tf_in_flx tb_default_color\" target=\"_blank\" rel=\"noopener\">\n                                                Learning Material                                        <\/a>\n                <\/div>\n            <\/div>\n<!-- \/module buttons -->\n        <\/div>\n                        <\/div>\n        <\/div>\n                        <div  data-lazy=\"1\" class=\"module_row themify_builder_row tb_unlb362 tf_w\">\n                        <div class=\"row_inner col_align_top tb_col_count_1 tf_box tf_rel\">\n                        <div  data-lazy=\"1\" class=\"module_column tb-column col-full tb_8i0d362 first\">\n                    <!-- module text -->\n<div  class=\"module module-text tb_e8of362   \" data-lazy=\"1\">\n        <div  class=\"tb_text_wrap\">\n        <p style=\"text-align: center;\">*Prieinama \u0161iomis kalbomis: angl\u0173, ispan\u0173, graik\u0173, lenk\u0173 ir lietuvi\u0173.<\/p>    <\/div>\n<\/div>\n<!-- \/module text -->        <\/div>\n                        <\/div>\n        <\/div>\n                        <div  data-css_id=\"tqiw362\" data-lazy=\"1\" class=\"module_row themify_builder_row fullwidth tb_tqiw362 tf_w\">\n            <span class=\"tb_row_frame_wrap tf_overflow tf_abs\" data-lazy=\"1\"><span class=\"tb_row_frame tb_row_frame_top  tf_abs tf_hide tf_overflow tf_w\"><\/span><span class=\"tb_row_frame tb_row_frame_bottom  tf_abs tf_hide tf_overflow tf_w\"><\/span><\/span>            <div class=\"row_inner col_align_top tb_col_count_1 tf_box tf_rel\">\n                        <div  data-lazy=\"1\" class=\"module_column tb-column col-full tb_rrlz362 first\">\n                            <\/div>\n                        <\/div>\n        <\/div>\n                        <div  data-lazy=\"1\" class=\"module_row themify_builder_row tb_aefg362 tf_w\">\n                        <div class=\"row_inner col_align_top tb_col_count_1 tf_box tf_rel\">\n                        <div  data-lazy=\"1\" class=\"module_column tb-column col-full tb_mc0k362 first\">\n                    <div  class=\"module themify_builder_slider_wrap tf_clearfix module-slider tb_lk0u362  slider-default  \" data-lazy=\"1\">\n        <div class=\"themify_builder_slider tf_carousel tf_swiper-container tf_rel tf_overflow\" data-lazy=\"1\"        data-visible=\"1\"\n        data-tab-visible=\"1\"\n        data-mob-visible=\"1\"\n        data-scroll=\"1\"\n                        data-speed=\"1\"\n        data-wrapvar=\"1\"\n        data-slider_nav=\"1\"\n        data-pager=\"1\"\n        data-effect=\"scroll\" \n        data-height=\"variable\"\n        data-css_url=\"https:\/\/microweave-tex.eu\/wp-content\/themes\/themify-ultra\/themify\/themify-builder\/css\/modules\/sliders\/carousel,https:\/\/microweave-tex.eu\/wp-content\/themes\/themify-ultra\/themify\/themify-builder\/css\/modules\/sliders\/slider\"\n                    data-type=\"video\">\n        <div class=\"tf_swiper-wrapper tf_lazy tf_rel tf_w tf_h tf_textc\">\n                    <div class=\"tf_swiper-slide\">            <div class=\"slide-inner-wrap\">\n                                            <\/div>\n        <\/div>            <\/div>\n    <\/div>\n<\/div>\n        <\/div>\n                        <\/div>\n        <\/div>\n        <\/div>\n<!--\/themify_builder_content-->","protected":false},"excerpt":{"rendered":"<p>Interaktyvi mokymo programa, apimanti teorij\u0105, eksperimentinius u\u017esi\u0117mimus\u00a0ir skaitmenines priemones skirta pad\u0117ti studentams suma\u017einti i\u0161 tekstil\u0117s gamini\u0173 i\u0161siskirian\u010di\u0173 mikroplastik\u0173 kiek\u012f. Student\u0173 centras siekia skatinti tekstil\u0117s pramon\u0117s tvarum\u0105 visoje Europoje, taikydamas \u012fvairius novatori\u0161kus edukacinius sprendimus. \u0160iame skyriuje tiek studentai, tiek d\u0117stytojai gali naudotis daugiakalbe mokom\u0105ja med\u017eiaga, kuri yra tarsi \u201eenciklopedija\u201c, apimanti \u012fvairias ir skirtingas tekstil\u0117s pramon\u0117s sritis, [&hellip;]<\/p>\n","protected":false},"author":1,"featured_media":0,"parent":0,"menu_order":0,"comment_status":"closed","ping_status":"closed","template":"","meta":{"footnotes":""},"class_list":["post-1212","page","type-page","status-publish","hentry","has-post-title","has-post-date","has-post-category","has-post-tag","has-post-comment","has-post-author",""],"builder_content":"<h3>Student\u0173 centras<br\/><\/h3>\n<h2>Interaktyvi mokymo programa, apimanti teorij\u0105, eksperimentinius u\u017esi\u0117mimus\u00a0ir skaitmenines priemones skirta pad\u0117ti studentams suma\u017einti i\u0161 tekstil\u0117s gamini\u0173 i\u0161siskirian\u010di\u0173 mikroplastik\u0173 kiek\u012f.<\/h2> <p>Student\u0173 centras siekia skatinti tekstil\u0117s pramon\u0117s tvarum\u0105 visoje Europoje, taikydamas \u012fvairius novatori\u0161kus edukacinius sprendimus.<\/p> <p>\u0160iame skyriuje tiek studentai, tiek d\u0117stytojai gali naudotis daugiakalbe mokom\u0105ja med\u017eiaga, kuri yra tarsi \u201eenciklopedija\u201c, apimanti \u012fvairias ir skirtingas tekstil\u0117s pramon\u0117s sritis, susijusias su mikroplastiku, vandens tar\u0161a ir tvari\u0105ja tekstile.<\/p>\n<p>Programa apima:<\/p>\n<img src=\"https:\/\/microweave-tex.eu\/wp-content\/uploads\/2026\/03\/Screenshot_110.png\" title=\"Screenshot_110\" alt=\"Screenshot_110\">\n<p>Interaktyvias mokymosi med\u017eiagas<\/p>\n<img src=\"https:\/\/microweave-tex.eu\/wp-content\/uploads\/2026\/03\/Screenshot_111.png\" title=\"Screenshot_111\" alt=\"Screenshot_111\">\n<p>Specializuot\u0105 technin\u012f \u017eodyn\u0105<\/p>\n<img src=\"https:\/\/microweave-tex.eu\/wp-content\/uploads\/2026\/03\/Screenshot_112.png\" title=\"Screenshot_112\" alt=\"Screenshot_112\">\n<p>Pab\u0117gimo kambar\u012f ir praktinius u\u017esi\u0117mimus<\/p>\n<img src=\"https:\/\/microweave-tex.eu\/wp-content\/uploads\/2026\/03\/a-team-of-web-developers-discusses-how-to-best-org-2026-01-07-01-03-05-utc-1024x683-800x350.jpg\" width=\"800\" height=\"350\" title=\"Interaktyvias mokymosi med\u017eiagas\" alt=\"Interaktyvias mokymosi med\u017eiagas\"> \n \n <h4>Interaktyvias mokymosi med\u017eiagas<\/h4> The learning materials include engaging and interactive content using digital tools (Genially), designed to facilitate flexible learning. The e-learning course also encourages students and educators to engage at their own pace.\n<img src=\"https:\/\/microweave-tex.eu\/wp-content\/uploads\/2026\/03\/architectural-team-discussing-site-development-pla-2026-01-08-06-29-13-utc-1024x683-800x350.jpg\" width=\"800\" height=\"350\" title=\"Pab\u0117gimo kambar\u012f ir praktinius u\u017esi\u0117mimus\" alt=\"Pab\u0117gimo kambar\u012f ir praktinius u\u017esi\u0117mimus\"> \n \n <h4>Pab\u0117gimo kambar\u012f ir praktinius u\u017esi\u0117mimus<\/h4> The Escape room is going to be based on experiments regarding microplastics in the textile industry. The practical exercises include visual content (presentation, games, videos, quizzes) to simplify and make complex concepts more accessible.\n<img src=\"https:\/\/microweave-tex.eu\/wp-content\/uploads\/2026\/03\/close-up-of-opened-book-on-wooden-table-education-2026-01-07-00-56-45-utc-1024x683-800x350.jpg\" width=\"800\" height=\"350\" title=\"Specializuot\u0105 technin\u012f \u017eodyn\u0105\" alt=\"Specializuot\u0105 technin\u012f \u017eodyn\u0105\"> \n \n <h4>Specializuot\u0105 technin\u012f \u017eodyn\u0105<\/h4> A multilingual (English, Spanish, Greek, Polish & Lithuanian) glossary integrating sustainability-related terminology, ensuring that students can access the comprehensive definitions of key terms related to microplastics, improving their understanding and communication of key sustainability concepts.\n<a href=\"#\" target=\"_blank\" rel=\"noopener\"> Learning Material <\/a>\n<p style=\"text-align: center;\">*Prieinama \u0161iomis kalbomis: angl\u0173, ispan\u0173, graik\u0173, lenk\u0173 ir lietuvi\u0173.<\/p>\n","_links":{"self":[{"href":"https:\/\/microweave-tex.eu\/lt\/wp-json\/wp\/v2\/pages\/1212","targetHints":{"allow":["GET"]}}],"collection":[{"href":"https:\/\/microweave-tex.eu\/lt\/wp-json\/wp\/v2\/pages"}],"about":[{"href":"https:\/\/microweave-tex.eu\/lt\/wp-json\/wp\/v2\/types\/page"}],"author":[{"embeddable":true,"href":"https:\/\/microweave-tex.eu\/lt\/wp-json\/wp\/v2\/users\/1"}],"replies":[{"embeddable":true,"href":"https:\/\/microweave-tex.eu\/lt\/wp-json\/wp\/v2\/comments?post=1212"}],"version-history":[{"count":7,"href":"https:\/\/microweave-tex.eu\/lt\/wp-json\/wp\/v2\/pages\/1212\/revisions"}],"predecessor-version":[{"id":1481,"href":"https:\/\/microweave-tex.eu\/lt\/wp-json\/wp\/v2\/pages\/1212\/revisions\/1481"}],"wp:attachment":[{"href":"https:\/\/microweave-tex.eu\/lt\/wp-json\/wp\/v2\/media?parent=1212"}],"curies":[{"name":"wp","href":"https:\/\/api.w.org\/{rel}","templated":true}]}}