{"id":1189,"date":"2025-12-15T12:15:31","date_gmt":"2025-12-15T12:15:31","guid":{"rendered":"https:\/\/microweave-tex.eu\/home\/"},"modified":"2026-04-07T14:35:35","modified_gmt":"2026-04-07T14:35:35","slug":"home","status":"publish","type":"page","link":"https:\/\/microweave-tex.eu\/pl\/","title":{"rendered":"Home"},"content":{"rendered":"<!--themify_builder_content-->\n<div id=\"themify_builder_content-1189\" data-postid=\"1189\" class=\"themify_builder_content themify_builder_content-1189 themify_builder tf_clear\">\n                    <div  data-css_id=\"0o0j461\" data-lazy=\"1\" class=\"module_row themify_builder_row fullwidth tb_0o0j461 tb_first tf_w\" data-tbfullwidthvideo=\"https:\/\/microweave-tex.eu\/wp-content\/uploads\/2026\/02\/green-cotton-fabric-slider-shot-2025-12-17-05-22-16-utc.mov\">\n            <span  class=\"builder_row_cover tf_abs\" data-lazy=\"1\"><\/span>            <div class=\"row_inner col_align_top tb_col_count_1 tf_box tf_rel\">\n                        <div  data-lazy=\"1\" class=\"module_column tb-column col-full tb_wfog461 first\">\n                    <!-- module text -->\n<div  class=\"module module-text tb_nwzl461   \" data-lazy=\"1\">\n        <div  class=\"tb_text_wrap\">\n        <h1 style=\"text-align: center;\">MicroWeave-TEX<\/h1>    <\/div>\n<\/div>\n<!-- \/module text --><!-- module text -->\n<div  class=\"module module-text tb_mwlq461   \" data-lazy=\"1\">\n        <div  class=\"tb_text_wrap\">\n        <p style=\"text-align: center;\">Zr\u00f3wnowa\u017cone rozwi\u0105zania w przemy\u015ble tekstylnym maj\u0105ce na celu ograniczenie uwalniania mikroplastiku i w\u0142\u00f3kien syntetycznych.<\/p>    <\/div>\n<\/div>\n<!-- \/module text -->        <\/div>\n                        <\/div>\n        <\/div>\n                        <div  data-mobile-padding=\"50px,50px\" data-css_id=\"nrmw461\" data-lazy=\"1\" class=\"module_row themify_builder_row fullwidth_row_container tb_nrmw461 tf_w\">\n                        <div class=\"row_inner col_align_middle tb_col_count_2 tf_box tf_rel\">\n                        <div  data-lazy=\"1\" class=\"module_column tb-column col4-2 tb_xu2e461 first\">\n                    <!-- module text -->\n<div  class=\"module module-text tb_9h4o461    wow\" data-tf-animation=\"fadeInLeft\" data-lazy=\"1\">\n        <div  class=\"tb_text_wrap\">\n        <p style=\"text-align: left;\"><span class=\"a_GcMg font-feature-liga-off font-feature-clig-off font-feature-calt-off text-decoration-none text-strikethrough-none\"><span style=\"color: #21a9b5;\"><strong>MicroWeave-TEX<\/strong><\/span>\u00a0to projekt w ramach programu Erasmus+, kt\u00f3rego celem jest ograniczenie uwalniania mikrow\u0142\u00f3kien syntetycznych na wszystkich etapach \u0142a\u0144cucha produkcji tekstylnej \u2013 od projektu po ostateczn\u0105 utylizacj\u0119 \u2013 poprzez szkolenie nauczycieli i uczni\u00f3w.<\/span><\/p>    <\/div>\n<\/div>\n<!-- \/module text -->        <\/div>\n                    <div  data-lazy=\"1\" class=\"module_column tb-column col4-2 tb_kawd461 last\">\n                    <!-- module image -->\n<div  class=\"module module-image tb_c41b461 image-top   tf_mw wow\" data-tf-animation=\"fadeInRight\" data-lazy=\"1\">\n        <div class=\"image-wrap tf_rel tf_mw\">\n            <img loading=\"lazy\" decoding=\"async\" src=\"https:\/\/microweave-tex.eu\/wp-content\/uploads\/2026\/01\/industrial-fabric-production-line-weaving-looms-a-2026-01-11-09-29-20-utc-1024x681-572x287.jpg\" width=\"572\" height=\"287\" class=\"wp-post-image wp-image-708\" title=\"industrial-fabric-production-line-weaving-looms-a-2026-01-11-09-29-20-utc\" alt=\"industrial-fabric-production-line-weaving-looms-a-2026-01-11-09-29-20-utc\">    \n        <\/div>\n    <!-- \/image-wrap -->\n    \n        <\/div>\n<!-- \/module image -->        <\/div>\n                        <\/div>\n        <\/div>\n                        <div  data-mobile-padding=\"50px,50px\" data-css_id=\"6hwt461\" data-lazy=\"1\" class=\"module_row themify_builder_row fullwidth_row_container tb_6hwt461 tf_w wow\" data-tf-animation=\"fadeInUp\">\n            <span class=\"tb_row_frame_wrap tf_overflow tf_abs\" data-lazy=\"1\"><span class=\"tb_row_frame tb_row_frame_top  tf_abs tf_hide tf_overflow tf_w\"><\/span><span class=\"tb_row_frame tb_row_frame_bottom  tf_abs tf_hide tf_overflow tf_w\"><\/span><\/span>            <div class=\"row_inner col_align_top tb_col_count_1 tf_box tf_rel\">\n                        <div  data-lazy=\"1\" class=\"module_column tb-column col-full tb_4t4b461 first\">\n                    <!-- module text -->\n<div  class=\"module module-text tb_1cgx461    wow\" data-tf-animation=\"fadeInLeft\" data-lazy=\"1\">\n        <div  class=\"tb_text_wrap\">\n        <p class=\"cvGsUA direction-ltr align-start para-style-body\" style=\"text-align: center;\">Jak?<\/p>\n<p class=\"cvGsUA direction-ltr align-start para-style-body\" style=\"text-align: center;\">W ci\u0105gu 24 miesi\u0119cy realizacji projektu opracowane zostan\u0105 innowacyjne programy edukacyjne, kt\u00f3re b\u0119d\u0105 promowa\u0107 umiej\u0119tno\u015bci w zakresie zr\u00f3wnowa\u017conego rozwoju w bran\u017cy tekstylnej w\u015br\u00f3d trener\u00f3w, student\u00f3w i pracownik\u00f3w bran\u017cy.<\/p>    <\/div>\n<\/div>\n<!-- \/module text -->        <\/div>\n                        <\/div>\n        <\/div>\n                        <div  data-css_id=\"xqos461\" data-lazy=\"1\" class=\"module_row themify_builder_row fullwidth tb_xqos461 tf_w\">\n                        <div class=\"row_inner col_align_top tb_col_count_1 tf_box tf_rel\">\n                        <div  data-lazy=\"1\" class=\"module_column tb-column col-full tb_76n9461 first\">\n                    <!-- module text -->\n<div  class=\"module module-text tb_0u7d461   \" data-lazy=\"1\">\n        <div  class=\"tb_text_wrap\">\n        <h2 style=\"text-align: center;\">Poznaj nasz zesp\u00f3\u0142<\/h2>    <\/div>\n<\/div>\n<!-- \/module text -->        <div  data-lazy=\"1\" class=\"module_subrow themify_builder_sub_row tf_w col_align_top gutter-none tb_col_count_5 tb_2vsc461\">\n                <div  data-lazy=\"1\" class=\"module_column sub_column col5-1 tb_41fm461 first\">\n                    <!-- module image -->\n<div  class=\"module module-image tb_e7yu461 image-right   tf_mw\" data-lazy=\"1\">\n        <div class=\"image-wrap tf_rel tf_mw\">\n            <img loading=\"lazy\" decoding=\"async\" src=\"https:\/\/microweave-tex.eu\/wp-content\/uploads\/2026\/01\/marca_UPV_principal_blanco300-1024x362-2-210x84.png\" width=\"210\" height=\"84\" class=\"wp-post-image wp-image-486\" title=\"marca_UPV_principal_blanco300-1024x362\" alt=\"marca_UPV_principal_blanco300-1024x362\">    \n        <\/div>\n    <!-- \/image-wrap -->\n    \n        <\/div>\n<!-- \/module image -->        <\/div>\n                    <div  data-lazy=\"1\" class=\"module_column sub_column col5-1 tb_4uzb461\">\n                    <!-- module image -->\n<div  class=\"module module-image tb_ipe6461 image-right   tf_mw\" data-lazy=\"1\">\n        <div class=\"image-wrap tf_rel tf_mw\">\n            <img loading=\"lazy\" decoding=\"async\" src=\"https:\/\/microweave-tex.eu\/wp-content\/uploads\/2026\/01\/images-164x84.png\" width=\"164\" height=\"84\" class=\"wp-post-image wp-image-487\" title=\"images\" alt=\"images\">    \n        <\/div>\n    <!-- \/image-wrap -->\n    \n        <\/div>\n<!-- \/module image -->        <\/div>\n                    <div  data-lazy=\"1\" class=\"module_column sub_column col5-1 tb_93uj461\">\n                    <!-- module image -->\n<div  class=\"module module-image tb_nffu461 image-center   tf_mw\" data-lazy=\"1\">\n        <div class=\"image-wrap tf_rel tf_mw\">\n            <img loading=\"lazy\" decoding=\"async\" src=\"https:\/\/microweave-tex.eu\/wp-content\/uploads\/2026\/03\/ktu1-155x83.webp\" width=\"155\" height=\"83\" class=\"wp-post-image wp-image-1117\" title=\"ktu1\" alt=\"ktu1\">    \n        <\/div>\n    <!-- \/image-wrap -->\n    \n        <\/div>\n<!-- \/module image -->        <\/div>\n                    <div  data-lazy=\"1\" class=\"module_column sub_column col5-1 tb_bgpy461\">\n                    <!-- module image -->\n<div  class=\"module module-image tb_czyl461 image-top   tf_mw\" data-lazy=\"1\">\n        <div class=\"image-wrap tf_rel tf_mw\">\n            <img loading=\"lazy\" decoding=\"async\" src=\"https:\/\/microweave-tex.eu\/wp-content\/uploads\/2025\/12\/greek-logo-for-landing-1024x285-255x70.png\" width=\"255\" height=\"70\" class=\"wp-post-image wp-image-249\" title=\"greek-logo-for-landing\" alt=\"greek-logo-for-landing\" srcset=\"https:\/\/microweave-tex.eu\/wp-content\/uploads\/2025\/12\/greek-logo-for-landing-1024x285-255x70.png 255w, https:\/\/microweave-tex.eu\/wp-content\/uploads\/2025\/12\/greek-logo-for-landing-300x83.png 300w, https:\/\/microweave-tex.eu\/wp-content\/uploads\/2025\/12\/greek-logo-for-landing-1024x285.png 1024w, https:\/\/microweave-tex.eu\/wp-content\/uploads\/2025\/12\/greek-logo-for-landing-768x214.png 768w, https:\/\/microweave-tex.eu\/wp-content\/uploads\/2025\/12\/greek-logo-for-landing-1536x427.png 1536w, https:\/\/microweave-tex.eu\/wp-content\/uploads\/2025\/12\/greek-logo-for-landing-1024x285-415x115.png 415w, https:\/\/microweave-tex.eu\/wp-content\/uploads\/2025\/12\/greek-logo-for-landing-1024x285-535x150.png 535w, https:\/\/microweave-tex.eu\/wp-content\/uploads\/2025\/12\/greek-logo-for-landing-1024x285-208x57.png 208w, https:\/\/microweave-tex.eu\/wp-content\/uploads\/2025\/12\/greek-logo-for-landing-1024x285-358x100.png 358w, https:\/\/microweave-tex.eu\/wp-content\/uploads\/2025\/12\/greek-logo-for-landing.png 1928w\" sizes=\"auto, (max-width: 255px) 100vw, 255px\" \/>    \n        <\/div>\n    <!-- \/image-wrap -->\n    \n        <\/div>\n<!-- \/module image -->        <\/div>\n                    <div  data-lazy=\"1\" class=\"module_column sub_column col5-1 tb_qttv461 last\">\n                    <!-- module image -->\n<div  class=\"module module-image tb_v7ox461 image-top   tf_mw\" data-lazy=\"1\">\n        <div class=\"image-wrap tf_rel tf_mw\">\n            <img loading=\"lazy\" decoding=\"async\" src=\"https:\/\/microweave-tex.eu\/wp-content\/uploads\/2026\/01\/idec_logo_white_web-241x72.png\" width=\"241\" height=\"72\" class=\"wp-post-image wp-image-491\" title=\"idec_logo_white_web\" alt=\"idec_logo_white_web\" srcset=\"https:\/\/microweave-tex.eu\/wp-content\/uploads\/2026\/01\/idec_logo_white_web-241x72.png 241w, https:\/\/microweave-tex.eu\/wp-content\/uploads\/2026\/01\/idec_logo_white_web.png 234w\" sizes=\"auto, (max-width: 241px) 100vw, 241px\" \/>    \n        <\/div>\n    <!-- \/image-wrap -->\n    \n        <\/div>\n<!-- \/module image -->        <\/div>\n                    <\/div>\n                <\/div>\n                        <\/div>\n        <\/div>\n                        <div  data-css_id=\"teh7461\" data-lazy=\"1\" class=\"module_row themify_builder_row fullwidth_row_container tb_teh7461 tf_w\">\n                        <div class=\"row_inner col_align_top tb_col_count_1 tf_box tf_rel\">\n                        <div  data-lazy=\"1\" class=\"module_column tb-column col-full tb_3zq7461 first\">\n                    <!-- module text -->\n<div  class=\"module module-text tb_tpl7461   \" data-lazy=\"1\">\n        <div  class=\"tb_text_wrap\">\n        <h1 style=\"text-align: center;\">Aktualno\u015bci i wydarzenia<\/h1>    <\/div>\n<\/div>\n<!-- \/module text --><!-- module post -->\n<div  class=\"module module-post tb_d1cr461 \">\n    <div  class=\"builder-posts-wrap loops-wrapper grid3 masonry classic tf_rel tf_clear tf_clearfix\" data-lazy=\"1\">\n        <\/div><!-- .builder-posts-wrap -->\n            <\/div>\n<!-- \/module post -->\n            <\/div>\n                        <\/div>\n        <\/div>\n                        <div  data-css_id=\"csa2461\" data-lazy=\"1\" class=\"module_row themify_builder_row fullwidth tb_csa2461 tf_w\">\n            <span class=\"tb_row_frame_wrap tf_overflow tf_abs\" data-lazy=\"1\"><span class=\"tb_row_frame tb_row_frame_top  tf_abs tf_hide tf_overflow tf_w\"><\/span><span class=\"tb_row_frame tb_row_frame_bottom  tf_abs tf_hide tf_overflow tf_w\"><\/span><\/span>            <div class=\"row_inner col_align_top tb_col_count_1 tf_box tf_rel\">\n                        <div  data-lazy=\"1\" class=\"module_column tb-column col-full tb_sxjg461 first\">\n                            <\/div>\n                        <\/div>\n        <\/div>\n        <\/div>\n<!--\/themify_builder_content-->","protected":false},"excerpt":{"rendered":"<p>MicroWeave-TEX<\/p>\n","protected":false},"author":1,"featured_media":0,"parent":0,"menu_order":0,"comment_status":"closed","ping_status":"closed","template":"","meta":{"footnotes":""},"class_list":["post-1189","page","type-page","status-publish","hentry","has-post-title","has-post-date","has-post-category","has-post-tag","has-post-comment","has-post-author",""],"builder_content":"<h1 style=\"text-align: center;\">MicroWeave-TEX<\/h1>\n<p style=\"text-align: center;\">Zr\u00f3wnowa\u017cone rozwi\u0105zania w przemy\u015ble tekstylnym maj\u0105ce na celu ograniczenie uwalniania mikroplastiku i w\u0142\u00f3kien syntetycznych.<\/p>\n<p style=\"text-align: left;\"><strong>MicroWeave-TEX<\/strong>\u00a0to projekt w ramach programu Erasmus+, kt\u00f3rego celem jest ograniczenie uwalniania mikrow\u0142\u00f3kien syntetycznych na wszystkich etapach \u0142a\u0144cucha produkcji tekstylnej \u2013 od projektu po ostateczn\u0105 utylizacj\u0119 \u2013 poprzez szkolenie nauczycieli i uczni\u00f3w.<\/p>\n<img src=\"https:\/\/microweave-tex.eu\/wp-content\/uploads\/2026\/01\/industrial-fabric-production-line-weaving-looms-a-2026-01-11-09-29-20-utc-1024x681-572x287.jpg\" width=\"572\" height=\"287\" title=\"industrial-fabric-production-line-weaving-looms-a-2026-01-11-09-29-20-utc\" alt=\"industrial-fabric-production-line-weaving-looms-a-2026-01-11-09-29-20-utc\">\n<p style=\"text-align: center;\">Jak?<\/p> <p style=\"text-align: center;\">W ci\u0105gu 24 miesi\u0119cy realizacji projektu opracowane zostan\u0105 innowacyjne programy edukacyjne, kt\u00f3re b\u0119d\u0105 promowa\u0107 umiej\u0119tno\u015bci w zakresie zr\u00f3wnowa\u017conego rozwoju w bran\u017cy tekstylnej w\u015br\u00f3d trener\u00f3w, student\u00f3w i pracownik\u00f3w bran\u017cy.<\/p>\n<h2 style=\"text-align: center;\">Poznaj nasz zesp\u00f3\u0142<\/h2>\n<img src=\"https:\/\/microweave-tex.eu\/wp-content\/uploads\/2026\/01\/marca_UPV_principal_blanco300-1024x362-2-210x84.png\" width=\"210\" height=\"84\" title=\"marca_UPV_principal_blanco300-1024x362\" alt=\"marca_UPV_principal_blanco300-1024x362\">\n<img src=\"https:\/\/microweave-tex.eu\/wp-content\/uploads\/2026\/01\/images-164x84.png\" width=\"164\" height=\"84\" title=\"images\" alt=\"images\">\n<img src=\"https:\/\/microweave-tex.eu\/wp-content\/uploads\/2026\/03\/ktu1-155x83.webp\" width=\"155\" height=\"83\" title=\"ktu1\" alt=\"ktu1\">\n<img src=\"https:\/\/microweave-tex.eu\/wp-content\/uploads\/2025\/12\/greek-logo-for-landing-1024x285-255x70.png\" width=\"255\" height=\"70\" title=\"greek-logo-for-landing\" alt=\"greek-logo-for-landing\" srcset=\"https:\/\/microweave-tex.eu\/wp-content\/uploads\/2025\/12\/greek-logo-for-landing-1024x285-255x70.png 255w, https:\/\/microweave-tex.eu\/wp-content\/uploads\/2025\/12\/greek-logo-for-landing-300x83.png 300w, https:\/\/microweave-tex.eu\/wp-content\/uploads\/2025\/12\/greek-logo-for-landing-1024x285.png 1024w, https:\/\/microweave-tex.eu\/wp-content\/uploads\/2025\/12\/greek-logo-for-landing-768x214.png 768w, https:\/\/microweave-tex.eu\/wp-content\/uploads\/2025\/12\/greek-logo-for-landing-1536x427.png 1536w, https:\/\/microweave-tex.eu\/wp-content\/uploads\/2025\/12\/greek-logo-for-landing-1024x285-415x115.png 415w, https:\/\/microweave-tex.eu\/wp-content\/uploads\/2025\/12\/greek-logo-for-landing-1024x285-535x150.png 535w, https:\/\/microweave-tex.eu\/wp-content\/uploads\/2025\/12\/greek-logo-for-landing-1024x285-208x57.png 208w, https:\/\/microweave-tex.eu\/wp-content\/uploads\/2025\/12\/greek-logo-for-landing-1024x285-358x100.png 358w, https:\/\/microweave-tex.eu\/wp-content\/uploads\/2025\/12\/greek-logo-for-landing.png 1928w\" sizes=\"(max-width: 255px) 100vw, 255px\" \/>\n<img src=\"https:\/\/microweave-tex.eu\/wp-content\/uploads\/2026\/01\/idec_logo_white_web-241x72.png\" width=\"241\" height=\"72\" title=\"idec_logo_white_web\" alt=\"idec_logo_white_web\" srcset=\"https:\/\/microweave-tex.eu\/wp-content\/uploads\/2026\/01\/idec_logo_white_web-241x72.png 241w, https:\/\/microweave-tex.eu\/wp-content\/uploads\/2026\/01\/idec_logo_white_web.png 234w\" sizes=\"(max-width: 241px) 100vw, 241px\" \/>\n<h1 style=\"text-align: center;\">Aktualno\u015bci i wydarzenia<\/h1>","_links":{"self":[{"href":"https:\/\/microweave-tex.eu\/pl\/wp-json\/wp\/v2\/pages\/1189","targetHints":{"allow":["GET"]}}],"collection":[{"href":"https:\/\/microweave-tex.eu\/pl\/wp-json\/wp\/v2\/pages"}],"about":[{"href":"https:\/\/microweave-tex.eu\/pl\/wp-json\/wp\/v2\/types\/page"}],"author":[{"embeddable":true,"href":"https:\/\/microweave-tex.eu\/pl\/wp-json\/wp\/v2\/users\/1"}],"replies":[{"embeddable":true,"href":"https:\/\/microweave-tex.eu\/pl\/wp-json\/wp\/v2\/comments?post=1189"}],"version-history":[{"count":8,"href":"https:\/\/microweave-tex.eu\/pl\/wp-json\/wp\/v2\/pages\/1189\/revisions"}],"predecessor-version":[{"id":1499,"href":"https:\/\/microweave-tex.eu\/pl\/wp-json\/wp\/v2\/pages\/1189\/revisions\/1499"}],"wp:attachment":[{"href":"https:\/\/microweave-tex.eu\/pl\/wp-json\/wp\/v2\/media?parent=1189"}],"curies":[{"name":"wp","href":"https:\/\/api.w.org\/{rel}","templated":true}]}}