{"id":1197,"date":"2026-02-20T13:26:35","date_gmt":"2026-02-20T13:26:35","guid":{"rendered":"https:\/\/microweave-tex.eu\/educators-hub\/"},"modified":"2026-04-07T14:35:31","modified_gmt":"2026-04-07T14:35:31","slug":"educators-hub","status":"publish","type":"page","link":"https:\/\/microweave-tex.eu\/pl\/educators-hub\/","title":{"rendered":"Educators&#8217; Hub"},"content":{"rendered":"<!--themify_builder_content-->\n<div id=\"themify_builder_content-1197\" data-postid=\"1197\" class=\"themify_builder_content themify_builder_content-1197 themify_builder tf_clear\">\n                    <div  data-css_id=\"qfbv685\" data-lazy=\"1\" class=\"module_row themify_builder_row fullwidth tb_qfbv685 tb_first tf_w\">\n                        <div class=\"row_inner col_align_top tb_col_count_1 tf_box tf_rel\">\n                        <div  data-lazy=\"1\" class=\"module_column tb-column col-full tb_ward685 first\">\n                    <!-- module fancy heading -->\n<div  class=\"module module-fancy-heading tb_uqy1685  tb_hide_divider\" data-lazy=\"1\">\n        <h3 class=\"fancy-heading\">\n    <span class=\"main-head tf_block\">\n                    Centrum dla nauczycieli            <\/span>\n\n    \n    <span class=\"sub-head tf_block tf_rel\">\n                                <\/span>\n    <\/h3>\n<\/div>\n<!-- \/module fancy heading -->\n        <\/div>\n                        <\/div>\n        <\/div>\n                        <div  data-css_id=\"j9v9685\" data-lazy=\"1\" class=\"module_row themify_builder_row fullwidth tb_j9v9685 tf_w\">\n                        <div class=\"row_inner col_align_top tb_col_count_1 tf_box tf_rel\">\n                        <div  data-lazy=\"1\" class=\"module_column tb-column col-full tb_43fy685 first\">\n                    <!-- module text -->\n<div  class=\"module module-text tb_wedg685   \" data-lazy=\"1\">\n        <div  class=\"tb_text_wrap\">\n        <h3><span style=\"color: #999999;\">Modu\u0142owy program szkoleniowy<\/span> <span style=\"color: #0079b2;\">w celu wsparcia nauczycieli szkolnictwa wy\u017cszego w w\u0142\u0105czaniu zagadnie\u0144 dotycz\u0105cych zr\u00f3wnowa\u017conego rozwoju i mikroplastik\u00f3w<\/span><span style=\"color: #999999;\"> do program\u00f3w nauczania.<\/span><\/h3>\n<p><span style=\"color: #000000;\">Centrum dla nauczycieli ma na celu zwi\u0119kszenie \u015bwiadomo\u015bci w zakresie zr\u00f3wnowa\u017conego rozwoju w bran\u017cy tekstylnej oraz promowanie lepszej i bardziej przyst\u0119pnej edukacji na temat wp\u0142ywu tej bran\u017cy na \u015brodowisko.<\/span><\/p>\n<p>Tutaj mo\u017cna znale\u017a\u0107 szczeg\u00f3\u0142owy raport pt. \u201eNajnowsze osi\u0105gni\u0119cia w dziedzinie uwalniania mikroplastik\u00f3w i syntetycznych mikrow\u0142\u00f3kien z produkt\u00f3w odzie\u017cowych do wody\u201d, zawieraj\u0105cy dane, studia przypadk\u00f3w, zidentyfikowane wyzwania oraz przyk\u0142ady sukces\u00f3w oparte na najnowszych wynikach bada\u0144 naukowych.<\/p>\n<p><span style=\"color: #000000;\">Centrum Edukacyjne zapewnia, \u017ce opracowane tre\u015bci maj\u0105 pod\u0142o\u017ce naukowe i s\u0105 dostosowane do aktualnych osi\u0105gni\u0119\u0107 w tej dziedzinie, co potwierdza szczeg\u00f3\u0142owy raport. Raport zatytu\u0142owany \u201eNajnowsze osi\u0105gni\u0119cia w dziedzinie uwalniania mikroplastik\u00f3w i syntetycznych mikrow\u0142\u00f3kien z produkt\u00f3w odzie\u017cowych do wody\u201d zawiera dane, studia przypadk\u00f3w, wyzwania oraz przyk\u0142ady sukces\u00f3w oparte na najnowszych wynikach bada\u0144 naukowych.<\/span><\/p>    <\/div>\n<\/div>\n<!-- \/module text -->        <\/div>\n                        <\/div>\n        <\/div>\n                        <div  data-css_id=\"bfa6684\" data-lazy=\"1\" class=\"module_row themify_builder_row fullwidth tb_bfa6684 tf_w\">\n                        <div class=\"row_inner col_align_top tb_col_count_1 tf_box tf_rel\">\n                        <div  data-lazy=\"1\" class=\"module_column tb-column col-full tb_n0yj684 first\">\n                    <!-- module text -->\n<div  class=\"module module-text tb_8phn685   \" data-lazy=\"1\">\n        <div  class=\"tb_text_wrap\">\n        <p>Program obejmuje:<\/p>    <\/div>\n<\/div>\n<!-- \/module text -->        <div  data-lazy=\"1\" class=\"module_subrow themify_builder_sub_row tf_w col_align_top tb_col_count_4 tb_aal9684\">\n                <div  data-lazy=\"1\" class=\"module_column sub_column col4-1 tb_xn3k685 first\">\n                            <div  data-lazy=\"1\" class=\"module_subrow themify_builder_sub_row tf_w col_align_top tb_col_count_2 tb_krw6685\">\n                <div  data-lazy=\"1\" class=\"module_column sub_column col4-2 tb_ywzr685 first\">\n                    <!-- module image -->\n<div  class=\"module module-image tb_4gjm685 image-right   tf_mw\" data-lazy=\"1\">\n        <div class=\"image-wrap tf_rel tf_mw\">\n            <img loading=\"lazy\" decoding=\"async\" width=\"66\" height=\"104\" src=\"https:\/\/microweave-tex.eu\/wp-content\/uploads\/2026\/03\/Screenshot_110.png\" class=\"wp-post-image wp-image-941\" title=\"Screenshot_110\" alt=\"Screenshot_110\">    \n        <\/div>\n    <!-- \/image-wrap -->\n    \n        <\/div>\n<!-- \/module image -->        <\/div>\n                    <div  data-lazy=\"1\" class=\"module_column sub_column col4-2 tb_pl4f685 last\">\n                    <!-- module text -->\n<div  class=\"module module-text tb_b9e5685   \" data-lazy=\"1\">\n        <div  class=\"tb_text_wrap\">\n        <p>Learning Materials<\/p>    <\/div>\n<\/div>\n<!-- \/module text -->        <\/div>\n                    <\/div>\n                <\/div>\n                    <div  data-lazy=\"1\" class=\"module_column sub_column col4-1 tb_hpq5684\">\n                            <div  data-lazy=\"1\" class=\"module_subrow themify_builder_sub_row tf_w col_align_top tb_col_count_2 tb_tpfn684\">\n                <div  data-lazy=\"1\" class=\"module_column sub_column col4-2 tb_x963685 first\">\n                    <!-- module image -->\n<div  class=\"module module-image tb_1wpp685 image-right   tf_mw\" data-lazy=\"1\">\n        <div class=\"image-wrap tf_rel tf_mw\">\n            <img loading=\"lazy\" decoding=\"async\" width=\"71\" height=\"104\" src=\"https:\/\/microweave-tex.eu\/wp-content\/uploads\/2026\/03\/Screenshot_111.png\" class=\"wp-post-image wp-image-944\" title=\"Screenshot_111\" alt=\"Screenshot_111\">    \n        <\/div>\n    <!-- \/image-wrap -->\n    \n        <\/div>\n<!-- \/module image -->        <\/div>\n                    <div  data-lazy=\"1\" class=\"module_column sub_column col4-2 tb_80pu684 last\">\n                    <!-- module text -->\n<div  class=\"module module-text tb_wx44685   \" data-lazy=\"1\">\n        <div  class=\"tb_text_wrap\">\n        <p>S\u0142ownik wieloj\u0119zyczny<\/p>    <\/div>\n<\/div>\n<!-- \/module text -->        <\/div>\n                    <\/div>\n                <\/div>\n                    <div  data-lazy=\"1\" class=\"module_column sub_column col4-1 tb_6e7o684\">\n                            <div  data-lazy=\"1\" class=\"module_subrow themify_builder_sub_row tf_w col_align_top tb_col_count_2 tb_pjzl684\">\n                <div  data-lazy=\"1\" class=\"module_column sub_column col4-2 tb_8q9k684 first\">\n                    <!-- module image -->\n<div  class=\"module module-image tb_yn8c684 image-right   tf_mw\" data-lazy=\"1\">\n        <div class=\"image-wrap tf_rel tf_mw\">\n            <img loading=\"lazy\" decoding=\"async\" width=\"67\" height=\"104\" src=\"https:\/\/microweave-tex.eu\/wp-content\/uploads\/2026\/03\/Screenshot_112.png\" class=\"wp-post-image wp-image-943\" title=\"Screenshot_112\" alt=\"Screenshot_112\">    \n        <\/div>\n    <!-- \/image-wrap -->\n    \n        <\/div>\n<!-- \/module image -->        <\/div>\n                    <div  data-lazy=\"1\" class=\"module_column sub_column col4-2 tb_gxso684 last\">\n                    <!-- module text -->\n<div  class=\"module module-text tb_bxy1684   \" data-lazy=\"1\">\n        <div  class=\"tb_text_wrap\">\n        <p>Podcasty<\/p>    <\/div>\n<\/div>\n<!-- \/module text -->        <\/div>\n                    <\/div>\n                <\/div>\n                    <div  data-lazy=\"1\" class=\"module_column sub_column col4-1 tb_ahpx684 last\">\n                            <div  data-lazy=\"1\" class=\"module_subrow themify_builder_sub_row tf_w col_align_top tb_col_count_2 tb_d8fn684\">\n                <div  data-lazy=\"1\" class=\"module_column sub_column col4-2 tb_klyv684 first\">\n                    <!-- module image -->\n<div  class=\"module module-image tb_5kks684 image-right   tf_mw\" data-lazy=\"1\">\n        <div class=\"image-wrap tf_rel tf_mw\">\n            <img loading=\"lazy\" decoding=\"async\" width=\"71\" height=\"110\" src=\"https:\/\/microweave-tex.eu\/wp-content\/uploads\/2026\/03\/Screenshot_113.png\" class=\"wp-post-image wp-image-942\" title=\"Screenshot_113\" alt=\"Screenshot_113\">    \n        <\/div>\n    <!-- \/image-wrap -->\n    \n        <\/div>\n<!-- \/module image -->        <\/div>\n                    <div  data-lazy=\"1\" class=\"module_column sub_column col4-2 tb_07mw684 last\">\n                    <!-- module text -->\n<div  class=\"module module-text tb_6ftz684   \" data-lazy=\"1\">\n        <div  class=\"tb_text_wrap\">\n        <p>Metodyki szkoleniowe oparte na strukturze<\/p>    <\/div>\n<\/div>\n<!-- \/module text -->        <\/div>\n                    <\/div>\n                <\/div>\n                    <\/div>\n                <div  data-lazy=\"1\" class=\"module_subrow themify_builder_sub_row tf_w col_align_top tb_col_count_2 tb_yspb684\">\n                <div  data-lazy=\"1\" class=\"module_column sub_column col4-2 tb_9mov684 first\">\n                    <!-- module image pro -->\n<div  class=\"module module-pro-image tb_y1td684 filter- effect- fullwidth_image  tf_textc   entrance-effect-partial-overlay\" data-lazy=\"1\" data-entrance-effect=\"partial-overlay\" data-exit-effect=\"\" >\n\t\n    <div class=\"image-pro-wrap tf_rel tf_overflow tf_inline_b\">\n\t\t\t\t<div class=\"image-pro-flip-box-wrap tf_rel tf_w tf_overflow\">\n\t\t\t<div class=\"image-pro-flip-box tf_rel\">\n\n\t\t\t\t<img loading=\"lazy\" decoding=\"async\" src=\"https:\/\/microweave-tex.eu\/wp-content\/uploads\/2026\/03\/colorful-sewing-threads-background-closeup-2026-01-07-23-39-40-utc-1024x677-800x350.jpg\" width=\"800\" height=\"350\" class=\"wp-post-image wp-image-1166\" title=\"Learning Materials\" alt=\"Learning Materials\">\n\t\t\t\t\t\t\t\t\t<div class=\"image-pro-overlay tf_hidden tf_abs\">\n\n\t\t\t\t\t\t\t\t\t\t\t\t\t<div class=\"image-pro-color-overlay tf_abs\" style=\"background-color:rgba(0,119,179, 0.81)\"><\/div>\n\t\t\t\t\t\t\n\t\t\t\t\t\t<div class=\"image-pro-overlay-inner\">\n\n\t\t\t\t\t\t\t\t\t\t\t\t\t\t\t<h4 class=\"image-pro-entity image-pro-title\">Learning Materials<\/h4>\n\t\t\t\t\t\t\t\t\n\t\t\t\t\t\t\t\t\t\t\t\t\t\t\t<div class=\"image-pro-entity image-pro-caption\">The learning materials will cover the core topics of microplastics and sustainable textile technologies (through Genially & RaskAI), to facilitate interactivity and efficiency in content and adapt it to various contexts and languages. They will offer flexible and engaging resources that cater to diverse learning preferences.<\/div>\n\t\t\t\t\t\t\t\t \n\t\t\t\t\t\t\t\n\t\t\t\t\t\t<\/div>\n\t\t\t\t\t<\/div><!-- .image-pro-overlay -->\n\t\t\t\t\n\t\t\t<\/div>\n\t\t<\/div>\n\n    <\/div><!-- .image-pro-wrap -->\n\n\t\t\t<div id=\"<br \/>\n<b>Warning<\/b>:  Undefined variable $modal_id in <b>\/home\/clients\/d469af49bc035503768fa5501207069c\/sites\/microweave-tex.eu\/wp-content\/plugins\/builder-image-pro\/templates\/template-pro-image.php<\/b> on line <b>204<\/b><br \/>\n\" class=\"tf_hide\">\n\t\t\t\t\t\t<\/div>\n\t\n\t\n\t<\/div><!-- \/module image pro --><!-- module image pro -->\n<div  class=\"module module-pro-image tb_9x1r684 filter- effect- fullwidth_image  tf_textc   entrance-effect-partial-overlay\" data-lazy=\"1\" data-entrance-effect=\"partial-overlay\" data-exit-effect=\"\" >\n\t\n    <div class=\"image-pro-wrap tf_rel tf_overflow tf_inline_b\">\n\t\t\t\t<div class=\"image-pro-flip-box-wrap tf_rel tf_w tf_overflow\">\n\t\t\t<div class=\"image-pro-flip-box tf_rel\">\n\n\t\t\t\t<img loading=\"lazy\" decoding=\"async\" src=\"https:\/\/microweave-tex.eu\/wp-content\/uploads\/2026\/03\/multiracial-hosts-doing-interview-while-streaming-2026-01-11-08-10-50-utc-1024x683-800x350.jpg\" width=\"800\" height=\"350\" class=\"wp-post-image wp-image-1168\" title=\"Podcasty\" alt=\"Podcasty\">\n\t\t\t\t\t\t\t\t\t<div class=\"image-pro-overlay tf_hidden tf_abs\">\n\n\t\t\t\t\t\t\t\t\t\t\t\t\t<div class=\"image-pro-color-overlay tf_abs\" style=\"background-color:rgba(0,0,0, 0.81)\"><\/div>\n\t\t\t\t\t\t\n\t\t\t\t\t\t<div class=\"image-pro-overlay-inner\">\n\n\t\t\t\t\t\t\t\t\t\t\t\t\t\t\t<h4 class=\"image-pro-entity image-pro-title\">Podcasty<\/h4>\n\t\t\t\t\t\t\t\t\n\t\t\t\t\t\t\t\t\t\t\t\t\t\t\t<div class=\"image-pro-entity image-pro-caption\">The podcasts will focus on sustainability and microplastics in textiles. They will feature discussions with experts and insights into current industry practices and solutions. The podcasts also will support educators with ready-to-use content, offering a more diverse educational format.<\/div>\n\t\t\t\t\t\t\t\t \n\t\t\t\t\t\t\t\n\t\t\t\t\t\t<\/div>\n\t\t\t\t\t<\/div><!-- .image-pro-overlay -->\n\t\t\t\t\n\t\t\t<\/div>\n\t\t<\/div>\n\n    <\/div><!-- .image-pro-wrap -->\n\n\t\n\t\n\t<\/div><!-- \/module image pro -->        <\/div>\n                    <div  data-lazy=\"1\" class=\"module_column sub_column col4-2 tb_viot684 last\">\n                    <!-- module image pro -->\n<div  class=\"module module-pro-image tb_voy5684 filter- effect- fullwidth_image  tf_textc   entrance-effect-partial-overlay\" data-lazy=\"1\" data-entrance-effect=\"partial-overlay\" data-exit-effect=\"\" >\n\t\n    <div class=\"image-pro-wrap tf_rel tf_overflow tf_inline_b\">\n\t\t\t\t<div class=\"image-pro-flip-box-wrap tf_rel tf_w tf_overflow\">\n\t\t\t<div class=\"image-pro-flip-box tf_rel\">\n\n\t\t\t\t<img loading=\"lazy\" decoding=\"async\" src=\"https:\/\/microweave-tex.eu\/wp-content\/uploads\/2026\/03\/dictionary-definition-of-word-2026-01-08-22-40-11-utc-1024x683-800x350.jpg\" width=\"800\" height=\"350\" class=\"wp-post-image wp-image-1167\" title=\"S\u0142ownik wieloj\u0119zyczny\" alt=\"S\u0142ownik wieloj\u0119zyczny\">\n\t\t\t\t\t\t\t\t\t<div class=\"image-pro-overlay tf_hidden tf_abs\">\n\n\t\t\t\t\t\t\t\t\t\t\t\t\t<div class=\"image-pro-color-overlay tf_abs\" style=\"background-color:rgba(99,99,99, 0.81)\"><\/div>\n\t\t\t\t\t\t\n\t\t\t\t\t\t<div class=\"image-pro-overlay-inner\">\n\n\t\t\t\t\t\t\t\t\t\t\t\t\t\t\t<h4 class=\"image-pro-entity image-pro-title\">S\u0142ownik wieloj\u0119zyczny<\/h4>\n\t\t\t\t\t\t\t\t\n\t\t\t\t\t\t\t\t\t\t\t\t\t\t\t<div class=\"image-pro-entity image-pro-caption\">The Multilingual Interpretive Dictionary will standardize terminology relating to microplastics and sustainability, make it more clarifying and consistent across different languages, and supporting accessibility and coherency of content as well.<\/div>\n\t\t\t\t\t\t\t\t \n\t\t\t\t\t\t\t\n\t\t\t\t\t\t<\/div>\n\t\t\t\t\t<\/div><!-- .image-pro-overlay -->\n\t\t\t\t\n\t\t\t<\/div>\n\t\t<\/div>\n\n    <\/div><!-- .image-pro-wrap -->\n\n\t\n\t\n\t<\/div><!-- \/module image pro --><!-- module image pro -->\n<div  class=\"module module-pro-image tb_k5ag684 filter- effect- fullwidth_image  tf_textc   entrance-effect-partial-overlay\" data-lazy=\"1\" data-entrance-effect=\"partial-overlay\" data-exit-effect=\"\" >\n\t\n    <div class=\"image-pro-wrap tf_rel tf_overflow tf_inline_b\">\n\t\t\t\t<div class=\"image-pro-flip-box-wrap tf_rel tf_w tf_overflow\">\n\t\t\t<div class=\"image-pro-flip-box tf_rel\">\n\n\t\t\t\t<img loading=\"lazy\" decoding=\"async\" src=\"https:\/\/microweave-tex.eu\/wp-content\/uploads\/2026\/03\/group-of-business-2026-01-07-02-10-35-utc-1024x511-800x350.jpg\" width=\"800\" height=\"350\" class=\"wp-post-image wp-image-1169\" title=\"Metodyki szkoleniowe oparte na strukturze\" alt=\"Metodyki szkoleniowe oparte na strukturze\">\n\t\t\t\t\t\t\t\t\t<div class=\"image-pro-overlay tf_hidden tf_abs\">\n\n\t\t\t\t\t\t\t\t\t\t\t\t\t<div class=\"image-pro-color-overlay tf_abs\" style=\"background-color:rgba(255,255,255, 0.81)\"><\/div>\n\t\t\t\t\t\t\n\t\t\t\t\t\t<div class=\"image-pro-overlay-inner\">\n\n\t\t\t\t\t\t\t\t\t\t\t\t\t\t\t<h4 class=\"image-pro-entity image-pro-title\">Metodyki szkoleniowe oparte na strukturze<\/h4>\n\t\t\t\t\t\t\t\t\n\t\t\t\t\t\t\t\t\t\t\t\t\t\t\t<div class=\"image-pro-entity image-pro-caption\">The methodologies will focus on microplastics, textile sustainability, and technologies to reduce microfibre release. The curriculum will integrate theory and practical experiments, as well as how to incorporate the 'Escape rooms' from the Students' Hub into classrooms as an interactive teaching tool.\n\nThe 'Escape rooms' methodology introduces an innovative and interactive approach to teaching, making complex topics more memorable.<\/div>\n\t\t\t\t\t\t\t\t \n\t\t\t\t\t\t\t\n\t\t\t\t\t\t<\/div>\n\t\t\t\t\t<\/div><!-- .image-pro-overlay -->\n\t\t\t\t\n\t\t\t<\/div>\n\t\t<\/div>\n\n    <\/div><!-- .image-pro-wrap -->\n\n\t\n\t\n\t<\/div><!-- \/module image pro -->        <\/div>\n                    <\/div>\n                <\/div>\n                        <\/div>\n        <\/div>\n                        <div  data-css_id=\"4fxm684\" data-lazy=\"1\" class=\"module_row themify_builder_row fullwidth tb_4fxm684 tf_w\">\n                        <div class=\"row_inner col_align_top tb_col_count_1 tf_box tf_rel\">\n                        <div  data-lazy=\"1\" class=\"module_column tb-column col-full tb_ccqa684 first\">\n                    <!-- module buttons -->\n<div  class=\"module module-buttons tb_3yw2684 buttons-horizontal solid   rounded\" data-lazy=\"1\">\n        <div class=\"module-buttons-item tf_in_flx\">\n                        <a href=\"#\" class=\"ui builder_button tf_in_flx tb_default_color\" target=\"_blank\" rel=\"noopener\">\n                                                Learning Material                                        <\/a>\n                <\/div>\n            <\/div>\n<!-- \/module buttons -->\n        <\/div>\n                        <\/div>\n        <\/div>\n                        <div  data-lazy=\"1\" class=\"module_row themify_builder_row tb_k64u684 tf_w\">\n                        <div class=\"row_inner col_align_top tb_col_count_1 tf_box tf_rel\">\n                        <div  data-lazy=\"1\" class=\"module_column tb-column col-full tb_dfz9684 first\">\n                    <!-- module text -->\n<div  class=\"module module-text tb_ixyb684   \" data-lazy=\"1\">\n        <div  class=\"tb_text_wrap\">\n        <p style=\"text-align: center;\">*Dost\u0119pne w j\u0119zykach: angielskim, hiszpa\u0144skim, greckim, polskim i litewskim.<\/p>    <\/div>\n<\/div>\n<!-- \/module text -->        <\/div>\n                        <\/div>\n        <\/div>\n                        <div  data-css_id=\"k5zg684\" data-lazy=\"1\" class=\"module_row themify_builder_row fullwidth tb_k5zg684 tf_w\">\n            <span class=\"tb_row_frame_wrap tf_overflow tf_abs\" data-lazy=\"1\"><span class=\"tb_row_frame tb_row_frame_top  tf_abs tf_hide tf_overflow tf_w\"><\/span><span class=\"tb_row_frame tb_row_frame_bottom  tf_abs tf_hide tf_overflow tf_w\"><\/span><\/span>            <div class=\"row_inner col_align_top tb_col_count_1 tf_box tf_rel\">\n                        <div  data-lazy=\"1\" class=\"module_column tb-column col-full tb_hvjl684 first\">\n                            <\/div>\n                        <\/div>\n        <\/div>\n        <\/div>\n<!--\/themify_builder_content-->","protected":false},"excerpt":{"rendered":"<p>Modu\u0142owy program szkoleniowy w celu wsparcia nauczycieli szkolnictwa wy\u017cszego w w\u0142\u0105czaniu zagadnie\u0144 dotycz\u0105cych zr\u00f3wnowa\u017conego rozwoju i mikroplastik\u00f3w do program\u00f3w nauczania. Centrum dla nauczycieli ma na celu zwi\u0119kszenie \u015bwiadomo\u015bci w zakresie zr\u00f3wnowa\u017conego rozwoju w bran\u017cy tekstylnej oraz promowanie lepszej i bardziej przyst\u0119pnej edukacji na temat wp\u0142ywu tej bran\u017cy na \u015brodowisko. Tutaj mo\u017cna znale\u017a\u0107 szczeg\u00f3\u0142owy raport pt. [&hellip;]<\/p>\n","protected":false},"author":1,"featured_media":0,"parent":0,"menu_order":0,"comment_status":"closed","ping_status":"closed","template":"","meta":{"footnotes":""},"class_list":["post-1197","page","type-page","status-publish","hentry","has-post-title","has-post-date","has-post-category","has-post-tag","has-post-comment","has-post-author",""],"builder_content":"<h3>Centrum dla nauczycieli<br\/><\/h3>\n<h3>Modu\u0142owy program szkoleniowy w celu wsparcia nauczycieli szkolnictwa wy\u017cszego w w\u0142\u0105czaniu zagadnie\u0144 dotycz\u0105cych zr\u00f3wnowa\u017conego rozwoju i mikroplastik\u00f3w do program\u00f3w nauczania.<\/h3> <p>Centrum dla nauczycieli ma na celu zwi\u0119kszenie \u015bwiadomo\u015bci w zakresie zr\u00f3wnowa\u017conego rozwoju w bran\u017cy tekstylnej oraz promowanie lepszej i bardziej przyst\u0119pnej edukacji na temat wp\u0142ywu tej bran\u017cy na \u015brodowisko.<\/p> <p>Tutaj mo\u017cna znale\u017a\u0107 szczeg\u00f3\u0142owy raport pt. \u201eNajnowsze osi\u0105gni\u0119cia w dziedzinie uwalniania mikroplastik\u00f3w i syntetycznych mikrow\u0142\u00f3kien z produkt\u00f3w odzie\u017cowych do wody\u201d, zawieraj\u0105cy dane, studia przypadk\u00f3w, zidentyfikowane wyzwania oraz przyk\u0142ady sukces\u00f3w oparte na najnowszych wynikach bada\u0144 naukowych.<\/p> <p>Centrum Edukacyjne zapewnia, \u017ce opracowane tre\u015bci maj\u0105 pod\u0142o\u017ce naukowe i s\u0105 dostosowane do aktualnych osi\u0105gni\u0119\u0107 w tej dziedzinie, co potwierdza szczeg\u00f3\u0142owy raport. Raport zatytu\u0142owany \u201eNajnowsze osi\u0105gni\u0119cia w dziedzinie uwalniania mikroplastik\u00f3w i syntetycznych mikrow\u0142\u00f3kien z produkt\u00f3w odzie\u017cowych do wody\u201d zawiera dane, studia przypadk\u00f3w, wyzwania oraz przyk\u0142ady sukces\u00f3w oparte na najnowszych wynikach bada\u0144 naukowych.<\/p>\n<p>Program obejmuje:<\/p>\n<img src=\"https:\/\/microweave-tex.eu\/wp-content\/uploads\/2026\/03\/Screenshot_110.png\" title=\"Screenshot_110\" alt=\"Screenshot_110\">\n<p>Learning Materials<\/p>\n<img src=\"https:\/\/microweave-tex.eu\/wp-content\/uploads\/2026\/03\/Screenshot_111.png\" title=\"Screenshot_111\" alt=\"Screenshot_111\">\n<p>S\u0142ownik wieloj\u0119zyczny<\/p>\n<img src=\"https:\/\/microweave-tex.eu\/wp-content\/uploads\/2026\/03\/Screenshot_112.png\" title=\"Screenshot_112\" alt=\"Screenshot_112\">\n<p>Podcasty<\/p>\n<img src=\"https:\/\/microweave-tex.eu\/wp-content\/uploads\/2026\/03\/Screenshot_113.png\" title=\"Screenshot_113\" alt=\"Screenshot_113\">\n<p>Metodyki szkoleniowe oparte na strukturze<\/p>\n<img src=\"https:\/\/microweave-tex.eu\/wp-content\/uploads\/2026\/03\/colorful-sewing-threads-background-closeup-2026-01-07-23-39-40-utc-1024x677-800x350.jpg\" width=\"800\" height=\"350\" title=\"Learning Materials\" alt=\"Learning Materials\"> \n \n <h4>Learning Materials<\/h4> The learning materials will cover the core topics of microplastics and sustainable textile technologies (through Genially & RaskAI), to facilitate interactivity and efficiency in content and adapt it to various contexts and languages. They will offer flexible and engaging resources that cater to diverse learning preferences. \n \n <b>Warning<\/b>: Undefined variable $modal_id in <b>\/home\/clients\/d469af49bc035503768fa5501207069c\/sites\/microweave-tex.eu\/wp-content\/plugins\/builder-image-pro\/templates\/template-pro-image.php<\/b> on line <b>204<\/b><br \/> \">\n<img src=\"https:\/\/microweave-tex.eu\/wp-content\/uploads\/2026\/03\/multiracial-hosts-doing-interview-while-streaming-2026-01-11-08-10-50-utc-1024x683-800x350.jpg\" width=\"800\" height=\"350\" title=\"Podcasty\" alt=\"Podcasty\"> \n \n <h4>Podcasty<\/h4> The podcasts will focus on sustainability and microplastics in textiles. They will feature discussions with experts and insights into current industry practices and solutions. The podcasts also will support educators with ready-to-use content, offering a more diverse educational format.\n<img src=\"https:\/\/microweave-tex.eu\/wp-content\/uploads\/2026\/03\/dictionary-definition-of-word-2026-01-08-22-40-11-utc-1024x683-800x350.jpg\" width=\"800\" height=\"350\" title=\"S\u0142ownik wieloj\u0119zyczny\" alt=\"S\u0142ownik wieloj\u0119zyczny\"> \n \n <h4>S\u0142ownik wieloj\u0119zyczny<\/h4> The Multilingual Interpretive Dictionary will standardize terminology relating to microplastics and sustainability, make it more clarifying and consistent across different languages, and supporting accessibility and coherency of content as well.\n<img src=\"https:\/\/microweave-tex.eu\/wp-content\/uploads\/2026\/03\/group-of-business-2026-01-07-02-10-35-utc-1024x511-800x350.jpg\" width=\"800\" height=\"350\" title=\"Metodyki szkoleniowe oparte na strukturze\" alt=\"Metodyki szkoleniowe oparte na strukturze\"> \n \n <h4>Metodyki szkoleniowe oparte na strukturze<\/h4> The methodologies will focus on microplastics, textile sustainability, and technologies to reduce microfibre release. The curriculum will integrate theory and practical experiments, as well as how to incorporate the 'Escape rooms' from the Students' Hub into classrooms as an interactive teaching tool.\nThe 'Escape rooms' methodology introduces an innovative and interactive approach to teaching, making complex topics more memorable.\n<a href=\"#\" target=\"_blank\" rel=\"noopener\"> Learning Material <\/a>\n<p style=\"text-align: center;\">*Dost\u0119pne w j\u0119zykach: angielskim, hiszpa\u0144skim, greckim, polskim i litewskim.<\/p>","_links":{"self":[{"href":"https:\/\/microweave-tex.eu\/pl\/wp-json\/wp\/v2\/pages\/1197","targetHints":{"allow":["GET"]}}],"collection":[{"href":"https:\/\/microweave-tex.eu\/pl\/wp-json\/wp\/v2\/pages"}],"about":[{"href":"https:\/\/microweave-tex.eu\/pl\/wp-json\/wp\/v2\/types\/page"}],"author":[{"embeddable":true,"href":"https:\/\/microweave-tex.eu\/pl\/wp-json\/wp\/v2\/users\/1"}],"replies":[{"embeddable":true,"href":"https:\/\/microweave-tex.eu\/pl\/wp-json\/wp\/v2\/comments?post=1197"}],"version-history":[{"count":6,"href":"https:\/\/microweave-tex.eu\/pl\/wp-json\/wp\/v2\/pages\/1197\/revisions"}],"predecessor-version":[{"id":1497,"href":"https:\/\/microweave-tex.eu\/pl\/wp-json\/wp\/v2\/pages\/1197\/revisions\/1497"}],"wp:attachment":[{"href":"https:\/\/microweave-tex.eu\/pl\/wp-json\/wp\/v2\/media?parent=1197"}],"curies":[{"name":"wp","href":"https:\/\/api.w.org\/{rel}","templated":true}]}}