{"id":1213,"date":"2026-02-20T12:00:56","date_gmt":"2026-02-20T12:00:56","guid":{"rendered":"https:\/\/microweave-tex.eu\/students-hub\/"},"modified":"2026-04-07T14:35:44","modified_gmt":"2026-04-07T14:35:44","slug":"students-hub","status":"publish","type":"page","link":"https:\/\/microweave-tex.eu\/pl\/students-hub\/","title":{"rendered":"Students&#8217; Hub"},"content":{"rendered":"<!--themify_builder_content-->\n<div id=\"themify_builder_content-1213\" data-postid=\"1213\" class=\"themify_builder_content themify_builder_content-1213 themify_builder tf_clear\">\n                    <div  data-css_id=\"3359364\" data-lazy=\"1\" class=\"module_row themify_builder_row fullwidth tb_3359364 tb_first tf_w\">\n                        <div class=\"row_inner col_align_top tb_col_count_1 tf_box tf_rel\">\n                        <div  data-lazy=\"1\" class=\"module_column tb-column col-full tb_cqol364 first\">\n                    <!-- module fancy heading -->\n<div  class=\"module module-fancy-heading tb_1p85364  tb_hide_divider\" data-lazy=\"1\">\n        <h3 class=\"fancy-heading\">\n    <span class=\"main-head tf_block\">\n                    Centrum dla student\u00f3w            <\/span>\n\n    \n    <span class=\"sub-head tf_block tf_rel\">\n                                <\/span>\n    <\/h3>\n<\/div>\n<!-- \/module fancy heading -->\n        <\/div>\n                        <\/div>\n        <\/div>\n                        <div  data-css_id=\"8lll364\" data-lazy=\"1\" class=\"module_row themify_builder_row fullwidth tb_8lll364 tf_w\">\n                        <div class=\"row_inner col_align_top tb_col_count_1 tf_box tf_rel\">\n                        <div  data-lazy=\"1\" class=\"module_column tb-column col-full tb_orct364 first\">\n                    <!-- module text -->\n<div  class=\"module module-text tb_89pq364   \" data-lazy=\"1\">\n        <div  class=\"tb_text_wrap\">\n        <h2><span style=\"font-weight: bold;\"><span style=\"color: #b5b5b5;\"><span class=\"a_GcMg font-feature-liga-off font-feature-clig-off font-feature-calt-off text-decoration-none text-strikethrough-none\">Interaktywny program edukacyjny \u0142\u0105cz\u0105cy<\/span><\/span> <span style=\"color: #0079b2;\"><span class=\"a_GcMg font-feature-liga-off font-feature-clig-off font-feature-calt-off text-decoration-none text-strikethrough-none\">teori\u0119, zaj\u0119cia praktyczne<\/span><\/span>\u00a0<span style=\"color: #b5b5b5;\">i <\/span><span style=\"color: #0079b2;\"><span class=\"a_GcMg font-feature-liga-off font-feature-clig-off font-feature-calt-off text-decoration-none text-strikethrough-none\">narz\u0119dzia cyfrowe<\/span><\/span><span style=\"color: #b5b5b5;\">, maj\u0105cy na celu pom\u00f3c uczniom w ograniczeniu ilo\u015bci mikroplastiku w tekstyliach.<\/span><\/span><\/h2>\n<p><span style=\"font-size: 1.4em; letter-spacing: -0.02em; color: #000000;\"><span class=\"a_GcMg font-feature-liga-off font-feature-clig-off font-feature-calt-off text-decoration-none text-strikethrough-none\">Centrum Studenckie ma na celu promowanie zr\u00f3wnowa\u017conego rozwoju w bran\u017cy tekstylnej poprzez r\u00f3\u017cne innowacyjne rozwi\u0105zania edukacyjne w ca\u0142ej Europie.<\/span><\/span><\/p>\n<p><span style=\"color: #000000;\"><span style=\"font-size: 1.4em; letter-spacing: -0.02em;\"><span class=\"a_GcMg font-feature-liga-off font-feature-clig-off font-feature-calt-off text-decoration-none text-strikethrough-none\">W tej sekcji zar\u00f3wno uczniowie, jak i nauczyciele uzyskuj\u0105 dost\u0119p do wieloj\u0119zycznych materia\u0142\u00f3w szkoleniowych, kt\u00f3re pe\u0142ni\u0105 rol\u0119 \u201eencyklopedii\u201d po\u015bwi\u0119conej r\u00f3\u017cnorodnym i odr\u0119bnym dziedzinom wiedzy z zakresu przemys\u0142u tekstylnego, dotycz\u0105cym mikroplastik\u00f3w, zanieczyszczenia wody oraz zr\u00f3wnowa\u017conych tekstyli\u00f3w.<\/span><\/span><\/span><\/p>    <\/div>\n<\/div>\n<!-- \/module text -->        <\/div>\n                        <\/div>\n        <\/div>\n                        <div  data-css_id=\"ojpt364\" data-lazy=\"1\" class=\"module_row themify_builder_row fullwidth tb_ojpt364 tf_w\">\n                        <div class=\"row_inner col_align_top tb_col_count_1 tf_box tf_rel\">\n                        <div  data-lazy=\"1\" class=\"module_column tb-column col-full tb_hfkg364 first\">\n                    <!-- module text -->\n<div  class=\"module module-text tb_zd17364   \" data-lazy=\"1\">\n        <div  class=\"tb_text_wrap\">\n        <p>Program obejmuje:<\/p>    <\/div>\n<\/div>\n<!-- \/module text -->        <\/div>\n                        <\/div>\n        <\/div>\n                        <div  data-css_id=\"p321363\" data-lazy=\"1\" class=\"module_row themify_builder_row fullwidth tb_p321363 tf_w\">\n                        <div class=\"row_inner col_align_top tb_col_count_1 tf_box tf_rel\">\n                        <div  data-lazy=\"1\" class=\"module_column tb-column col-full tb_v8ze363 first\">\n                            <div  data-lazy=\"1\" class=\"module_subrow themify_builder_sub_row tf_w col_align_top tb_col_count_3 tb_a733364\">\n                <div  data-lazy=\"1\" class=\"module_column sub_column col3-1 tb_4bh2364 first\">\n                            <div  data-lazy=\"1\" class=\"module_subrow themify_builder_sub_row tf_w col_align_top tb_col_count_2 tb_wnth364\">\n                <div  data-lazy=\"1\" class=\"module_column sub_column col4-2 tb_ngvm364 first\">\n                    <!-- module image -->\n<div  class=\"module module-image tb_eawi364 image-right   tf_mw\" data-lazy=\"1\">\n        <div class=\"image-wrap tf_rel tf_mw\">\n            <img loading=\"lazy\" decoding=\"async\" width=\"66\" height=\"104\" src=\"https:\/\/microweave-tex.eu\/wp-content\/uploads\/2026\/03\/Screenshot_110.png\" class=\"wp-post-image wp-image-941\" title=\"Screenshot_110\" alt=\"Screenshot_110\">    \n        <\/div>\n    <!-- \/image-wrap -->\n    \n        <\/div>\n<!-- \/module image -->        <\/div>\n                    <div  data-lazy=\"1\" class=\"module_column sub_column col4-2 tb_rydu364 last\">\n                    <!-- module text -->\n<div  class=\"module module-text tb_myvl364   \" data-lazy=\"1\">\n        <div  class=\"tb_text_wrap\">\n        <p>Interaktywne materia\u0142y edukacyjne<\/p>    <\/div>\n<\/div>\n<!-- \/module text -->        <\/div>\n                    <\/div>\n                <\/div>\n                    <div  data-lazy=\"1\" class=\"module_column sub_column col3-1 tb_1y51364\">\n                            <div  data-lazy=\"1\" class=\"module_subrow themify_builder_sub_row tf_w col_align_top tb_col_count_2 tb_6c7c364\">\n                <div  data-lazy=\"1\" class=\"module_column sub_column col4-2 tb_uyfy364 first\">\n                    <!-- module image -->\n<div  class=\"module module-image tb_t0sz364 image-right   tf_mw\" data-lazy=\"1\">\n        <div class=\"image-wrap tf_rel tf_mw\">\n            <img loading=\"lazy\" decoding=\"async\" width=\"71\" height=\"104\" src=\"https:\/\/microweave-tex.eu\/wp-content\/uploads\/2026\/03\/Screenshot_111.png\" class=\"wp-post-image wp-image-944\" title=\"Screenshot_111\" alt=\"Screenshot_111\">    \n        <\/div>\n    <!-- \/image-wrap -->\n    \n        <\/div>\n<!-- \/module image -->        <\/div>\n                    <div  data-lazy=\"1\" class=\"module_column sub_column col4-2 tb_8f1f364 last\">\n                    <!-- module text -->\n<div  class=\"module module-text tb_w436364   \" data-lazy=\"1\">\n        <div  class=\"tb_text_wrap\">\n        <p>Specjalistyczny s\u0142ownik termin\u00f3w technicznych<\/p>    <\/div>\n<\/div>\n<!-- \/module text -->        <\/div>\n                    <\/div>\n                <\/div>\n                    <div  data-lazy=\"1\" class=\"module_column sub_column col3-1 tb_cyfn364 last\">\n                            <div  data-lazy=\"1\" class=\"module_subrow themify_builder_sub_row tf_w col_align_top tb_col_count_2 tb_vf2p364\">\n                <div  data-lazy=\"1\" class=\"module_column sub_column col4-2 tb_v1j6364 first\">\n                    <!-- module image -->\n<div  class=\"module module-image tb_7h1d364 image-right   tf_mw\" data-lazy=\"1\">\n        <div class=\"image-wrap tf_rel tf_mw\">\n            <img loading=\"lazy\" decoding=\"async\" width=\"67\" height=\"104\" src=\"https:\/\/microweave-tex.eu\/wp-content\/uploads\/2026\/03\/Screenshot_112.png\" class=\"wp-post-image wp-image-943\" title=\"Screenshot_112\" alt=\"Screenshot_112\">    \n        <\/div>\n    <!-- \/image-wrap -->\n    \n        <\/div>\n<!-- \/module image -->        <\/div>\n                    <div  data-lazy=\"1\" class=\"module_column sub_column col4-2 tb_u6ih364 last\">\n                    <!-- module text -->\n<div  class=\"module module-text tb_y5ys364   \" data-lazy=\"1\">\n        <div  class=\"tb_text_wrap\">\n        <p>Escape room i \u0107wiczenia praktyczne<\/p>    <\/div>\n<\/div>\n<!-- \/module text -->        <\/div>\n                    <\/div>\n                <\/div>\n                    <\/div>\n                <div  data-lazy=\"1\" class=\"module_subrow themify_builder_sub_row tf_w col_align_top tb_col_count_2 tb_be49364\">\n                <div  data-lazy=\"1\" class=\"module_column sub_column col4-2 tb_1ze3364 first\">\n                    <!-- module image pro -->\n<div  class=\"module module-pro-image tb_r794364 filter- effect- fullwidth_image  tf_textc   entrance-effect-partial-overlay\" data-lazy=\"1\" data-entrance-effect=\"partial-overlay\" data-exit-effect=\"\" >\n\t\n    <div class=\"image-pro-wrap tf_rel tf_overflow tf_inline_b\">\n\t\t\t\t<div class=\"image-pro-flip-box-wrap tf_rel tf_w tf_overflow\">\n\t\t\t<div class=\"image-pro-flip-box tf_rel\">\n\n\t\t\t\t<img loading=\"lazy\" decoding=\"async\" src=\"https:\/\/microweave-tex.eu\/wp-content\/uploads\/2026\/03\/a-team-of-web-developers-discusses-how-to-best-org-2026-01-07-01-03-05-utc-1024x683-800x350.jpg\" width=\"800\" height=\"350\" class=\"wp-post-image wp-image-1161\" title=\"Interaktywne materia\u0142y edukacyjne\" alt=\"Interaktywne materia\u0142y edukacyjne\">\n\t\t\t\t\t\t\t\t\t<div class=\"image-pro-overlay tf_hidden tf_abs\">\n\n\t\t\t\t\t\t\t\t\t\t\t\t\t<div class=\"image-pro-color-overlay tf_abs\" style=\"background-color:rgba(99,99,99, 0.81)\"><\/div>\n\t\t\t\t\t\t\n\t\t\t\t\t\t<div class=\"image-pro-overlay-inner\">\n\n\t\t\t\t\t\t\t\t\t\t\t\t\t\t\t<h4 class=\"image-pro-entity image-pro-title\">Interaktywne materia\u0142y edukacyjne<\/h4>\n\t\t\t\t\t\t\t\t\n\t\t\t\t\t\t\t\t\t\t\t\t\t\t\t<div class=\"image-pro-entity image-pro-caption\">The learning materials include engaging and interactive content using digital tools (Genially), designed to facilitate flexible learning. The e-learning course also encourages students and educators to engage at their own pace.<\/div>\n\t\t\t\t\t\t\t\t \n\t\t\t\t\t\t\t\n\t\t\t\t\t\t<\/div>\n\t\t\t\t\t<\/div><!-- .image-pro-overlay -->\n\t\t\t\t\n\t\t\t<\/div>\n\t\t<\/div>\n\n    <\/div><!-- .image-pro-wrap -->\n\n\t\n\t\n\t<\/div><!-- \/module image pro --><!-- module image pro -->\n<div  class=\"module module-pro-image tb_yz2x364 filter- effect- fullwidth_image  tf_textc   entrance-effect-partial-overlay\" data-lazy=\"1\" data-entrance-effect=\"partial-overlay\" data-exit-effect=\"\" >\n\t\n    <div class=\"image-pro-wrap tf_rel tf_overflow tf_inline_b\">\n\t\t\t\t<div class=\"image-pro-flip-box-wrap tf_rel tf_w tf_overflow\">\n\t\t\t<div class=\"image-pro-flip-box tf_rel\">\n\n\t\t\t\t<img loading=\"lazy\" decoding=\"async\" src=\"https:\/\/microweave-tex.eu\/wp-content\/uploads\/2026\/03\/architectural-team-discussing-site-development-pla-2026-01-08-06-29-13-utc-1024x683-800x350.jpg\" width=\"800\" height=\"350\" class=\"wp-post-image wp-image-1163\" title=\"Escape room i \u0107wiczenia praktyczne\" alt=\"Escape room i \u0107wiczenia praktyczne\">\n\t\t\t\t\t\t\t\t\t<div class=\"image-pro-overlay tf_hidden tf_abs\">\n\n\t\t\t\t\t\t\t\t\t\t\t\t\t<div class=\"image-pro-color-overlay tf_abs\" style=\"background-color:rgba(255,255,255, 0.81)\"><\/div>\n\t\t\t\t\t\t\n\t\t\t\t\t\t<div class=\"image-pro-overlay-inner\">\n\n\t\t\t\t\t\t\t\t\t\t\t\t\t\t\t<h4 class=\"image-pro-entity image-pro-title\">Escape room i \u0107wiczenia praktyczne<\/h4>\n\t\t\t\t\t\t\t\t\n\t\t\t\t\t\t\t\t\t\t\t\t\t\t\t<div class=\"image-pro-entity image-pro-caption\">The Escape room is going to be based on experiments regarding microplastics in the textile industry. The practical exercises include visual content (presentation, games, videos, quizzes) to simplify and make complex concepts more accessible.<\/div>\n\t\t\t\t\t\t\t\t \n\t\t\t\t\t\t\t\n\t\t\t\t\t\t<\/div>\n\t\t\t\t\t<\/div><!-- .image-pro-overlay -->\n\t\t\t\t\n\t\t\t<\/div>\n\t\t<\/div>\n\n    <\/div><!-- .image-pro-wrap -->\n\n\t\n\t\n\t<\/div><!-- \/module image pro -->        <\/div>\n                    <div  data-lazy=\"1\" class=\"module_column sub_column col4-2 tb_m7ar364 last\">\n                    <!-- module image pro -->\n<div  class=\"module module-pro-image tb_0oiq364 filter- effect- fullwidth_image  tf_textc   entrance-effect-partial-overlay\" data-lazy=\"1\" data-entrance-effect=\"partial-overlay\" data-exit-effect=\"\" >\n\t\n    <div class=\"image-pro-wrap tf_rel tf_overflow tf_inline_b\">\n\t\t\t\t<div class=\"image-pro-flip-box-wrap tf_rel tf_w tf_overflow\">\n\t\t\t<div class=\"image-pro-flip-box tf_rel\">\n\n\t\t\t\t<img loading=\"lazy\" decoding=\"async\" src=\"https:\/\/microweave-tex.eu\/wp-content\/uploads\/2026\/03\/close-up-of-opened-book-on-wooden-table-education-2026-01-07-00-56-45-utc-1024x683-800x350.jpg\" width=\"800\" height=\"350\" class=\"wp-post-image wp-image-1162\" title=\"Specjalistyczny s\u0142ownik termin\u00f3w technicznych\" alt=\"Specjalistyczny s\u0142ownik termin\u00f3w technicznych\">\n\t\t\t\t\t\t\t\t\t<div class=\"image-pro-overlay tf_hidden tf_abs\">\n\n\t\t\t\t\t\t\t\t\t\t\t\t\t<div class=\"image-pro-color-overlay tf_abs\" style=\"background-color:rgba(0,0,0, 0.81)\"><\/div>\n\t\t\t\t\t\t\n\t\t\t\t\t\t<div class=\"image-pro-overlay-inner\">\n\n\t\t\t\t\t\t\t\t\t\t\t\t\t\t\t<h4 class=\"image-pro-entity image-pro-title\">Specjalistyczny s\u0142ownik termin\u00f3w technicznych<\/h4>\n\t\t\t\t\t\t\t\t\n\t\t\t\t\t\t\t\t\t\t\t\t\t\t\t<div class=\"image-pro-entity image-pro-caption\">A multilingual (English, Spanish, Greek, Polish & Lithuanian) glossary integrating sustainability-related terminology, ensuring that students can access the comprehensive definitions of key terms related to microplastics, improving their understanding and communication of key sustainability concepts.<\/div>\n\t\t\t\t\t\t\t\t \n\t\t\t\t\t\t\t\n\t\t\t\t\t\t<\/div>\n\t\t\t\t\t<\/div><!-- .image-pro-overlay -->\n\t\t\t\t\n\t\t\t<\/div>\n\t\t<\/div>\n\n    <\/div><!-- .image-pro-wrap -->\n\n\t\n\t\n\t<\/div><!-- \/module image pro -->        <\/div>\n                    <\/div>\n                <\/div>\n                        <\/div>\n        <\/div>\n                        <div  data-lazy=\"1\" class=\"module_row themify_builder_row tb_zo95363 tf_w\">\n                        <div class=\"row_inner col_align_top tb_col_count_1 tf_box tf_rel\">\n                        <div  data-lazy=\"1\" class=\"module_column tb-column col-full tb_dyoe363 first\">\n                    <!-- module buttons -->\n<div  class=\"module module-buttons tb_zc7l363 buttons-horizontal solid   rounded\" data-lazy=\"1\">\n        <div class=\"module-buttons-item tf_in_flx\">\n                        <a href=\"#\" class=\"ui builder_button tf_in_flx tb_default_color\" target=\"_blank\" rel=\"noopener\">\n                                                Learning Material                                        <\/a>\n                <\/div>\n            <\/div>\n<!-- \/module buttons -->\n        <\/div>\n                        <\/div>\n        <\/div>\n                        <div  data-lazy=\"1\" class=\"module_row themify_builder_row tb_2kxg363 tf_w\">\n                        <div class=\"row_inner col_align_top tb_col_count_1 tf_box tf_rel\">\n                        <div  data-lazy=\"1\" class=\"module_column tb-column col-full tb_8q7e363 first\">\n                    <!-- module text -->\n<div  class=\"module module-text tb_ofnm363   \" data-lazy=\"1\">\n        <div  class=\"tb_text_wrap\">\n        <p style=\"text-align: center;\">*Dost\u0119pne w j\u0119zykach: angielskim, hiszpa\u0144skim, greckim, polskim i litewskim.<\/p>    <\/div>\n<\/div>\n<!-- \/module text -->        <\/div>\n                        <\/div>\n        <\/div>\n                        <div  data-css_id=\"a5gi363\" data-lazy=\"1\" class=\"module_row themify_builder_row fullwidth tb_a5gi363 tf_w\">\n            <span class=\"tb_row_frame_wrap tf_overflow tf_abs\" data-lazy=\"1\"><span class=\"tb_row_frame tb_row_frame_top  tf_abs tf_hide tf_overflow tf_w\"><\/span><span class=\"tb_row_frame tb_row_frame_bottom  tf_abs tf_hide tf_overflow tf_w\"><\/span><\/span>            <div class=\"row_inner col_align_top tb_col_count_1 tf_box tf_rel\">\n                        <div  data-lazy=\"1\" class=\"module_column tb-column col-full tb_k9k2363 first\">\n                            <\/div>\n                        <\/div>\n        <\/div>\n                        <div  data-lazy=\"1\" class=\"module_row themify_builder_row tb_7cbe363 tf_w\">\n                        <div class=\"row_inner col_align_top tb_col_count_1 tf_box tf_rel\">\n                        <div  data-lazy=\"1\" class=\"module_column tb-column col-full tb_h5vb363 first\">\n                    <div  class=\"module themify_builder_slider_wrap tf_clearfix module-slider tb_09f7363  slider-default  \" data-lazy=\"1\">\n        <div class=\"themify_builder_slider tf_carousel tf_swiper-container tf_rel tf_overflow\" data-lazy=\"1\"        data-visible=\"1\"\n        data-tab-visible=\"1\"\n        data-mob-visible=\"1\"\n        data-scroll=\"1\"\n                        data-speed=\"1\"\n        data-wrapvar=\"1\"\n        data-slider_nav=\"1\"\n        data-pager=\"1\"\n        data-effect=\"scroll\" \n        data-height=\"variable\"\n        data-css_url=\"https:\/\/microweave-tex.eu\/wp-content\/themes\/themify-ultra\/themify\/themify-builder\/css\/modules\/sliders\/carousel,https:\/\/microweave-tex.eu\/wp-content\/themes\/themify-ultra\/themify\/themify-builder\/css\/modules\/sliders\/slider\"\n                    data-type=\"video\">\n        <div class=\"tf_swiper-wrapper tf_lazy tf_rel tf_w tf_h tf_textc\">\n                    <div class=\"tf_swiper-slide\">            <div class=\"slide-inner-wrap\">\n                                            <\/div>\n        <\/div>            <\/div>\n    <\/div>\n<\/div>\n        <\/div>\n                        <\/div>\n        <\/div>\n        <\/div>\n<!--\/themify_builder_content-->","protected":false},"excerpt":{"rendered":"<p>Interaktywny program edukacyjny \u0142\u0105cz\u0105cy teori\u0119, zaj\u0119cia praktyczne\u00a0i narz\u0119dzia cyfrowe, maj\u0105cy na celu pom\u00f3c uczniom w ograniczeniu ilo\u015bci mikroplastiku w tekstyliach. Centrum Studenckie ma na celu promowanie zr\u00f3wnowa\u017conego rozwoju w bran\u017cy tekstylnej poprzez r\u00f3\u017cne innowacyjne rozwi\u0105zania edukacyjne w ca\u0142ej Europie. W tej sekcji zar\u00f3wno uczniowie, jak i nauczyciele uzyskuj\u0105 dost\u0119p do wieloj\u0119zycznych materia\u0142\u00f3w szkoleniowych, kt\u00f3re pe\u0142ni\u0105 [&hellip;]<\/p>\n","protected":false},"author":1,"featured_media":0,"parent":0,"menu_order":0,"comment_status":"closed","ping_status":"closed","template":"","meta":{"footnotes":""},"class_list":["post-1213","page","type-page","status-publish","hentry","has-post-title","has-post-date","has-post-category","has-post-tag","has-post-comment","has-post-author",""],"builder_content":"<h3>Centrum dla student\u00f3w<br\/><\/h3>\n<h2>Interaktywny program edukacyjny \u0142\u0105cz\u0105cy teori\u0119, zaj\u0119cia praktyczne\u00a0i narz\u0119dzia cyfrowe, maj\u0105cy na celu pom\u00f3c uczniom w ograniczeniu ilo\u015bci mikroplastiku w tekstyliach.<\/h2> <p>Centrum Studenckie ma na celu promowanie zr\u00f3wnowa\u017conego rozwoju w bran\u017cy tekstylnej poprzez r\u00f3\u017cne innowacyjne rozwi\u0105zania edukacyjne w ca\u0142ej Europie.<\/p> <p>W tej sekcji zar\u00f3wno uczniowie, jak i nauczyciele uzyskuj\u0105 dost\u0119p do wieloj\u0119zycznych materia\u0142\u00f3w szkoleniowych, kt\u00f3re pe\u0142ni\u0105 rol\u0119 \u201eencyklopedii\u201d po\u015bwi\u0119conej r\u00f3\u017cnorodnym i odr\u0119bnym dziedzinom wiedzy z zakresu przemys\u0142u tekstylnego, dotycz\u0105cym mikroplastik\u00f3w, zanieczyszczenia wody oraz zr\u00f3wnowa\u017conych tekstyli\u00f3w.<\/p>\n<p>Program obejmuje:<\/p>\n<img src=\"https:\/\/microweave-tex.eu\/wp-content\/uploads\/2026\/03\/Screenshot_110.png\" title=\"Screenshot_110\" alt=\"Screenshot_110\">\n<p>Interaktywne materia\u0142y edukacyjne<\/p>\n<img src=\"https:\/\/microweave-tex.eu\/wp-content\/uploads\/2026\/03\/Screenshot_111.png\" title=\"Screenshot_111\" alt=\"Screenshot_111\">\n<p>Specjalistyczny s\u0142ownik termin\u00f3w technicznych<\/p>\n<img src=\"https:\/\/microweave-tex.eu\/wp-content\/uploads\/2026\/03\/Screenshot_112.png\" title=\"Screenshot_112\" alt=\"Screenshot_112\">\n<p>Escape room i \u0107wiczenia praktyczne<\/p>\n<img src=\"https:\/\/microweave-tex.eu\/wp-content\/uploads\/2026\/03\/a-team-of-web-developers-discusses-how-to-best-org-2026-01-07-01-03-05-utc-1024x683-800x350.jpg\" width=\"800\" height=\"350\" title=\"Interaktywne materia\u0142y edukacyjne\" alt=\"Interaktywne materia\u0142y edukacyjne\"> \n \n <h4>Interaktywne materia\u0142y edukacyjne<\/h4> The learning materials include engaging and interactive content using digital tools (Genially), designed to facilitate flexible learning. The e-learning course also encourages students and educators to engage at their own pace.\n<img src=\"https:\/\/microweave-tex.eu\/wp-content\/uploads\/2026\/03\/architectural-team-discussing-site-development-pla-2026-01-08-06-29-13-utc-1024x683-800x350.jpg\" width=\"800\" height=\"350\" title=\"Escape room i \u0107wiczenia praktyczne\" alt=\"Escape room i \u0107wiczenia praktyczne\"> \n \n <h4>Escape room i \u0107wiczenia praktyczne<\/h4> The Escape room is going to be based on experiments regarding microplastics in the textile industry. The practical exercises include visual content (presentation, games, videos, quizzes) to simplify and make complex concepts more accessible.\n<img src=\"https:\/\/microweave-tex.eu\/wp-content\/uploads\/2026\/03\/close-up-of-opened-book-on-wooden-table-education-2026-01-07-00-56-45-utc-1024x683-800x350.jpg\" width=\"800\" height=\"350\" title=\"Specjalistyczny s\u0142ownik termin\u00f3w technicznych\" alt=\"Specjalistyczny s\u0142ownik termin\u00f3w technicznych\"> \n \n <h4>Specjalistyczny s\u0142ownik termin\u00f3w technicznych<\/h4> A multilingual (English, Spanish, Greek, Polish & Lithuanian) glossary integrating sustainability-related terminology, ensuring that students can access the comprehensive definitions of key terms related to microplastics, improving their understanding and communication of key sustainability concepts.\n<a href=\"#\" target=\"_blank\" rel=\"noopener\"> Learning Material <\/a>\n<p style=\"text-align: center;\">*Dost\u0119pne w j\u0119zykach: angielskim, hiszpa\u0144skim, greckim, polskim i litewskim.<\/p>\n","_links":{"self":[{"href":"https:\/\/microweave-tex.eu\/pl\/wp-json\/wp\/v2\/pages\/1213","targetHints":{"allow":["GET"]}}],"collection":[{"href":"https:\/\/microweave-tex.eu\/pl\/wp-json\/wp\/v2\/pages"}],"about":[{"href":"https:\/\/microweave-tex.eu\/pl\/wp-json\/wp\/v2\/types\/page"}],"author":[{"embeddable":true,"href":"https:\/\/microweave-tex.eu\/pl\/wp-json\/wp\/v2\/users\/1"}],"replies":[{"embeddable":true,"href":"https:\/\/microweave-tex.eu\/pl\/wp-json\/wp\/v2\/comments?post=1213"}],"version-history":[{"count":7,"href":"https:\/\/microweave-tex.eu\/pl\/wp-json\/wp\/v2\/pages\/1213\/revisions"}],"predecessor-version":[{"id":1503,"href":"https:\/\/microweave-tex.eu\/pl\/wp-json\/wp\/v2\/pages\/1213\/revisions\/1503"}],"wp:attachment":[{"href":"https:\/\/microweave-tex.eu\/pl\/wp-json\/wp\/v2\/media?parent=1213"}],"curies":[{"name":"wp","href":"https:\/\/api.w.org\/{rel}","templated":true}]}}